{"id":1000,"date":"2024-11-22T15:00:12","date_gmt":"2024-11-22T15:00:12","guid":{"rendered":"https:\/\/testing.almagloriousbeauty.com\/?post_type=product&#038;p=1000"},"modified":"2025-05-03T01:12:21","modified_gmt":"2025-05-03T01:12:21","slug":"4d-high-definition-eyelash-extension","status":"publish","type":"product","link":"https:\/\/testing.almagloriousbeauty.com\/en_ca\/4d-high-definition-eyelash-extension\/","title":{"rendered":"4D HIGH DEFINITION EYELASH EXTENSION"},"content":{"rendered":"<p><span style=\"color: #800080;\"><b>UTILISATION<\/b><\/span><\/p>\n<p><span style=\"font-weight: 400;\">Sur des cils propres, tenez la brosse de mani\u00e8re horizontale et\u00a0 glissez-la des racines aux pointes, rassurez-vous de recouvrir chaque cil. R\u00e9pliquer le mouvement une autre fois afin d\u2019appliquer une seconde couche au besoin. De mani\u00e8re verticale, maintenez la brosse et utilisez la pointe pour s\u00e9parer les cils des coins int\u00e9rieurs et ext\u00e9rieurs. R\u00e9p\u00e9tez cela jusqu\u2019\u00e0 l\u2019obtention du regard souhait\u00e9.<\/span><\/p>\n<p>&nbsp;<\/p>\n<p><span style=\"color: #800080;\"><b>INGR\u00c9DIENTS<\/b><\/span><\/p>\n<p><span style=\"font-weight: 400;\">INCI name, AQUA, COLLAGEN, PROPYLENE GLYCOL, COPERNICIA CERIFERA(CARNAUB) WAX, BEESWAX, STEARIC ACID, ACRYLATES COPOLYMER, NYLON-12, CAPRYLYL GLYCOL, TITANIUM DIOXIDE(CI 77891), IRON OXIDES(CI 77491), IRON OXIDES(CI 77492), IRON OXIDES(CI 77499), BLUE 1 LAKE(CI 42090)<\/span><\/p>","protected":false},"excerpt":{"rendered":"<p><span style=\"font-weight: 400;\">R\u00e9volutionnez votre glorieux regard gr\u00e2ce \u00e0 notre <\/span><span style=\"font-weight: 400;\">4D HIGH DEFINITION EYELASH EXTENSION<\/span><span style=\"font-weight: 400;\">, s<\/span><span style=\"font-weight: 400;\">a formule au complexe Hydra-Collag\u00e8ne est infus\u00e9e de collag\u00e8ne pour \u00e9paissir vos cils et leur donner jusqu&rsquo;\u00e0 20X plus d&rsquo;extension et il est sans grumeaux. Sa brosse est suffisamment \u00e9paisse afin de procurer et ce de fa\u00e7on imm\u00e9diate un glorieux volume \u00e0 vos cils. Il s\u00e9pare et d\u00e9finit les cils, ne forme pas de grumeaux, ne coule pas, ne s\u2019\u00e9caille pas et a une tenue longue tenue. Qu\u2019attendez-vous?<\/span><\/p>","protected":false},"featured_media":1118,"comment_status":"open","ping_status":"closed","template":"","meta":[],"product_brand":[],"product_cat":[67,60],"product_tag":[],"class_list":{"0":"post-1000","1":"product","2":"type-product","3":"status-publish","4":"has-post-thumbnail","6":"product_cat-maquillage-longue-tenue","7":"product_cat-produits-de-beaute-pour-adultes","9":"first","10":"instock","11":"shipping-taxable","12":"purchasable","13":"product-type-simple"},"jetpack_sharing_enabled":true,"_links":{"self":[{"href":"https:\/\/testing.almagloriousbeauty.com\/en_ca\/wp-json\/wp\/v2\/product\/1000","targetHints":{"allow":["GET"]}}],"collection":[{"href":"https:\/\/testing.almagloriousbeauty.com\/en_ca\/wp-json\/wp\/v2\/product"}],"about":[{"href":"https:\/\/testing.almagloriousbeauty.com\/en_ca\/wp-json\/wp\/v2\/types\/product"}],"replies":[{"embeddable":true,"href":"https:\/\/testing.almagloriousbeauty.com\/en_ca\/wp-json\/wp\/v2\/comments?post=1000"}],"wp:featuredmedia":[{"embeddable":true,"href":"https:\/\/testing.almagloriousbeauty.com\/en_ca\/wp-json\/wp\/v2\/media\/1118"}],"wp:attachment":[{"href":"https:\/\/testing.almagloriousbeauty.com\/en_ca\/wp-json\/wp\/v2\/media?parent=1000"}],"wp:term":[{"taxonomy":"product_brand","embeddable":true,"href":"https:\/\/testing.almagloriousbeauty.com\/en_ca\/wp-json\/wp\/v2\/product_brand?post=1000"},{"taxonomy":"product_cat","embeddable":true,"href":"https:\/\/testing.almagloriousbeauty.com\/en_ca\/wp-json\/wp\/v2\/product_cat?post=1000"},{"taxonomy":"product_tag","embeddable":true,"href":"https:\/\/testing.almagloriousbeauty.com\/en_ca\/wp-json\/wp\/v2\/product_tag?post=1000"}],"curies":[{"name":"wp","href":"https:\/\/api.w.org\/{rel}","templated":true}]}}