{"id":1121,"date":"2024-11-23T22:04:23","date_gmt":"2024-11-23T22:04:23","guid":{"rendered":"https:\/\/testing.almagloriousbeauty.com\/?post_type=product&#038;p=1121"},"modified":"2025-05-03T01:10:53","modified_gmt":"2025-05-03T01:10:53","slug":"batana-oil-hair-conditionner","status":"publish","type":"product","link":"https:\/\/testing.almagloriousbeauty.com\/en_ca\/batana-oil-hair-conditionner\/","title":{"rendered":"Esperencia\u2019s Hair Batana Oil Hydrating Conditionner"},"content":{"rendered":"<p><span style=\"color: #800080;\"><b>Utilisation<\/b><\/span><\/p>\n<p><span style=\"font-weight: 400;\">Apr\u00e8s le nettoyage avec le shampooing, essorer doucement l&rsquo;exc\u00e8s d&rsquo;eau des cheveux et appliquez uniform\u00e9ment l&rsquo;apr\u00e8s-shampooing \u00e0 l&rsquo;huile de Batana sur les cheveux. Laisser agir 1 \u00e0 2 minutes. Bien rincer. Pour de meilleurs r\u00e9sultats, poursuivez avec notre masque capillaire.<\/span><\/p>\n<p>&nbsp;<\/p>\n<p><span style=\"color: #800080;\"><b>Ingr\u00e9dients<\/b><\/span><\/p>\n<p><span style=\"font-weight: 400;\">Eau, Cetearyl Alcohol, Behentrimonium Chloride, Orbignya Oleifera Seed Oil, Steartrimonium Chloride, Glyceryl Stearate SE, Methoxy Amodimethicone &#8211; Silsesquioxane, Copolymer, Bis(C13-15 Alkoxy), PG-Amodimethicone, Butyrospermum Parkii (Shea), Parfum , Butter, Dimethiconol, Hydroxyethylcellulose, Methylparaben, Isopropyl Alcohol<\/span><\/p>\n<p><span style=\"font-weight: 400;\">Mentholum, Citric Acid, Hydrolyzed Keratin, Keratin, Magnesium Nitrate, Methylchloroisothiazolinone, Magnesium Chloride, Methylisothiazolinone, Phenoxyethanol.<\/span><\/p>","protected":false},"excerpt":{"rendered":"<p><span style=\"font-weight: 400;\">Nourrissez vos cheveux naturellement; notre Conditionner \u00e0 l\u2019huile de Batana non raffin\u00e9e regorge de vitamines, d\u00e9riv\u00e9es de la noix du palmier d&rsquo;Am\u00e9rique du Sud, fournissant \u00e0 vos cheveux une nourriture naturelle.<\/span><\/p>\n<p><span style=\"font-weight: 400;\">Force et vitalit\u00e9 des cheveux: am\u00e9liorez votre routine de soins capillaires avec notre shampoing \u00e0 l\u2019huile Batana non raffin\u00e9e, connue pour sa capacit\u00e9 \u00e0 renforcer et \u00e0 nourrir les cheveux. Redonnez de la vitalit\u00e9 \u00e0 vos m\u00e8ches tout en contr\u00f4lant la casse des cheveux et favorisez la sant\u00e9 globale des cheveux avec notre solution naturelle.<\/span><\/p>\n<p><span style=\"font-weight: 400;\">Hydratant quotidien polyvalent:Prenez soin de vos cheveux et de votre cuir chevelu quotidiennement avec l&rsquo;huile de Batana comme hydratant. Sa formule l\u00e9g\u00e8re mais profond\u00e9ment p\u00e9n\u00e9trante offre une brillance et une hydratation naturelles, laissant vos cheveux doux, lisse, brillant et facile \u00e0 coiffer lorsque vous combinez tous les \u00e9l\u00e9ments de la gamme. La gamme va venir\u00a0 <\/span><span style=\"font-weight: 400;\">favoriser une croissance saine des cheveux, am\u00e9liorer la texture et la brillance des cheveux, revitaliser les follicules pileux et renforcer les cheveux et r\u00e9duit la casse. Il <\/span><span style=\"font-weight: 400;\">est con\u00e7u pour lisser, adoucir et hydrater en profondeur les cheveux apr\u00e8s le shampooing. Il est particuli\u00e8rement b\u00e9n\u00e9fique pour les cheveux secs, cassants ou ab\u00eem\u00e9s, car il aide \u00e0 fortifier la tige capillaire, \u00e0 r\u00e9duire la casse et \u00e0 favoriser un \u00e9clat sain.<\/span><\/p>","protected":false},"featured_media":1329,"comment_status":"open","ping_status":"closed","template":"","meta":[],"product_brand":[],"product_cat":[60,161],"product_tag":[],"class_list":{"0":"post-1121","1":"product","2":"type-product","3":"status-publish","4":"has-post-thumbnail","6":"product_cat-produits-de-beaute-pour-adultes","7":"product_cat-produits-pour-cheveux-abimes","9":"first","10":"instock","11":"shipping-taxable","12":"purchasable","13":"product-type-simple"},"jetpack_sharing_enabled":true,"_links":{"self":[{"href":"https:\/\/testing.almagloriousbeauty.com\/en_ca\/wp-json\/wp\/v2\/product\/1121","targetHints":{"allow":["GET"]}}],"collection":[{"href":"https:\/\/testing.almagloriousbeauty.com\/en_ca\/wp-json\/wp\/v2\/product"}],"about":[{"href":"https:\/\/testing.almagloriousbeauty.com\/en_ca\/wp-json\/wp\/v2\/types\/product"}],"replies":[{"embeddable":true,"href":"https:\/\/testing.almagloriousbeauty.com\/en_ca\/wp-json\/wp\/v2\/comments?post=1121"}],"wp:featuredmedia":[{"embeddable":true,"href":"https:\/\/testing.almagloriousbeauty.com\/en_ca\/wp-json\/wp\/v2\/media\/1329"}],"wp:attachment":[{"href":"https:\/\/testing.almagloriousbeauty.com\/en_ca\/wp-json\/wp\/v2\/media?parent=1121"}],"wp:term":[{"taxonomy":"product_brand","embeddable":true,"href":"https:\/\/testing.almagloriousbeauty.com\/en_ca\/wp-json\/wp\/v2\/product_brand?post=1121"},{"taxonomy":"product_cat","embeddable":true,"href":"https:\/\/testing.almagloriousbeauty.com\/en_ca\/wp-json\/wp\/v2\/product_cat?post=1121"},{"taxonomy":"product_tag","embeddable":true,"href":"https:\/\/testing.almagloriousbeauty.com\/en_ca\/wp-json\/wp\/v2\/product_tag?post=1121"}],"curies":[{"name":"wp","href":"https:\/\/api.w.org\/{rel}","templated":true}]}}