{"id":1124,"date":"2024-11-23T22:11:59","date_gmt":"2024-11-23T22:11:59","guid":{"rendered":"https:\/\/testing.almagloriousbeauty.com\/?post_type=product&#038;p=1124"},"modified":"2025-06-24T21:31:39","modified_gmt":"2025-06-24T21:31:39","slug":"esperencias-hair-batana-butter-oil","status":"publish","type":"product","link":"https:\/\/testing.almagloriousbeauty.com\/en_ca\/esperencias-hair-batana-butter-oil\/","title":{"rendered":"Esperencia\u2019s Hair Batana Oil Butter"},"content":{"rendered":"<p><span style=\"color: #800080;\"><b>Utilisation<\/b><\/span><\/p>\n<p><span style=\"font-weight: 400;\">Traitement intensif con\u00e7u pour revitaliser et hydrater les cheveux en profondeur. Cette huile miracle aide \u00e0 minimiser la chute des cheveux du cuir chevelu, r\u00e9pare les cheveux ab\u00eem\u00e9s (pointes fourchues) et contribue \u00e9galement \u00e0 la densit\u00e9 et \u00e0 la brillance des cheveux. Mettez-le dans vos paumes de main, frottez et massez sur le cuir chevelu et\/ou les cheveux. portez un capuchon en plastique. laisser agir 20 minutes. Rincer si vous le souhaitez sinon ne rincez pas et coiffez vos cheveux.<\/span><\/p>\n<p>&nbsp;<\/p>\n<p><span style=\"color: #800080;\"><b>Ingr\u00e9dients\u00a0<\/b><\/span><\/p>\n<p><span style=\"font-weight: 400;\">Huile de palme, <\/span><span style=\"font-weight: 400;\">Orbignya Oleifera Seed Oil, C10-18, Triglycerides, Butyrospermum Parkii (Shea) Butter, Tocopherol, Parfum, Argania Spinosa Kernel Oil, CI 26100, CI 42090, CI 47000<\/span><\/p>","protected":false},"excerpt":{"rendered":"<p><span style=\"font-weight: 400;\">Cheveux plus \u00e9pais et plus brillant; notre hair butter \u00e0 l\u2019huile de Batana non raffin\u00e9e regorge de vitamines, d\u00e9riv\u00e9es de la noix du palmier d&rsquo;Am\u00e9rique du Sud, fournissant \u00e0 vos cheveux une nourriture naturelle; les rendant ainsi brillants et \u00e9pais.<\/span><\/p>\n<p><span style=\"font-weight: 400;\">Force et vitalit\u00e9 des cheveux: am\u00e9liorez votre routine de soins capillaires en renfor\u00e7ant et en nourrissant vos cheveux. Redonnez de la vitalit\u00e9 \u00e0 vos m\u00e8ches tout en contr\u00f4lant la casse des cheveux et favorisez la sant\u00e9 globale des cheveux avec notre solution naturelle. R\u00e9pare les cheveux ab\u00eem\u00e9s; revitalise le <\/span><span style=\"font-weight: 400;\">follicule pileux<\/span><\/p>\n<p><span style=\"font-weight: 400;\">Hydratant quotidien polyvalent:Prenez soin de vos cheveux et de votre cuir chevelu quotidiennement avec notre hair butter comme hydratant. Sa formule l\u00e9g\u00e8re mais profond\u00e9ment p\u00e9n\u00e9trante offre une brillance et une hydratation naturelles, laissant vos cheveux doux, lisse, \u00e9pais, brillant et facile \u00e0 coiffer lorsque vous combinez tous les \u00e9l\u00e9ments de la gamme. La gamme va venir\u00a0 <\/span><span style=\"font-weight: 400;\">favoriser une croissance saine des cheveux, am\u00e9liorer la texture et la brillance des cheveux.<\/span><\/p>","protected":false},"featured_media":1328,"comment_status":"open","ping_status":"closed","template":"","meta":[],"product_brand":[],"product_cat":[60,161],"product_tag":[],"class_list":{"0":"post-1124","1":"product","2":"type-product","3":"status-publish","4":"has-post-thumbnail","6":"product_cat-produits-de-beaute-pour-adultes","7":"product_cat-produits-pour-cheveux-abimes","9":"first","10":"instock","11":"shipping-taxable","12":"purchasable","13":"product-type-simple"},"jetpack_sharing_enabled":true,"_links":{"self":[{"href":"https:\/\/testing.almagloriousbeauty.com\/en_ca\/wp-json\/wp\/v2\/product\/1124","targetHints":{"allow":["GET"]}}],"collection":[{"href":"https:\/\/testing.almagloriousbeauty.com\/en_ca\/wp-json\/wp\/v2\/product"}],"about":[{"href":"https:\/\/testing.almagloriousbeauty.com\/en_ca\/wp-json\/wp\/v2\/types\/product"}],"replies":[{"embeddable":true,"href":"https:\/\/testing.almagloriousbeauty.com\/en_ca\/wp-json\/wp\/v2\/comments?post=1124"}],"wp:featuredmedia":[{"embeddable":true,"href":"https:\/\/testing.almagloriousbeauty.com\/en_ca\/wp-json\/wp\/v2\/media\/1328"}],"wp:attachment":[{"href":"https:\/\/testing.almagloriousbeauty.com\/en_ca\/wp-json\/wp\/v2\/media?parent=1124"}],"wp:term":[{"taxonomy":"product_brand","embeddable":true,"href":"https:\/\/testing.almagloriousbeauty.com\/en_ca\/wp-json\/wp\/v2\/product_brand?post=1124"},{"taxonomy":"product_cat","embeddable":true,"href":"https:\/\/testing.almagloriousbeauty.com\/en_ca\/wp-json\/wp\/v2\/product_cat?post=1124"},{"taxonomy":"product_tag","embeddable":true,"href":"https:\/\/testing.almagloriousbeauty.com\/en_ca\/wp-json\/wp\/v2\/product_tag?post=1124"}],"curies":[{"name":"wp","href":"https:\/\/api.w.org\/{rel}","templated":true}]}}