{"id":1125,"date":"2024-11-23T22:23:04","date_gmt":"2024-11-23T22:23:04","guid":{"rendered":"https:\/\/testing.almagloriousbeauty.com\/?post_type=product&#038;p=1125"},"modified":"2025-05-03T01:08:40","modified_gmt":"2025-05-03T01:08:40","slug":"esperencias-hair-batana-hair-oil","status":"publish","type":"product","link":"https:\/\/testing.almagloriousbeauty.com\/en_ca\/esperencias-hair-batana-hair-oil\/","title":{"rendered":"Esperencia\u2019s Hair Batana Oil\u00a0S\u00e9rum"},"content":{"rendered":"<p><span style=\"color: #800080;\"><b>Utilisation<\/b><\/span><\/p>\n<p><span style=\"font-weight: 400;\">Notre s\u00e9rum capillaire \u00e0 l\u2019huile de palme est formul\u00e9 pour fournir une finition l\u00e9g\u00e8re et non grasse qui scelle l&rsquo;humidit\u00e9, lisse la cuticule des cheveux et ajoute une couche protectrice aux cheveux. Il offre un moyen rapide et efficace de g\u00e9rer les frisottis, d&rsquo;am\u00e9liorer la brillance et de prot\u00e9ger contre les dommages environnementaux sans alourdir les cheveux. Appliquez quelques gouttes de s\u00e9rum capillaire \u00e0 l&rsquo;huile de Batana dans votre paume de mains, frottez, puis massez la pointe des cheveux, ou appliquez directement sur le cuir chevelu, utilisez le bout de vos doigts pour masser depuis l&rsquo;avant de votre cuir chevelu.<\/span><\/p>\n<p>&nbsp;<\/p>\n<p><span style=\"color: #800080;\"><b>Ingr\u00e9dients\u00a0<\/b><\/span><\/p>\n<p><span style=\"font-weight: 400;\">C13-14 Isoparaffin, C10-12 Isoparaffin, Dimethicone, Parfum, <\/span><span style=\"font-weight: 400;\">Orbignya Oleifera Seed Oil, Mentholum, CI47000<\/span><\/p>","protected":false},"excerpt":{"rendered":"<p><span style=\"font-weight: 400;\">Nourrissez vos cheveux naturellement; notre shampoing \u00e0 l\u2019huile de Batana non raffin\u00e9e regorge de vitamines, d\u00e9riv\u00e9es de la noix du palmier d&rsquo;Am\u00e9rique du Sud, fournissant \u00e0 vos cheveux une nourriture naturelle.<\/span><\/p>\n<p><span style=\"font-weight: 400;\">Force et vitalit\u00e9 des cheveux: am\u00e9liorez votre routine de soins capillaires avec notre shampoing \u00e0 l\u2019huile Batana non raffin\u00e9e, connue pour sa capacit\u00e9 \u00e0 renforcer et \u00e0 nourrir les cheveux. Redonnez de la vitalit\u00e9 \u00e0 vos m\u00e8ches tout en contr\u00f4lant la casse des cheveux et favorisez la sant\u00e9 globale des cheveux avec notre solution naturelle.<\/span><\/p>\n<p><span style=\"font-weight: 400;\">Hydratant quotidien polyvalent:Prenez soin de vos cheveux et de votre cuir chevelu quotidiennement avec l&rsquo;huile de Batana comme hydratant. Sa formule l\u00e9g\u00e8re mais profond\u00e9ment p\u00e9n\u00e9trante offre une brillance et une hydratation naturelles, laissant vos cheveux doux, lisse, brillant et facile \u00e0 coiffer lorsque vous combinez tous les \u00e9l\u00e9ments de la gamme. La gamme va venir\u00a0 <\/span><span style=\"font-weight: 400;\">favoriser une croissance saine des cheveux, am\u00e9liorer la texture et la brillance des cheveux, revitaliser les follicules pileux et renforcer les cheveux et r\u00e9duit la casse<\/span><\/p>","protected":false},"featured_media":1327,"comment_status":"open","ping_status":"closed","template":"","meta":[],"product_brand":[],"product_cat":[60,161],"product_tag":[],"class_list":{"0":"post-1125","1":"product","2":"type-product","3":"status-publish","4":"has-post-thumbnail","6":"product_cat-produits-de-beaute-pour-adultes","7":"product_cat-produits-pour-cheveux-abimes","9":"first","10":"instock","11":"shipping-taxable","12":"purchasable","13":"product-type-simple"},"jetpack_sharing_enabled":true,"_links":{"self":[{"href":"https:\/\/testing.almagloriousbeauty.com\/en_ca\/wp-json\/wp\/v2\/product\/1125","targetHints":{"allow":["GET"]}}],"collection":[{"href":"https:\/\/testing.almagloriousbeauty.com\/en_ca\/wp-json\/wp\/v2\/product"}],"about":[{"href":"https:\/\/testing.almagloriousbeauty.com\/en_ca\/wp-json\/wp\/v2\/types\/product"}],"replies":[{"embeddable":true,"href":"https:\/\/testing.almagloriousbeauty.com\/en_ca\/wp-json\/wp\/v2\/comments?post=1125"}],"wp:featuredmedia":[{"embeddable":true,"href":"https:\/\/testing.almagloriousbeauty.com\/en_ca\/wp-json\/wp\/v2\/media\/1327"}],"wp:attachment":[{"href":"https:\/\/testing.almagloriousbeauty.com\/en_ca\/wp-json\/wp\/v2\/media?parent=1125"}],"wp:term":[{"taxonomy":"product_brand","embeddable":true,"href":"https:\/\/testing.almagloriousbeauty.com\/en_ca\/wp-json\/wp\/v2\/product_brand?post=1125"},{"taxonomy":"product_cat","embeddable":true,"href":"https:\/\/testing.almagloriousbeauty.com\/en_ca\/wp-json\/wp\/v2\/product_cat?post=1125"},{"taxonomy":"product_tag","embeddable":true,"href":"https:\/\/testing.almagloriousbeauty.com\/en_ca\/wp-json\/wp\/v2\/product_tag?post=1125"}],"curies":[{"name":"wp","href":"https:\/\/api.w.org\/{rel}","templated":true}]}}