{"id":1126,"date":"2024-11-23T22:25:32","date_gmt":"2024-11-23T22:25:32","guid":{"rendered":"https:\/\/testing.almagloriousbeauty.com\/?post_type=product&#038;p=1126"},"modified":"2025-05-03T01:08:15","modified_gmt":"2025-05-03T01:08:15","slug":"batana-oil-hair-shampoo","status":"publish","type":"product","link":"https:\/\/testing.almagloriousbeauty.com\/en_ca\/batana-oil-hair-shampoo\/","title":{"rendered":"Esperencia\u2019s Hair Batana Oil Hydrating Shampoo"},"content":{"rendered":"<p><span style=\"color: #800080;\"><b>Utilisation<\/b><\/span><\/p>\n<p><span style=\"font-weight: 400;\">Il est con\u00e7u pour nettoyer les cheveux tout en leur procurant des effets revitalisants en profondeur. Il convient aux personnes ayant les cheveux secs, ab\u00eem\u00e9s ou clairsem\u00e9s, car il aide \u00e0 hydrater, renforcer et restaurer l&rsquo;\u00e9clat naturel des cheveux.<\/span><\/p>\n<p><span style=\"font-weight: 400;\">Prenez une quantit\u00e9 appropri\u00e9e de notre shampoing \u00e0 l\u2019huile de Batana et sur cheveux mouill\u00e9s, r\u00e9partissez une quantit\u00e9 suffisante et avec des mouvements circulaires, massez doucement et d\u00e9licatement vos cheveux puis rincez abondamment; R\u00e9p\u00e9tez au besoin. En rin\u00e7ant, veillez \u00e0 ce que l&rsquo;eau s&rsquo;\u00e9coule sur les longueurs afin de bien enlever toutes les impuret\u00e9s. Pour de meilleurs r\u00e9sultats, poursuivez avec notre Conditionner.<\/span><\/p>\n<p>&nbsp;<\/p>\n<p><span style=\"color: #800080;\"><b>Ingr\u00e9dients<\/b><\/span><\/p>\n<p><span style=\"font-weight: 400;\">Eau, sodium C14-16 Olefin Sulfonate, Cocamidopropyl, Betaine, Sodium Laureth-6 Carboxylate, Laureth-6 Carboxylate Acide, Glyc\u00e9rine, Sodium Taurine Cocoyl, Methyl Taurate, Cocamide MEA, Cocamide DEA, Glycol, Distearate, Orbignya Oleifera Seed Oil, Behenamidopropyl PG-Dimonium Chloride, Guar Hydroxypropyltrimonium, Chloride, Panthenol, Parfum, Methylparaben, Mentholum, Disodium EDTA, Sodium Chloride, Citric Acid, Magnesium Nitrate, Methylchloroisothiazolinone, Magnesium Chloride,<\/span><\/p>\n<p><span style=\"font-weight: 400;\">Methylisothiazolinone<\/span><\/p>","protected":false},"excerpt":{"rendered":"<p><span style=\"font-weight: 400;\">Nourrissez vos cheveux naturellement; notre shampoo \u00e0 l\u2019huile de Batana non raffin\u00e9e regorge de vitamines, d\u00e9riv\u00e9es de la noix du palmier d&rsquo;Am\u00e9rique du Sud, fournissant \u00e0 vos cheveux une nourriture naturelle.<\/span><\/p>\n<p><span style=\"font-weight: 400;\">Force et vitalit\u00e9 des cheveux: am\u00e9liorez votre routine de soins capillaires avec notre shampoing \u00e0 l\u2019huile Batana non raffin\u00e9e, connue pour sa capacit\u00e9 \u00e0 renforcer et \u00e0 nourrir les cheveux. Redonnez de la vitalit\u00e9 \u00e0 vos m\u00e8ches tout en contr\u00f4lant la casse des cheveux et favorisez la sant\u00e9 globale des cheveux avec notre solution naturelle.<\/span><\/p>\n<p><span style=\"font-weight: 400;\">Hydratant quotidien polyvalent:Prenez soin de vos cheveux et de votre cuir chevelu quotidiennement avec l&rsquo;huile de Batana comme hydratant. Sa formule l\u00e9g\u00e8re mais profond\u00e9ment p\u00e9n\u00e9trante offre une brillance et une hydratation naturelles, laissant vos cheveux doux, lisse, brillant et facile \u00e0 coiffer lorsque vous combinez tous les \u00e9l\u00e9ments de la gamme. La gamme va venir\u00a0 <\/span><span style=\"font-weight: 400;\">favoriser une croissance saine des cheveux, am\u00e9liorer la texture et la brillance des cheveux, revitaliser les follicules pileux et renforcer les cheveux et r\u00e9duit la casse.<\/span><\/p>","protected":false},"featured_media":1331,"comment_status":"open","ping_status":"closed","template":"","meta":[],"product_brand":[],"product_cat":[60,161],"product_tag":[],"class_list":{"0":"post-1126","1":"product","2":"type-product","3":"status-publish","4":"has-post-thumbnail","6":"product_cat-produits-de-beaute-pour-adultes","7":"product_cat-produits-pour-cheveux-abimes","9":"first","10":"instock","11":"shipping-taxable","12":"purchasable","13":"product-type-simple"},"jetpack_sharing_enabled":true,"_links":{"self":[{"href":"https:\/\/testing.almagloriousbeauty.com\/en_ca\/wp-json\/wp\/v2\/product\/1126","targetHints":{"allow":["GET"]}}],"collection":[{"href":"https:\/\/testing.almagloriousbeauty.com\/en_ca\/wp-json\/wp\/v2\/product"}],"about":[{"href":"https:\/\/testing.almagloriousbeauty.com\/en_ca\/wp-json\/wp\/v2\/types\/product"}],"replies":[{"embeddable":true,"href":"https:\/\/testing.almagloriousbeauty.com\/en_ca\/wp-json\/wp\/v2\/comments?post=1126"}],"wp:featuredmedia":[{"embeddable":true,"href":"https:\/\/testing.almagloriousbeauty.com\/en_ca\/wp-json\/wp\/v2\/media\/1331"}],"wp:attachment":[{"href":"https:\/\/testing.almagloriousbeauty.com\/en_ca\/wp-json\/wp\/v2\/media?parent=1126"}],"wp:term":[{"taxonomy":"product_brand","embeddable":true,"href":"https:\/\/testing.almagloriousbeauty.com\/en_ca\/wp-json\/wp\/v2\/product_brand?post=1126"},{"taxonomy":"product_cat","embeddable":true,"href":"https:\/\/testing.almagloriousbeauty.com\/en_ca\/wp-json\/wp\/v2\/product_cat?post=1126"},{"taxonomy":"product_tag","embeddable":true,"href":"https:\/\/testing.almagloriousbeauty.com\/en_ca\/wp-json\/wp\/v2\/product_tag?post=1126"}],"curies":[{"name":"wp","href":"https:\/\/api.w.org\/{rel}","templated":true}]}}