{"id":1142,"date":"2024-11-24T05:56:23","date_gmt":"2024-11-24T05:56:23","guid":{"rendered":"https:\/\/testing.almagloriousbeauty.com\/?post_type=product&#038;p=1142"},"modified":"2025-06-21T02:26:44","modified_gmt":"2025-06-21T02:26:44","slug":"perfect-glorious-glow-honey-soap","status":"publish","type":"product","link":"https:\/\/testing.almagloriousbeauty.com\/en_ca\/perfect-glorious-glow-honey-soap\/","title":{"rendered":"Perfect GLORIOUS GLOW Honey Soap"},"content":{"rendered":"<p><span style=\"color: #800080;\"><b>Utilisation<\/b><\/span><\/p>\n<p><span style=\"font-weight: 400;\">Mouillez la partie \u00e0 nettoyer, s\u2019il s\u2019agit de votre visage, faites mousser votre PERFECT <\/span><span style=\"font-weight: 400;\">GLORIOUS GLOW HONEY SOAP<\/span><span style=\"font-weight: 400;\"> dans votre paume de main et utilisez cette mousse pour l\u2019appliquer avec douceur sur votre visage puis rincez. Pour ce qui est du reste du corps d\u00e9j\u00e0 humidifi\u00e9 par de l\u2019eau, vous pouvez frotter votre savon le long du reste du corps et gr\u00e2ce \u00e0 votre gant exfoliant corporel, appliquez des mouvements circulaires puis rincez.<\/span><\/p>\n<p>&nbsp;<\/p>\n<p><span style=\"color: #800080;\"><b>Ingr\u00e9dients et effets<\/b><\/span><\/p>\n<p><span style=\"font-weight: 400;\">Miel de Manuka: anti bact\u00e9rien, anti-inflammatoires, antioxydant et hydratant.<\/span><\/p>\n<p><span style=\"font-weight: 400;\">Huile de jojoba: <\/span><span style=\"font-weight: 400;\">apaisante et r\u00e9paratrice, elle prot\u00e8ge la peau de la d\u00e9shydratation et ralentit la perte en eau.<\/span><\/p>\n<p><span style=\"font-weight: 400;\">Beurre de karit\u00e9: <\/span><span style=\"font-weight: 400;\">Votre peau est rugueuse? Fendill\u00e9e? Ne vous inqui\u00e9tez plus et optez pour cette gamme\u00a0 cet actif nourrissant saura p\u00e9n\u00e9trer les peaux les plus rugueuses afin d\u2019augmenter la r\u00e9tention en eau et r\u00e9duire la d\u00e9shydratation de la peau\u00a0<\/span><\/p>\n<p><span style=\"font-weight: 400;\">Huile de coco: <\/span><span style=\"font-weight: 400;\">apaisante, purifiante, antibact\u00e9rienne, hydratante, adoucissante, assouplissante.<\/span><\/p>\n<p><span style=\"font-weight: 400;\">Huile de palme: <\/span><span style=\"font-weight: 400;\">Oh waouh elle n\u2019est pas juste utilis\u00e9e dans la plupart des plats Africain, mais aussi en cosm\u00e9tique car tr\u00e8s efficace autant \u00e0 l\u2019int\u00e9rieur qu\u2019\u00e0 l\u2019ext\u00e9rieur du corps. En plus d\u2019\u00eatre r\u00e9paratrice, elle est nourrissante, apaisante, protectrice riche en om\u00e9ga 3, 6, 9; elle contient des lycop\u00e8nes qui captent les radicaux libres. Elle aide \u00e0 lutter contre le vieillissement de la peau; on peut donc ais\u00e9ment comprendre pourquoi certains a\u00een\u00e9s vivant dans les r\u00e9gions fra\u00eeches d\u2019Afrique utilisent cette huile comme lait corporel.<\/span><\/p>\n<p><span style=\"font-weight: 400;\">Huile de carthame:Riche en acide ol\u00e9ique et linol\u00e9ique, ces derniers vont nourrir et hydrater la peau la laissant lisse, douce et souple; apaise les irritations et les rougeurs.\u00a0<\/span><\/p>\n<p><span style=\"font-weight: 400;\">Glyc\u00e9rine: <\/span><span style=\"font-weight: 400;\">Hydratante, elle rend la peau douce, lisse et fra\u00eeche<\/span><\/p>\n<p><span style=\"font-weight: 400;\">Sorbitol: <\/span><span style=\"font-weight: 400;\">hydrate et lisse la peau<\/span><\/p>\n<p><span style=\"font-weight: 400;\">Ol\u00e9ate de sorbitane: Am\u00e9liore l\u2019\u00e9quilibre hydrique de la peau<\/span><\/p>\n<p><span style=\"font-weight: 400;\">Prot\u00e9ine d&rsquo;avoine: R\u00e9pare la peau, r\u00e9duit les d\u00e9mangeaisons, r\u00e9gule l\u2019inflammation<\/span><\/p>","protected":false},"excerpt":{"rendered":"<p><span style=\"font-weight: 400;\">Le miel de Manuka contient une substance antibact\u00e9rienne active unique-l&rsquo;UMF (Unique Manuka Factor), qui a de puissants effets antibact\u00e9riens et antioxydants. cet ingr\u00e9dient phare viendra apporter un bienfait extr\u00eame \u00e0 <\/span><span style=\"font-weight: 400;\">votre peau du visage et du corps; les ingr\u00e9dients naturels et nourrissants de notre Honey Soap vont nettoyer votre peau en douceur sans l\u2019ass\u00e9cher tout en lui procurant un <\/span><span style=\"font-weight: 400;\">\u00e9claircissement naturel; alors en plus de cela, permettez \u00e0 votre peau de b\u00e9n\u00e9ficier des bienfaits suivants:<\/span><\/p>\n<ul>\n<li style=\"font-weight: 400;\" aria-level=\"1\"><span style=\"font-weight: 400;\">Anti-\u00e2ge<\/span><\/li>\n<li style=\"font-weight: 400;\" aria-level=\"1\"><span style=\"font-weight: 400;\">Embellissement<\/span><\/li>\n<li style=\"font-weight: 400;\" aria-level=\"1\"><span style=\"font-weight: 400;\">Traitement de l\u2019hyperpigmentation<\/span><\/li>\n<li style=\"font-weight: 400;\" aria-level=\"1\"><span style=\"font-weight: 400;\">Nettoyage en profondeur<\/span><\/li>\n<li style=\"font-weight: 400;\" aria-level=\"1\"><span style=\"font-weight: 400;\">Hydratant<\/span><\/li>\n<li style=\"font-weight: 400;\" aria-level=\"1\"><span style=\"font-weight: 400;\">Am\u00e9lioration de la texture de la peau<\/span><\/li>\n<\/ul>\n<p><span style=\"font-weight: 400;\">Note: Tous nos produits sont autant pour les hommes que pour les femmes et conviennent \u00e0 tous types de peau<\/span><\/p>","protected":false},"featured_media":1143,"comment_status":"open","ping_status":"closed","template":"","meta":[],"product_brand":[],"product_cat":[60,162,65],"product_tag":[],"class_list":{"0":"post-1142","1":"product","2":"type-product","3":"status-publish","4":"has-post-thumbnail","6":"product_cat-produits-de-beaute-pour-adultes","7":"product_cat-savons-naturels-pour-tous-types-de-peaux","8":"product_cat-creme-nourrissante-pour-le-corps","10":"first","11":"instock","12":"shipping-taxable","13":"purchasable","14":"product-type-simple"},"jetpack_sharing_enabled":true,"_links":{"self":[{"href":"https:\/\/testing.almagloriousbeauty.com\/en_ca\/wp-json\/wp\/v2\/product\/1142","targetHints":{"allow":["GET"]}}],"collection":[{"href":"https:\/\/testing.almagloriousbeauty.com\/en_ca\/wp-json\/wp\/v2\/product"}],"about":[{"href":"https:\/\/testing.almagloriousbeauty.com\/en_ca\/wp-json\/wp\/v2\/types\/product"}],"replies":[{"embeddable":true,"href":"https:\/\/testing.almagloriousbeauty.com\/en_ca\/wp-json\/wp\/v2\/comments?post=1142"}],"wp:featuredmedia":[{"embeddable":true,"href":"https:\/\/testing.almagloriousbeauty.com\/en_ca\/wp-json\/wp\/v2\/media\/1143"}],"wp:attachment":[{"href":"https:\/\/testing.almagloriousbeauty.com\/en_ca\/wp-json\/wp\/v2\/media?parent=1142"}],"wp:term":[{"taxonomy":"product_brand","embeddable":true,"href":"https:\/\/testing.almagloriousbeauty.com\/en_ca\/wp-json\/wp\/v2\/product_brand?post=1142"},{"taxonomy":"product_cat","embeddable":true,"href":"https:\/\/testing.almagloriousbeauty.com\/en_ca\/wp-json\/wp\/v2\/product_cat?post=1142"},{"taxonomy":"product_tag","embeddable":true,"href":"https:\/\/testing.almagloriousbeauty.com\/en_ca\/wp-json\/wp\/v2\/product_tag?post=1142"}],"curies":[{"name":"wp","href":"https:\/\/api.w.org\/{rel}","templated":true}]}}