{"id":1144,"date":"2024-11-24T06:10:57","date_gmt":"2024-11-24T06:10:57","guid":{"rendered":"https:\/\/testing.almagloriousbeauty.com\/?post_type=product&#038;p=1144"},"modified":"2025-06-21T02:26:38","modified_gmt":"2025-06-21T02:26:38","slug":"perfect-glorious-glow-oil-2","status":"publish","type":"product","link":"https:\/\/testing.almagloriousbeauty.com\/en_ca\/perfect-glorious-glow-oil-2\/","title":{"rendered":"PERFECT GLORIOUS GLOW ARBUTIN OIL"},"content":{"rendered":"<p><span style=\"color: #800080;\"><b>Utilisation<\/b><\/span><\/p>\n<p><span style=\"font-weight: 400;\">Sur une peau nettoy\u00e9e, prenez la quantit\u00e9 appropri\u00e9e d&rsquo;huile essentielle, environ 5 \u00e0 10 ml \u00e0 chaque fois, frotter dans votre paume de main et effectuez un massage sur votre glorieux corps avec des mouvements circulaires<\/span><\/p>\n<p>&nbsp;<\/p>\n<p><span style=\"color: #800080;\"><b>Ingr\u00e9dients\u00a0<\/b><\/span><\/p>\n<p><span style=\"font-weight: 400;\">Olive Oil, Grapeseed Oil, Arbutin Extract, Licorice Root Extract, Hyaluronic Acid, Vitamin E.<\/span><\/p>","protected":false},"excerpt":{"rendered":"<p><span style=\"font-weight: 400;\">Compos\u00e9 principalement d\u2019extrait d\u2019Arbutin, d\u2019acide hyaluronique et de Vitamine E, notre huile essentielle visage et corps Perfect Glorious Glow Oil saura vous apporter un glow d\u00e9passant vos attentes:\u00a0<\/span><\/p>\n<ul>\n<li><span style=\"font-weight: 400;\">hydratation et adoucissement en profondeur<\/span><\/li>\n<li><span style=\"font-weight: 400;\">R\u00e9paration de la peau<\/span><\/li>\n<li><span style=\"font-weight: 400;\">Teint uniforme<\/span><\/li>\n<li><span style=\"font-weight: 400;\">Pr\u00e9vention des rides et \u00e9claircissement du teint, anti-\u00e2ge, anti-t\u00e2ches sombres<\/span><\/li>\n<li><span style=\"font-weight: 400;\">Resserre et nourrit la peau de l&rsquo;int\u00e9rieur<\/span><\/li>\n<li><span style=\"font-weight: 400;\">Exfoliation de l\u2019\u00e9piderme et m\u00eame des peaux \u00e9paisses<\/span><\/li>\n<\/ul>","protected":false},"featured_media":1145,"comment_status":"open","ping_status":"closed","template":"","meta":[],"product_brand":[],"product_cat":[163,60],"product_tag":[],"class_list":{"0":"post-1144","1":"product","2":"type-product","3":"status-publish","4":"has-post-thumbnail","6":"product_cat-huile-corporelle","7":"product_cat-produits-de-beaute-pour-adultes","9":"first","10":"instock","11":"shipping-taxable","12":"purchasable","13":"product-type-simple"},"jetpack_sharing_enabled":true,"_links":{"self":[{"href":"https:\/\/testing.almagloriousbeauty.com\/en_ca\/wp-json\/wp\/v2\/product\/1144","targetHints":{"allow":["GET"]}}],"collection":[{"href":"https:\/\/testing.almagloriousbeauty.com\/en_ca\/wp-json\/wp\/v2\/product"}],"about":[{"href":"https:\/\/testing.almagloriousbeauty.com\/en_ca\/wp-json\/wp\/v2\/types\/product"}],"replies":[{"embeddable":true,"href":"https:\/\/testing.almagloriousbeauty.com\/en_ca\/wp-json\/wp\/v2\/comments?post=1144"}],"wp:featuredmedia":[{"embeddable":true,"href":"https:\/\/testing.almagloriousbeauty.com\/en_ca\/wp-json\/wp\/v2\/media\/1145"}],"wp:attachment":[{"href":"https:\/\/testing.almagloriousbeauty.com\/en_ca\/wp-json\/wp\/v2\/media?parent=1144"}],"wp:term":[{"taxonomy":"product_brand","embeddable":true,"href":"https:\/\/testing.almagloriousbeauty.com\/en_ca\/wp-json\/wp\/v2\/product_brand?post=1144"},{"taxonomy":"product_cat","embeddable":true,"href":"https:\/\/testing.almagloriousbeauty.com\/en_ca\/wp-json\/wp\/v2\/product_cat?post=1144"},{"taxonomy":"product_tag","embeddable":true,"href":"https:\/\/testing.almagloriousbeauty.com\/en_ca\/wp-json\/wp\/v2\/product_tag?post=1144"}],"curies":[{"name":"wp","href":"https:\/\/api.w.org\/{rel}","templated":true}]}}