{"id":1146,"date":"2024-11-24T07:05:35","date_gmt":"2024-11-24T07:05:35","guid":{"rendered":"https:\/\/testing.almagloriousbeauty.com\/?post_type=product&#038;p=1146"},"modified":"2025-05-03T01:06:22","modified_gmt":"2025-05-03T01:06:22","slug":"glorious-glow-night-cream-anti-acne","status":"publish","type":"product","link":"https:\/\/testing.almagloriousbeauty.com\/en_ca\/glorious-glow-night-cream-anti-acne\/","title":{"rendered":"GLORIOUS GLOW NIGHT CREAM ANTI-ACNE"},"content":{"rendered":"<p><span style=\"color: #800080;\"><b>Utilisation<\/b><\/span><\/p>\n<p><span style=\"font-weight: 400;\">Une fois votre visage nettoy\u00e9 avec notre Glorious Glow Soap et le Glorious Glow Serum appliqu\u00e9, il est maintenant temps d\u2019appliquer notre magnifique Glorious Glow Salicylic Acid Acne Cream en pr\u00e9parant la peau du visage et du cou en trois \u00e9tapes simples:<\/span><\/p>\n<ul>\n<li style=\"font-weight: 400;\" aria-level=\"1\"><span style=\"font-weight: 400; color: #800080;\">\u00c9tape 1: Chauffer<\/span><\/li>\n<\/ul>\n<p><span style=\"font-weight: 400;\">Pr\u00e9levez une petite quantit\u00e9 de cr\u00e8me, l\u2019\u00e9quivalent de deux noisettes, frottez-la dans vos paumes de mains pendant environ 5 secondes; le but \u00e9tant de mettre la cr\u00e8me \u00e0 la m\u00eame temp\u00e9rature que celle de votre peau afin qu\u2019elle ait un effet imm\u00e9diat.<\/span><\/p>\n<ul>\n<li style=\"font-weight: 400;\" aria-level=\"1\"><span style=\"font-weight: 400; color: #800080;\">\u00c9tape 2: L\u2019effleurage<\/span><\/li>\n<\/ul>\n<p><span style=\"font-weight: 400;\">Prenez vos mains, et avec la pression de ces derni\u00e8res, r\u00e9partir et ce de mani\u00e8re uniforme la cr\u00e8me sur le visage et le cou en mouvement de lissage l\u00e9ger avec beaucoup de douceur et ce pendant une dizaine de secondes.<\/span><\/p>\n<ul>\n<li style=\"font-weight: 400;\" aria-level=\"1\"><span style=\"font-weight: 400; color: #800080;\">\u00c9tape 3: Pressions appuy\u00e9es<\/span><\/li>\n<\/ul>\n<p><span style=\"font-weight: 400;\">On va se servir de la m\u00e9thode de drainage par pression afin d\u2019appliquer sur la peau du visage et du d\u00e9collet\u00e9 des pressions circulaires et ce \u00e0 l\u2019aide des doigts et de la paume des mains cela permettra de redonner de l\u2019\u00e9clat au teint tout en stimulant la circulation en pr\u00e9servant la fermet\u00e9 de votre peau. Pour ce qui est du visage, ce sera de la ligne m\u00e9diane vers l\u2019ext\u00e9rieur et pour le cou, toujours de haut en bas. Nous allons r\u00e9p\u00e9ter ce mouvement trois fois sur les joues, trois fois sur le front et cinq fois sur le cou et le d\u00e9collet\u00e9; cela permettra aussi au SFP50 de p\u00e9n\u00e9trer intens\u00e9ment afin de vous prot\u00e9ger du soleil tout au long de la journ\u00e9e.<\/span><\/p>\n<p>&nbsp;<\/p>\n<p><span style=\"color: #800080;\"><b>Ingr\u00e9dients et effets:<\/b><\/span><\/p>\n<p><span style=\"font-weight: 400;\">Glyc\u00e9rine: <\/span><span style=\"font-weight: 400;\">Hydratante, elle rend la peau douce, lisse et fra\u00eeche<\/span><\/p>\n<p><span style=\"font-weight: 400;\">Vitamine C: <\/span><span style=\"font-weight: 400;\">R\u00e9duit l\u2019apparence des rides en neutralisant les radicaux libres, am\u00e9liore l\u2019\u00e9lasticit\u00e9 de la peau et att\u00e9nue les t\u00e2ches pigmentaires\u00a0<\/span><\/p>\n<p><span style=\"font-weight: 400;\">Vitamine E: <\/span><span style=\"font-weight: 400;\">Renforce la barri\u00e8re cutan\u00e9e de la peau, effet hydratant, protection contre les d\u00e9g\u00e2ts des radicaux libres, agit sur l\u2019hyperpigmentation et prot\u00e8ge des expositions au soleil.<\/span><\/p>\n<p><span style=\"font-weight: 400;\">VITAMINE B5: <\/span><span style=\"font-weight: 400;\">humectant qui attire l&rsquo;humidit\u00e9 vers la peau; \u00e9mollient qui aide \u00e0 retenir l&rsquo;humidit\u00e9 dans la peau. La combinaison de ces propri\u00e9t\u00e9s aide \u00e0 cr\u00e9er un produit profond\u00e9ment hydratant; gardant la peau douce, lisse et am\u00e9liorant son \u00e9lasticit\u00e9 tout en favorisant les processus de gu\u00e9rison de la peau.<\/span><\/p>\n<p><span style=\"font-weight: 400;\">Acide salicylique: <\/span><span style=\"font-weight: 400;\">inhibe la croissance des bact\u00e9ries, des champignons et virus \u00e0 la surface de la peau; stoppe particuli\u00e8rement la prolif\u00e9ration de la Cutibacterium acnes qui est \u00e0 l\u2019origine des r\u00e9actions inflammatoires de l\u2019acn\u00e9, visibles sous formes de papules et de pustules que nous appelons commun\u00e9ment boutons.<\/span><\/p>\n<p><span style=\"font-weight: 400;\">Xanthan Gum: Cr\u00e9e une couche semblable \u00e0 un bouclier \u00e0 la surface de la peau afin de l\u2019aider \u00e0 retenir l\u2019humidit\u00e9 et \u00e0 arr\u00eater la perte d\u2019eau qui peut entra\u00eener une s\u00e9cheresse et une d\u00e9shydratation.<\/span><\/p>","protected":false},"excerpt":{"rendered":"<p><span style=\"font-weight: 400;\">Texture douce et d\u00e9licate, notre cr\u00e8me de nuit hydrate la peau pendant l&rsquo;application, contient de l&rsquo;acide salicylique macromol\u00e9culaire et d&rsquo;autres ingr\u00e9dients r\u00e9parateurs de l&rsquo;acn\u00e9. Conditionne l\u00e9g\u00e8rement la peau, le rafra\u00eechissement et le contr\u00f4le de l&rsquo;huile, \u00e9limine l&rsquo;acn\u00e9, m\u00e9tabolise les vieilles peaux mortes, am\u00e9liore les inconforts caus\u00e9s par l&rsquo;acn\u00e9, rend la peau plus d\u00e9licate et plus lisse. <\/span><span style=\"font-weight: 400;\">Organique, Vegan, Sans Sulfate, Sans parfum, Sans Silicone, Sans Paraben, Sans cruaut\u00e9.<\/span><\/p>","protected":false},"featured_media":1147,"comment_status":"open","ping_status":"closed","template":"","meta":[],"product_brand":[],"product_cat":[60,65],"product_tag":[],"class_list":{"0":"post-1146","1":"product","2":"type-product","3":"status-publish","4":"has-post-thumbnail","6":"product_cat-produits-de-beaute-pour-adultes","7":"product_cat-creme-nourrissante-pour-le-corps","9":"first","10":"instock","11":"shipping-taxable","12":"purchasable","13":"product-type-simple"},"jetpack_sharing_enabled":true,"_links":{"self":[{"href":"https:\/\/testing.almagloriousbeauty.com\/en_ca\/wp-json\/wp\/v2\/product\/1146","targetHints":{"allow":["GET"]}}],"collection":[{"href":"https:\/\/testing.almagloriousbeauty.com\/en_ca\/wp-json\/wp\/v2\/product"}],"about":[{"href":"https:\/\/testing.almagloriousbeauty.com\/en_ca\/wp-json\/wp\/v2\/types\/product"}],"replies":[{"embeddable":true,"href":"https:\/\/testing.almagloriousbeauty.com\/en_ca\/wp-json\/wp\/v2\/comments?post=1146"}],"wp:featuredmedia":[{"embeddable":true,"href":"https:\/\/testing.almagloriousbeauty.com\/en_ca\/wp-json\/wp\/v2\/media\/1147"}],"wp:attachment":[{"href":"https:\/\/testing.almagloriousbeauty.com\/en_ca\/wp-json\/wp\/v2\/media?parent=1146"}],"wp:term":[{"taxonomy":"product_brand","embeddable":true,"href":"https:\/\/testing.almagloriousbeauty.com\/en_ca\/wp-json\/wp\/v2\/product_brand?post=1146"},{"taxonomy":"product_cat","embeddable":true,"href":"https:\/\/testing.almagloriousbeauty.com\/en_ca\/wp-json\/wp\/v2\/product_cat?post=1146"},{"taxonomy":"product_tag","embeddable":true,"href":"https:\/\/testing.almagloriousbeauty.com\/en_ca\/wp-json\/wp\/v2\/product_tag?post=1146"}],"curies":[{"name":"wp","href":"https:\/\/api.w.org\/{rel}","templated":true}]}}