{"id":1155,"date":"2024-11-24T21:12:02","date_gmt":"2024-11-24T21:12:02","guid":{"rendered":"https:\/\/testing.almagloriousbeauty.com\/?post_type=product&#038;p=1155"},"modified":"2026-01-16T11:13:45","modified_gmt":"2026-01-16T11:13:45","slug":"esperencias-hair","status":"publish","type":"product","link":"https:\/\/testing.almagloriousbeauty.com\/en_ca\/esperencias-hair\/","title":{"rendered":"Esperencia&rsquo;s Hair"},"content":{"rendered":"<p><span style=\"font-weight: 400;\">Vous avez tout essay\u00e9 sans succ\u00e8s alors, essayez notre gamme compl\u00e8te Esperencia&rsquo;s Hair By <a href=\"https:\/\/pin.it\/2sfnx8L7M\" target=\"_blank\" rel=\"noopener\">Alma Glorious Beauty<\/a><\/span><\/p>\n<p><span style=\"font-weight: 400;\">&#8211; Anti-chute<\/span><\/p>\n<p><span style=\"font-weight: 400;\">&#8211; Anti-pelliculaire<\/span><\/p>\n<p><span style=\"font-weight: 400;\">&#8211; \u00c9clat<\/span><\/p>\n<p><span style=\"font-weight: 400;\">&#8211; Croissance des cheveux<\/span><\/p>\n<p><span style=\"font-weight: 400;\">&#8211; Contr\u00f4le de la casse<\/span><\/p>\n<p><span style=\"font-weight: 400;\">&#8211; Nettoyage en profondeur et sant\u00e9 du cuir chevelu<\/span><\/p>\n<p><span style=\"font-weight: 400;\">&#8211; Hydratation<\/span><\/p>\n<p><span style=\"font-weight: 400;\">&#8211; Force et vitalit\u00e9<\/span><\/p>\n<p><span style=\"font-weight: 400;\">&#8211; Renforcement et \u00e9paississement<\/span><\/p>\n<p><span style=\"font-weight: 400;\">M\u00eame la chevelure a besoin de se nourrir alors quoi de mieux que notre set d&rsquo;huile de BATANA, <\/span><span style=\"font-weight: 400;\">Formule naturelle \u00e0 base de plantes, prend soin des cheveux en douceur sans effet secondaire, nourrit et r\u00e9pare les cheveux. Permet de se d\u00e9barrasser des cheveux en mauvaise sant\u00e9, apporte des cheveux doux, brillants et lisses.<\/span><\/p>","protected":false},"excerpt":{"rendered":"<p><span style=\"font-weight: 400;\">Cr\u00e9pu, fris\u00e9 ou boucl\u00e9, le cheveu regorge d&rsquo;une \u00e9norme beaut\u00e9; mais pas toujours facile de l&rsquo;entretenir ce qui peut causer de la cassure, des chutes, de la s\u00e9cheresse et bien d&rsquo;autres.<\/span><\/p>","protected":false},"featured_media":1325,"comment_status":"open","ping_status":"closed","template":"","meta":[],"product_brand":[],"product_cat":[60,161],"product_tag":[193,192,191],"class_list":{"0":"post-1155","1":"product","2":"type-product","3":"status-publish","4":"has-post-thumbnail","6":"product_cat-produits-de-beaute-pour-adultes","7":"product_cat-produits-pour-cheveux-abimes","8":"product_tag-renforcement-des-cheveux","9":"product_tag-revitalisation-capillaire","10":"product_tag-soin-capillaire-nourrissant","12":"first","13":"instock","14":"shipping-taxable","15":"purchasable","16":"product-type-simple"},"jetpack_sharing_enabled":true,"_links":{"self":[{"href":"https:\/\/testing.almagloriousbeauty.com\/en_ca\/wp-json\/wp\/v2\/product\/1155","targetHints":{"allow":["GET"]}}],"collection":[{"href":"https:\/\/testing.almagloriousbeauty.com\/en_ca\/wp-json\/wp\/v2\/product"}],"about":[{"href":"https:\/\/testing.almagloriousbeauty.com\/en_ca\/wp-json\/wp\/v2\/types\/product"}],"replies":[{"embeddable":true,"href":"https:\/\/testing.almagloriousbeauty.com\/en_ca\/wp-json\/wp\/v2\/comments?post=1155"}],"wp:featuredmedia":[{"embeddable":true,"href":"https:\/\/testing.almagloriousbeauty.com\/en_ca\/wp-json\/wp\/v2\/media\/1325"}],"wp:attachment":[{"href":"https:\/\/testing.almagloriousbeauty.com\/en_ca\/wp-json\/wp\/v2\/media?parent=1155"}],"wp:term":[{"taxonomy":"product_brand","embeddable":true,"href":"https:\/\/testing.almagloriousbeauty.com\/en_ca\/wp-json\/wp\/v2\/product_brand?post=1155"},{"taxonomy":"product_cat","embeddable":true,"href":"https:\/\/testing.almagloriousbeauty.com\/en_ca\/wp-json\/wp\/v2\/product_cat?post=1155"},{"taxonomy":"product_tag","embeddable":true,"href":"https:\/\/testing.almagloriousbeauty.com\/en_ca\/wp-json\/wp\/v2\/product_tag?post=1155"}],"curies":[{"name":"wp","href":"https:\/\/api.w.org\/{rel}","templated":true}]}}