{"id":1157,"date":"2024-11-24T23:48:11","date_gmt":"2024-11-24T23:48:11","guid":{"rendered":"https:\/\/testing.almagloriousbeauty.com\/?post_type=product&#038;p=1157"},"modified":"2025-01-28T00:51:18","modified_gmt":"2025-01-28T00:51:18","slug":"cinq-glorieux-buisson-ardent","status":"publish","type":"product","link":"https:\/\/testing.almagloriousbeauty.com\/en_ca\/cinq-glorieux-buisson-ardent\/","title":{"rendered":"Cinq Glorieux Buisson Ardent"},"content":{"rendered":"<p><strong>Cinq Glorieux Buisson Ardent<\/strong> est un produit minceur puissant qui soutient vos objectifs de gestion du poids gr\u00e2ce \u00e0 des ingr\u00e9dients naturels. Il aide \u00e0 stimuler le m\u00e9tabolisme et \u00e0 d\u00e9toxifier le corps, tout en vous apportant \u00e9nergie et bien-\u00eatre. Parfait pour ceux qui cherchent \u00e0 am\u00e9liorer leur routine de gestion du poids.<\/p>","protected":false},"excerpt":{"rendered":"<p>D\u00e9couvrez Cinq Glorieux Buisson Ardent, un produit minceur puissant qui aide \u00e0 stimuler votre m\u00e9tabolisme et \u00e0 d\u00e9toxifier le corps<\/p>","protected":false},"featured_media":1163,"comment_status":"open","ping_status":"closed","template":"","meta":[],"product_brand":[],"product_cat":[60,68],"product_tag":[204],"class_list":{"0":"post-1157","1":"product","2":"type-product","3":"status-publish","4":"has-post-thumbnail","6":"product_cat-produits-de-beaute-pour-adultes","7":"product_cat-produits-amincissants","8":"product_tag-produits-minceur-efficaces","10":"first","11":"instock","12":"downloadable","13":"shipping-taxable","14":"purchasable","15":"product-type-simple"},"jetpack_sharing_enabled":true,"_links":{"self":[{"href":"https:\/\/testing.almagloriousbeauty.com\/en_ca\/wp-json\/wp\/v2\/product\/1157","targetHints":{"allow":["GET"]}}],"collection":[{"href":"https:\/\/testing.almagloriousbeauty.com\/en_ca\/wp-json\/wp\/v2\/product"}],"about":[{"href":"https:\/\/testing.almagloriousbeauty.com\/en_ca\/wp-json\/wp\/v2\/types\/product"}],"replies":[{"embeddable":true,"href":"https:\/\/testing.almagloriousbeauty.com\/en_ca\/wp-json\/wp\/v2\/comments?post=1157"}],"wp:featuredmedia":[{"embeddable":true,"href":"https:\/\/testing.almagloriousbeauty.com\/en_ca\/wp-json\/wp\/v2\/media\/1163"}],"wp:attachment":[{"href":"https:\/\/testing.almagloriousbeauty.com\/en_ca\/wp-json\/wp\/v2\/media?parent=1157"}],"wp:term":[{"taxonomy":"product_brand","embeddable":true,"href":"https:\/\/testing.almagloriousbeauty.com\/en_ca\/wp-json\/wp\/v2\/product_brand?post=1157"},{"taxonomy":"product_cat","embeddable":true,"href":"https:\/\/testing.almagloriousbeauty.com\/en_ca\/wp-json\/wp\/v2\/product_cat?post=1157"},{"taxonomy":"product_tag","embeddable":true,"href":"https:\/\/testing.almagloriousbeauty.com\/en_ca\/wp-json\/wp\/v2\/product_tag?post=1157"}],"curies":[{"name":"wp","href":"https:\/\/api.w.org\/{rel}","templated":true}]}}