{"id":1167,"date":"2024-11-24T23:58:16","date_gmt":"2024-11-24T23:58:16","guid":{"rendered":"https:\/\/testing.almagloriousbeauty.com\/?post_type=product&#038;p=1167"},"modified":"2025-08-09T12:49:15","modified_gmt":"2025-08-09T12:49:15","slug":"duo-glorieuse-delivrance","status":"publish","type":"product","link":"https:\/\/testing.almagloriousbeauty.com\/en_ca\/duo-glorieuse-delivrance\/","title":{"rendered":"DUO GLORIEUSE D\u00c9LIVRANCE"},"content":{"rendered":"","protected":false},"excerpt":{"rendered":"<p>Le Duo Glorieuse D\u00e9livrance est con\u00e7u pour favoriser la gestion du poids en soutenant la d\u00e9toxification et le m\u00e9tabolisme. Id\u00e9al pour ceux qui cherchent \u00e0 dynamiser leur routine minceur, il vous aide \u00e0 vous sentir revitalis\u00e9 et \u00e9nergis\u00e9.<\/p>","protected":false},"featured_media":1168,"comment_status":"open","ping_status":"closed","template":"","meta":[],"product_brand":[],"product_cat":[60,68],"product_tag":[208,207],"class_list":{"0":"post-1167","1":"product","2":"type-product","3":"status-publish","4":"has-post-thumbnail","6":"product_cat-produits-de-beaute-pour-adultes","7":"product_cat-produits-amincissants","8":"product_tag-detoxification-naturelle","9":"product_tag-soins-amincissants","11":"first","12":"instock","13":"downloadable","14":"shipping-taxable","15":"purchasable","16":"product-type-simple"},"jetpack_sharing_enabled":true,"_links":{"self":[{"href":"https:\/\/testing.almagloriousbeauty.com\/en_ca\/wp-json\/wp\/v2\/product\/1167","targetHints":{"allow":["GET"]}}],"collection":[{"href":"https:\/\/testing.almagloriousbeauty.com\/en_ca\/wp-json\/wp\/v2\/product"}],"about":[{"href":"https:\/\/testing.almagloriousbeauty.com\/en_ca\/wp-json\/wp\/v2\/types\/product"}],"replies":[{"embeddable":true,"href":"https:\/\/testing.almagloriousbeauty.com\/en_ca\/wp-json\/wp\/v2\/comments?post=1167"}],"wp:featuredmedia":[{"embeddable":true,"href":"https:\/\/testing.almagloriousbeauty.com\/en_ca\/wp-json\/wp\/v2\/media\/1168"}],"wp:attachment":[{"href":"https:\/\/testing.almagloriousbeauty.com\/en_ca\/wp-json\/wp\/v2\/media?parent=1167"}],"wp:term":[{"taxonomy":"product_brand","embeddable":true,"href":"https:\/\/testing.almagloriousbeauty.com\/en_ca\/wp-json\/wp\/v2\/product_brand?post=1167"},{"taxonomy":"product_cat","embeddable":true,"href":"https:\/\/testing.almagloriousbeauty.com\/en_ca\/wp-json\/wp\/v2\/product_cat?post=1167"},{"taxonomy":"product_tag","embeddable":true,"href":"https:\/\/testing.almagloriousbeauty.com\/en_ca\/wp-json\/wp\/v2\/product_tag?post=1167"}],"curies":[{"name":"wp","href":"https:\/\/api.w.org\/{rel}","templated":true}]}}