{"id":1224,"date":"2024-11-25T15:49:47","date_gmt":"2024-11-25T15:49:47","guid":{"rendered":"https:\/\/testing.almagloriousbeauty.com\/?post_type=product&#038;p=1224"},"modified":"2025-06-10T03:23:40","modified_gmt":"2025-06-10T03:23:40","slug":"jaydens-hair-3pcs-shampoo-conditionner-detangling-spray","status":"publish","type":"product","link":"https:\/\/testing.almagloriousbeauty.com\/en_ca\/jaydens-hair-3pcs-shampoo-conditionner-detangling-spray\/","title":{"rendered":"JAYDEN&rsquo;S HAIR 3PCS SHAMPOO &#038; CONDITIONNER &#038; DETANGLING SPRAY"},"content":{"rendered":"<p><span style=\"color: #800080;\"><b>JAYDEN\u2019S HAIR\u00a0 2 IN 1 SHAMPOO &amp; BODY WASH<\/b><\/span><\/p>\n<p><span style=\"font-weight: 400;\">Ce shampoing et nettoyant pour le corps extr\u00eamement doux est un deux en un efficace. Sans paraben, sans ph\u00e9noxy\u00e9thanol et sans colorants, exempt de <\/span><span style=\"font-weight: 400;\">\u00a0SLS, de SLES,<\/span><span style=\"font-weight: 400;\"> il contient des ingr\u00e9dients naturels et est enrichi en prot\u00e9ines d&rsquo;amande douce, d&rsquo;extraits de fleurs de souci et de camomille qui permettent d&rsquo;\u00e9liminer les impuret\u00e9s sans alt\u00e9rer la structure d\u00e9licate des cheveux et de la peau de l\u2019enfant. Il permet de nettoyer en douceur la peau et les cheveux d\u00e9licats de votre enfant; l&rsquo;huile de s\u00e9same pr\u00e9serve l&rsquo;\u00e9quilibre hydrique naturel de la peau. Laisse la peau souple et douce, les cheveux nourris<\/span><\/p>\n<p>&nbsp;<\/p>\n<p><span style=\"color: #800080;\"><b>UTILISATION<\/b><\/span><\/p>\n<p><span style=\"font-weight: 400;\">Sur cheveux mouill\u00e9s, prendre une quantit\u00e9 suffisante du produit, laver en massant avec des mouvements circulaires et rincez abondamment.<\/span><\/p>\n<p>&nbsp;<\/p>\n<p><span style=\"color: #800080;\"><b>INGR\u00c9DIENTS<\/b><\/span><\/p>\n<p><span style=\"font-weight: 400;\">Eau, Glyc\u00e9rine, Vitamine E, Huile d\u2019Argan, Huile de Castor, Cocamidopropyl b\u00e9taine, PEG-120 Methyl Glucose Dioleate, Polysorbate 20(0,5%) Citric Acid, Polyquaternium-7, Huile de biotine, PEG-200 HYDROGENATED GLYCERYL PALMATE, EDTA de t\u00e9trasodium, PEG-7 GLYC\u00c9RYLE COCOATE.<\/span><\/p>\n<p>&nbsp;<\/p>\n<p><span style=\"color: #800080;\"><b>JAYDEN\u2019S HAIR CONDITIONNER<\/b><\/span><\/p>\n<p><span style=\"font-weight: 400;\">Le revitalisant est riche en huile de biotine, en vitamines E,B5, en lait de coco, en huile d&rsquo;olive et de graines qui sont parfaits m\u00eame pour les cheveux les plus secs. Cette formule riche, cr\u00e9meuse et r\u00e9paratrice permet de dire adieu aux cheveux secs et bienvenue la brillance. Sans produits chimiques, sans toxines, sans parfums ajout\u00e9s, sans parab\u00e8nes, sans colorants, sans alcool, sans phtalates, sans bronopol et sans methylisothiazolinone.<\/span><\/p>\n<p>&nbsp;<\/p>\n<p><span style=\"color: #800080;\"><b>UTILISATION<\/b><\/span><\/p>\n<p><span style=\"font-weight: 400;\">Apr\u00e8s le shampooing, appliquer sur cheveux essor\u00e9s. Laisser agir 5 \u00e0 15 minutes, et rincer abondamment. Utiliser quotidiennement ou hebdomadairement.<\/span><\/p>\n<p><span style=\"font-weight: 400;\">Attention: \u00e9viter tout contact avec les yeux. Uniquement pour usage externe.<\/span><\/p>\n<p>&nbsp;<\/p>\n<p><span style=\"color: #800080;\"><b>INGR\u00c9DIENTS<\/b><\/span><\/p>\n<p><span style=\"font-weight: 400;\">Eau, huile de noix de coco, Esters de Jojoba, biotine, huile de Costus, acide citrique, Parfum, huile d&rsquo;arbre \u00e0 th\u00e9, vitamine E<\/span><\/p>\n<p>&nbsp;<\/p>\n<p><span style=\"color: #800080;\"><b>JAYDEN\u2019S HAIR DETANGLING SPRAY<\/b><\/span><b><\/b><\/p>\n<p><span style=\"font-weight: 400;\">Riche en vitamines E, B5, lait de coco, huile d&rsquo;olive et de graines qui sont parfaits m\u00eame pour les cheveux les plus secs. Sans produits chimiques, sans toxines, sans parfums ajout\u00e9s, sans parab\u00e8nes, sans colorants, sans alcool, fait \u00e0 base de plantes pour des cheveux plus sains de la racine aux pointes avec une alimentation sup\u00e9rieure, lisse, humidifie et d\u00e9m\u00eale les cheveux.<\/span><\/p>\n<p>&nbsp;<\/p>\n<p><span style=\"color: #800080;\"><b>UTILISATION<\/b><\/span><\/p>\n<p><span style=\"font-weight: 400;\">Bien agiter avant utilisation! Pulv\u00e9riser g\u00e9n\u00e9reusement sur cheveux humides ou secs; hydrate, lisse et d\u00e9m\u00eale.<\/span><\/p>\n<p><span style=\"font-weight: 400;\">\u00a0<\/span><\/p>\n<p><span style=\"color: #800080;\"><b>INGR\u00c9DIENTS<\/b><\/span><\/p>\n<p><span style=\"font-weight: 400;\">EAU, HUILE DE COCO, EXTRAIT DE PEAU D\u2019ORANGE, EXTRAIT DE FRUITS, \u00c9CORCE DE TANGERINE D\u2019AGRUMES, HUILE D\u2019ARGAN, BEURRE DE KARIT\u00c9, PROT\u00c9INE DE JOJOBA HYDROLYS\u00c9, VITAMINE E, ACIDE CITRIQUE<\/span><\/p>","protected":false},"excerpt":{"rendered":"<p>JAYDEN\u2019S HAIR\u00a0 2 IN 1 SHAMPOO &amp; BODY WASH Ce shampoing et nettoyant pour le corps extr\u00eamement doux est un deux en un efficace. Sans paraben, sans ph\u00e9noxy\u00e9thanol et sans colorants, exempt de \u00a0SLS, de SLES, il contient des ingr\u00e9dients naturels et est enrichi en prot\u00e9ines d&rsquo;amande douce, d&rsquo;extraits de fleurs de souci et de camomille qui permettent d&rsquo;\u00e9liminer les impuret\u00e9s sans alt\u00e9rer la structure d\u00e9licate des cheveux et de la peau de l\u2019enfant. Il permet de nettoyer en douceur la peau et les cheveux d\u00e9licats de votre enfant; l&rsquo;huile de s\u00e9same pr\u00e9serve l&rsquo;\u00e9quilibre hydrique naturel de la peau. Laisse la peau souple et douce, les cheveux nourris &nbsp; UTILISATION Sur cheveux mouill\u00e9s, prendre une quantit\u00e9 suffisante du produit, laver en massant avec des mouvements circulaires et rincez abondamment. &nbsp; INGR\u00c9DIENTS Eau, Glyc\u00e9rine, Vitamine E, Huile d\u2019Argan, Huile de Castor, Cocamidopropyl b\u00e9taine, PEG-120 Methyl Glucose Dioleate, Polysorbate 20(0,5%) Citric Acid, Polyquaternium-7, Huile de biotine, PEG-200 HYDROGENATED GLYCERYL PALMATE, EDTA de t\u00e9trasodium, PEG-7 GLYC\u00c9RYLE COCOATE. &nbsp; JAYDEN\u2019S HAIR CONDITIONNER Le revitalisant est riche en huile de biotine, en vitamines E,B5, en lait de coco, en huile d&rsquo;olive et de graines qui sont parfaits m\u00eame pour les cheveux les plus secs. Cette formule riche, cr\u00e9meuse et r\u00e9paratrice permet de dire adieu aux cheveux secs et bienvenue la brillance. Sans produits chimiques, sans toxines, sans parfums ajout\u00e9s, sans parab\u00e8nes, sans colorants, sans alcool, sans phtalates, sans bronopol et sans methylisothiazolinone. &nbsp; UTILISATION Apr\u00e8s le shampooing, appliquer sur cheveux essor\u00e9s. Laisser agir 5 \u00e0 15 minutes, et rincer abondamment. Utiliser quotidiennement ou hebdomadairement. Attention: \u00e9viter tout contact avec les yeux. Uniquement pour usage externe. &nbsp; INGR\u00c9DIENTS Eau, huile de noix de coco, Esters de Jojoba, biotine, huile de Costus, acide citrique, Parfum, huile d&rsquo;arbre \u00e0 th\u00e9, vitamine E &nbsp; JAYDEN\u2019S HAIR DETANGLING SPRAY Riche en vitamines E, B5, lait de coco, huile d&rsquo;olive et de graines qui sont parfaits m\u00eame pour les cheveux les plus secs. Sans produits chimiques, sans toxines, sans parfums ajout\u00e9s, sans parab\u00e8nes, sans colorants, sans alcool, fait \u00e0 base de plantes pour des cheveux plus sains de la racine aux pointes avec une alimentation sup\u00e9rieure, lisse, humidifie et d\u00e9m\u00eale les cheveux. &nbsp; UTILISATION Bien agiter avant utilisation! Pulv\u00e9riser g\u00e9n\u00e9reusement sur cheveux humides ou secs; hydrate, lisse et d\u00e9m\u00eale. \u00a0 INGR\u00c9DIENTS EAU, HUILE DE COCO, EXTRAIT DE PEAU D\u2019ORANGE, EXTRAIT DE FRUITS, \u00c9CORCE DE TANGERINE D\u2019AGRUMES, HUILE D\u2019ARGAN, BEURRE DE KARIT\u00c9, PROT\u00c9INE DE JOJOBA HYDROLYS\u00c9, VITAMINE E, ACIDE CITRIQUE<\/p>","protected":false},"featured_media":1225,"comment_status":"open","ping_status":"closed","template":"","meta":[],"product_brand":[],"product_cat":[59,70],"product_tag":[],"class_list":{"0":"post-1224","1":"product","2":"type-product","3":"status-publish","4":"has-post-thumbnail","6":"product_cat-soins-pour-bebes","7":"product_cat-soins-capillaires-fabriques-au-canada","9":"first","10":"instock","11":"shipping-taxable","12":"purchasable","13":"product-type-simple"},"jetpack_sharing_enabled":true,"_links":{"self":[{"href":"https:\/\/testing.almagloriousbeauty.com\/en_ca\/wp-json\/wp\/v2\/product\/1224","targetHints":{"allow":["GET"]}}],"collection":[{"href":"https:\/\/testing.almagloriousbeauty.com\/en_ca\/wp-json\/wp\/v2\/product"}],"about":[{"href":"https:\/\/testing.almagloriousbeauty.com\/en_ca\/wp-json\/wp\/v2\/types\/product"}],"replies":[{"embeddable":true,"href":"https:\/\/testing.almagloriousbeauty.com\/en_ca\/wp-json\/wp\/v2\/comments?post=1224"}],"wp:featuredmedia":[{"embeddable":true,"href":"https:\/\/testing.almagloriousbeauty.com\/en_ca\/wp-json\/wp\/v2\/media\/1225"}],"wp:attachment":[{"href":"https:\/\/testing.almagloriousbeauty.com\/en_ca\/wp-json\/wp\/v2\/media?parent=1224"}],"wp:term":[{"taxonomy":"product_brand","embeddable":true,"href":"https:\/\/testing.almagloriousbeauty.com\/en_ca\/wp-json\/wp\/v2\/product_brand?post=1224"},{"taxonomy":"product_cat","embeddable":true,"href":"https:\/\/testing.almagloriousbeauty.com\/en_ca\/wp-json\/wp\/v2\/product_cat?post=1224"},{"taxonomy":"product_tag","embeddable":true,"href":"https:\/\/testing.almagloriousbeauty.com\/en_ca\/wp-json\/wp\/v2\/product_tag?post=1224"}],"curies":[{"name":"wp","href":"https:\/\/api.w.org\/{rel}","templated":true}]}}