{"id":1229,"date":"2024-11-25T15:52:38","date_gmt":"2024-11-25T15:52:38","guid":{"rendered":"https:\/\/testing.almagloriousbeauty.com\/?post_type=product&#038;p=1229"},"modified":"2025-06-21T02:26:53","modified_gmt":"2025-06-21T02:26:53","slug":"jaydens-hair-3pcs-shampoo-conditionner-oil","status":"publish","type":"product","link":"https:\/\/testing.almagloriousbeauty.com\/en_ca\/jaydens-hair-3pcs-shampoo-conditionner-oil\/","title":{"rendered":"JAYDEN&rsquo;S HAIR 3PCS SHAMPOO &#038; CONDITIONNER &#038; OIL"},"content":{"rendered":"<p><span style=\"color: #800080;\"><b>JAYDEN\u2019S HAIR\u00a0 2 IN 1 SHAMPOO &amp; BODY WASH<\/b><\/span><\/p>\n<p><span style=\"font-weight: 400;\">Ce shampoing et nettoyant pour le corps extr\u00eamement doux est un deux en un efficace. Sans paraben, sans ph\u00e9noxy\u00e9thanol et sans colorants, exempt de <\/span><span style=\"font-weight: 400;\">\u00a0SLS, de SLES,<\/span><span style=\"font-weight: 400;\"> il contient des ingr\u00e9dients naturels et est enrichi en prot\u00e9ines d&rsquo;amande douce, d&rsquo;extraits de fleurs de souci et de camomille qui permettent d&rsquo;\u00e9liminer les impuret\u00e9s sans alt\u00e9rer la structure d\u00e9licate des cheveux et de la peau de l\u2019enfant. Il permet de nettoyer en douceur la peau et les cheveux d\u00e9licats de votre enfant; l&rsquo;huile de s\u00e9same pr\u00e9serve l&rsquo;\u00e9quilibre hydrique naturel de la peau. Laisse la peau souple et douce, les cheveux nourris<\/span><\/p>\n<p>&nbsp;<\/p>\n<p><span style=\"color: #800080;\"><b>UTILISATION<\/b><\/span><\/p>\n<p><span style=\"font-weight: 400;\">Sur cheveux mouill\u00e9s, prendre une quantit\u00e9 suffisante du produit, laver en massant avec des mouvements circulaires et rincez abondamment.<\/span><\/p>\n<p>&nbsp;<\/p>\n<p><span style=\"color: #800080;\"><b>INGR\u00c9DIENTS<\/b><\/span><\/p>\n<p><span style=\"font-weight: 400;\">Eau, Glyc\u00e9rine, Vitamine E, Huile d\u2019Argan, Huile de Castor, Cocamidopropyl b\u00e9taine, PEG-120 Methyl Glucose Dioleate, Polysorbate 20(0,5%) Citric Acid, Polyquaternium-7, Huile de biotine, PEG-200 HYDROGENATED GLYCERYL PALMATE, EDTA de t\u00e9trasodium, PEG-7 GLYC\u00c9RYLE COCOATE.<\/span><\/p>\n<p>&nbsp;<\/p>\n<p><span style=\"color: #800080;\"><b>JAYDEN\u2019S HAIR CONDITIONNER<\/b><\/span><\/p>\n<p><span style=\"font-weight: 400;\">Le revitalisant est riche en huile de biotine, en vitamines E,B5, en lait de coco, en huile d&rsquo;olive et de graines qui sont parfaits m\u00eame pour les cheveux les plus secs. Cette formule riche, cr\u00e9meuse et r\u00e9paratrice permet de dire adieu aux cheveux secs et bienvenue la brillance. Sans produits chimiques, sans toxines, sans parfums ajout\u00e9s, sans parab\u00e8nes, sans colorants, sans alcool, sans phtalates, sans bronopol et sans methylisothiazolinone.<\/span><\/p>\n<p>&nbsp;<\/p>\n<p><span style=\"color: #800080;\"><b>UTILISATION<\/b><\/span><\/p>\n<p><span style=\"font-weight: 400;\">Apr\u00e8s le shampooing, appliquer sur cheveux essor\u00e9s. Laisser agir 5 \u00e0 15 minutes, et rincer abondamment. Utiliser quotidiennement ou hebdomadairement.<\/span><\/p>\n<p><span style=\"font-weight: 400;\">Attention: \u00e9viter tout contact avec les yeux. Uniquement pour usage externe.<\/span><\/p>\n<p>&nbsp;<\/p>\n<p><span style=\"color: #800080;\"><b>INGR\u00c9DIENTS<\/b><\/span><\/p>\n<p><span style=\"font-weight: 400;\">Eau, huile de noix de coco, Esters de Jojoba, biotine, huile de Costus, acide citrique, Parfum, huile d&rsquo;arbre \u00e0 th\u00e9, vitamine E<\/span><\/p>\n<p>&nbsp;<\/p>\n<p><span style=\"color: #800080;\"><b>JAYDEN\u2019S HAIR OIL<\/b><\/span><\/p>\n<p><span style=\"font-weight: 400;\">Toujours exempt de produits chimiques, de toxines, de parab\u00e8nes, de colorants, d&rsquo;alcool, et fait d\u2019extrait de graine de th\u00e9 qui est riche pour aider \u00e0 reconstituer, \u00e0 hydrater, \u00e0 nourrir les cheveux, \u00e0 r\u00e9parer en douceur et \u00e0 lisser la fibre capillaire. Nourrit et adoucit les cheveux, r\u00e9duit la fragilit\u00e9, rend les cheveux doux et lisses, facile \u00e0 peigner, soyeux et brillants.<\/span><\/p>\n<p><span style=\"font-weight: 400;\">\u00a0<\/span><\/p>\n<p><span style=\"color: #800080;\"><b>UTILISATION<\/b><\/span><\/p>\n<p><span style=\"font-weight: 400;\">Appliquer la quantit\u00e9 d\u00e9sir\u00e9e de gouttes sur les cheveux et masser.<\/span><\/p>\n<p>&nbsp;<\/p>\n<p><span style=\"color: #800080;\"><b>INGR\u00c9DIENTS<\/b><\/span><\/p>\n<p><span style=\"font-weight: 400;\">TRITICUM VULGANE, GERM OIL, EXTRAIT DE PAPAYE, OLEA EUROPAEA (OLIVE) FRUIT OIL, GRAPE SEED OIL, HEMP SEED OIL, JOJOBA OIL, ALMOND SWEET OIL, BIOTIN<\/span><\/p>","protected":false},"excerpt":{"rendered":"<p>JAYDEN\u2019S HAIR\u00a0 2 IN 1 SHAMPOO &amp; BODY WASH Ce shampoing et nettoyant pour le corps extr\u00eamement doux est un deux en un efficace. Sans paraben, sans ph\u00e9noxy\u00e9thanol et sans colorants, exempt de \u00a0SLS, de SLES, il contient des ingr\u00e9dients naturels et est enrichi en prot\u00e9ines d&rsquo;amande douce, d&rsquo;extraits de fleurs de souci et de camomille qui permettent d&rsquo;\u00e9liminer les impuret\u00e9s sans alt\u00e9rer la structure d\u00e9licate des cheveux et de la peau de l\u2019enfant. Il permet de nettoyer en douceur la peau et les cheveux d\u00e9licats de votre enfant; l&rsquo;huile de s\u00e9same pr\u00e9serve l&rsquo;\u00e9quilibre hydrique naturel de la peau. Laisse la peau souple et douce, les cheveux nourris &nbsp; UTILISATION Sur cheveux mouill\u00e9s, prendre une quantit\u00e9 suffisante du produit, laver en massant avec des mouvements circulaires et rincez abondamment. &nbsp; INGR\u00c9DIENTS Eau, Glyc\u00e9rine, Vitamine E, Huile d\u2019Argan, Huile de Castor, Cocamidopropyl b\u00e9taine, PEG-120 Methyl Glucose Dioleate, Polysorbate 20(0,5%) Citric Acid, Polyquaternium-7, Huile de biotine, PEG-200 HYDROGENATED GLYCERYL PALMATE, EDTA de t\u00e9trasodium, PEG-7 GLYC\u00c9RYLE COCOATE. &nbsp; JAYDEN\u2019S HAIR CONDITIONNER Le revitalisant est riche en huile de biotine, en vitamines E,B5, en lait de coco, en huile d&rsquo;olive et de graines qui sont parfaits m\u00eame pour les cheveux les plus secs. Cette formule riche, cr\u00e9meuse et r\u00e9paratrice permet de dire adieu aux cheveux secs et bienvenue la brillance. Sans produits chimiques, sans toxines, sans parfums ajout\u00e9s, sans parab\u00e8nes, sans colorants, sans alcool, sans phtalates, sans bronopol et sans methylisothiazolinone. &nbsp; UTILISATION Apr\u00e8s le shampooing, appliquer sur cheveux essor\u00e9s. Laisser agir 5 \u00e0 15 minutes, et rincer abondamment. Utiliser quotidiennement ou hebdomadairement. Attention: \u00e9viter tout contact avec les yeux. Uniquement pour usage externe. &nbsp; INGR\u00c9DIENTS Eau, huile de noix de coco, Esters de Jojoba, biotine, huile de Costus, acide citrique, Parfum, huile d&rsquo;arbre \u00e0 th\u00e9, vitamine E &nbsp; JAYDEN\u2019S HAIR OIL Toujours exempt de produits chimiques, de toxines, de parab\u00e8nes, de colorants, d&rsquo;alcool, et fait d\u2019extrait de graine de th\u00e9 qui est riche pour aider \u00e0 reconstituer, \u00e0 hydrater, \u00e0 nourrir les cheveux, \u00e0 r\u00e9parer en douceur et \u00e0 lisser la fibre capillaire. Nourrit et adoucit les cheveux, r\u00e9duit la fragilit\u00e9, rend les cheveux doux et lisses, facile \u00e0 peigner, soyeux et brillants. \u00a0 UTILISATION Appliquer la quantit\u00e9 d\u00e9sir\u00e9e de gouttes sur les cheveux et masser. &nbsp; INGR\u00c9DIENTS TRITICUM VULGANE, GERM OIL, EXTRAIT DE PAPAYE, OLEA EUROPAEA (OLIVE) FRUIT OIL, GRAPE SEED OIL, HEMP SEED OIL, JOJOBA OIL, ALMOND SWEET OIL, BIOTIN<\/p>","protected":false},"featured_media":1226,"comment_status":"open","ping_status":"closed","template":"","meta":[],"product_brand":[],"product_cat":[59,70],"product_tag":[],"class_list":{"0":"post-1229","1":"product","2":"type-product","3":"status-publish","4":"has-post-thumbnail","6":"product_cat-soins-pour-bebes","7":"product_cat-soins-capillaires-fabriques-au-canada","9":"first","10":"instock","11":"shipping-taxable","12":"purchasable","13":"product-type-simple"},"jetpack_sharing_enabled":true,"_links":{"self":[{"href":"https:\/\/testing.almagloriousbeauty.com\/en_ca\/wp-json\/wp\/v2\/product\/1229","targetHints":{"allow":["GET"]}}],"collection":[{"href":"https:\/\/testing.almagloriousbeauty.com\/en_ca\/wp-json\/wp\/v2\/product"}],"about":[{"href":"https:\/\/testing.almagloriousbeauty.com\/en_ca\/wp-json\/wp\/v2\/types\/product"}],"replies":[{"embeddable":true,"href":"https:\/\/testing.almagloriousbeauty.com\/en_ca\/wp-json\/wp\/v2\/comments?post=1229"}],"wp:featuredmedia":[{"embeddable":true,"href":"https:\/\/testing.almagloriousbeauty.com\/en_ca\/wp-json\/wp\/v2\/media\/1226"}],"wp:attachment":[{"href":"https:\/\/testing.almagloriousbeauty.com\/en_ca\/wp-json\/wp\/v2\/media?parent=1229"}],"wp:term":[{"taxonomy":"product_brand","embeddable":true,"href":"https:\/\/testing.almagloriousbeauty.com\/en_ca\/wp-json\/wp\/v2\/product_brand?post=1229"},{"taxonomy":"product_cat","embeddable":true,"href":"https:\/\/testing.almagloriousbeauty.com\/en_ca\/wp-json\/wp\/v2\/product_cat?post=1229"},{"taxonomy":"product_tag","embeddable":true,"href":"https:\/\/testing.almagloriousbeauty.com\/en_ca\/wp-json\/wp\/v2\/product_tag?post=1229"}],"curies":[{"name":"wp","href":"https:\/\/api.w.org\/{rel}","templated":true}]}}