{"id":1230,"date":"2024-11-25T15:55:49","date_gmt":"2024-11-25T15:55:49","guid":{"rendered":"https:\/\/testing.almagloriousbeauty.com\/?post_type=product&#038;p=1230"},"modified":"2025-06-21T02:26:57","modified_gmt":"2025-06-21T02:26:57","slug":"jaydens-hair-3pcs-shampoo-conditionner-curl-cream","status":"publish","type":"product","link":"https:\/\/testing.almagloriousbeauty.com\/en_ca\/jaydens-hair-3pcs-shampoo-conditionner-curl-cream\/","title":{"rendered":"JAYDEN&rsquo;S HAIR 3PCS SHAMPOO &#038; CONDITIONNER &#038; CURL CREAM"},"content":{"rendered":"<p><span style=\"color: #800080;\"><b>JAYDEN\u2019S HAIR\u00a0 2 IN 1 SHAMPOO &amp; BODY WASH<\/b><\/span><\/p>\n<p><span style=\"font-weight: 400;\">Ce shampoing et nettoyant pour le corps extr\u00eamement doux est un deux en un efficace. Sans paraben, sans ph\u00e9noxy\u00e9thanol et sans colorants, exempt de <\/span><span style=\"font-weight: 400;\">\u00a0SLS, de SLES,<\/span><span style=\"font-weight: 400;\"> il contient des ingr\u00e9dients naturels et est enrichi en prot\u00e9ines d&rsquo;amande douce, d&rsquo;extraits de fleurs de souci et de camomille qui permettent d&rsquo;\u00e9liminer les impuret\u00e9s sans alt\u00e9rer la structure d\u00e9licate des cheveux et de la peau de l\u2019enfant. Il permet de nettoyer en douceur la peau et les cheveux d\u00e9licats de votre enfant; l&rsquo;huile de s\u00e9same pr\u00e9serve l&rsquo;\u00e9quilibre hydrique naturel de la peau. Laisse la peau souple et douce, les cheveux nourris<\/span><\/p>\n<p>&nbsp;<\/p>\n<p><span style=\"color: #800080;\"><b>UTILISATION<\/b><\/span><\/p>\n<p><span style=\"font-weight: 400;\">Sur cheveux mouill\u00e9s, prendre une quantit\u00e9 suffisante du produit, laver en massant avec des mouvements circulaires et rincez abondamment.<\/span><\/p>\n<p>&nbsp;<\/p>\n<p><span style=\"color: #800080;\"><b>INGR\u00c9DIENTS<\/b><\/span><\/p>\n<p><span style=\"font-weight: 400;\">Eau, Glyc\u00e9rine, Vitamine E, Huile d\u2019Argan, Huile de Castor, Cocamidopropyl b\u00e9taine, PEG-120 Methyl Glucose Dioleate, Polysorbate 20(0,5%) Citric Acid, Polyquaternium-7, Huile de biotine, PEG-200 HYDROGENATED GLYCERYL PALMATE, EDTA de t\u00e9trasodium, PEG-7 GLYC\u00c9RYLE COCOATE.<\/span><\/p>\n<p>&nbsp;<\/p>\n<p><span style=\"color: #800080;\"><b>JAYDEN\u2019S HAIR CONDITIONNER<\/b><\/span><\/p>\n<p><span style=\"font-weight: 400;\">Le revitalisant est riche en huile de biotine, en vitamines E,B5, en lait de coco, en huile d&rsquo;olive et de graines qui sont parfaits m\u00eame pour les cheveux les plus secs. Cette formule riche, cr\u00e9meuse et r\u00e9paratrice permet de dire adieu aux cheveux secs et bienvenue la brillance. Sans produits chimiques, sans toxines, sans parfums ajout\u00e9s, sans parab\u00e8nes, sans colorants, sans alcool, sans phtalates, sans bronopol et sans methylisothiazolinone.<\/span><\/p>\n<p>&nbsp;<\/p>\n<p><span style=\"color: #800080;\"><b>UTILISATION<\/b><\/span><\/p>\n<p><span style=\"font-weight: 400;\">Apr\u00e8s le shampooing, appliquer sur cheveux essor\u00e9s. Laisser agir 5 \u00e0 15 minutes, et rincer abondamment. Utiliser quotidiennement ou hebdomadairement.<\/span><\/p>\n<p><span style=\"font-weight: 400;\">Attention: \u00e9viter tout contact avec les yeux. Uniquement pour usage externe.<\/span><\/p>\n<p>&nbsp;<\/p>\n<p><span style=\"color: #800080;\"><b>INGR\u00c9DIENTS<\/b><\/span><\/p>\n<p><span style=\"font-weight: 400;\">Eau, huile de noix de coco, Esters de Jojoba, biotine, huile de Costus, acide citrique, Parfum, huile d&rsquo;arbre \u00e0 th\u00e9, vitamine E<\/span><\/p>\n<p>&nbsp;<\/p>\n<p><span style=\"color: #800080;\"><b>JAYDEN\u2019S HAIR CURL CREAM<\/b><\/span><\/p>\n<p><span style=\"font-weight: 400;\">Profitez de la d\u00e9finition, de l&rsquo;humidit\u00e9 et de la facilit\u00e9 de gestion avec la cr\u00e8me \u00e0 friser \u00e0 la noix de coco. Parfait pour tous les mod\u00e8les de boucles et les types de cheveux, cette brillance sans sulfate. Obtenez une sant\u00e9 optimale des cheveux avec cette cr\u00e8me pour boucles qui r\u00e9duit les frisottis et d&rsquo;autres styles pour les cheveux naturels tout en offrant une tenue douce. Pour l&rsquo;utiliser, lisser sur les cheveux humides, section par section, en commen\u00e7ant \u00e0 la racine et en travaillant vers les extr\u00e9mit\u00e9s.<\/span><\/p>\n<p><span style=\"font-weight: 400;\">Caract\u00e9ristique:<\/span><\/p>\n<ol>\n<li><span style=\"font-weight: 400;\"> D\u00e9finit les boucles et offre une tenue douce sans alourdir les cheveux<\/span><\/li>\n<li><span style=\"font-weight: 400;\"> R\u00e9duit les frisottis des cheveux naturellement boucl\u00e9s<\/span><\/li>\n<li><span style=\"font-weight: 400;\"> Parfait pour Wash &amp; Go, twist-outs, tresses et autres styles pour les cheveux naturels.<\/span><\/li>\n<li><span style=\"font-weight: 400;\"> Hydrate et renforce les brins.<\/span><\/li>\n<li><span style=\"font-weight: 400;\"> Id\u00e9al pour les cheveux naturels, les cheveux 4C, les cheveux 3C, les cheveux boucl\u00e9s et cr\u00e9pus, les cheveux d\u00e9color\u00e9s; pour tous types de cheveux<\/span><\/li>\n<\/ol>\n<p>&nbsp;<\/p>\n<p><span style=\"color: #800080;\"><b>UTILISATION<\/b><\/span><\/p>\n<p><span style=\"font-weight: 400;\">Lisser sur les cheveux humides, section par section, en commen\u00e7ant \u00e0 la racine et en travaillant vers les extr\u00e9mit\u00e9s. Ne pas rincer. Peut \u00eatre utilis\u00e9 sur cheveux secs pour r\u00e9hydrater les boucles.<\/span><\/p>\n<p>&nbsp;<\/p>\n<p><span style=\"color: #800080;\"><b>INGR\u00c9DIENTS<\/b><\/span><\/p>\n<p><span style=\"font-weight: 400;\">EAU, BEURRE DE KARIT\u00c9, HUILE D\u2019ARGAN, HUILE DE SOJA, GLYC\u00c9RINE, HUILE D\u2019OLIVE, VITAMINE E, QUINOA HYDROLYS\u00c9<\/span><\/p>","protected":false},"excerpt":{"rendered":"<p>JAYDEN\u2019S HAIR\u00a0 2 IN 1 SHAMPOO &amp; BODY WASH Ce shampoing et nettoyant pour le corps extr\u00eamement doux est un deux en un efficace. Sans paraben, sans ph\u00e9noxy\u00e9thanol et sans colorants, exempt de \u00a0SLS, de SLES, il contient des ingr\u00e9dients naturels et est enrichi en prot\u00e9ines d&rsquo;amande douce, d&rsquo;extraits de fleurs de souci et de camomille qui permettent d&rsquo;\u00e9liminer les impuret\u00e9s sans alt\u00e9rer la structure d\u00e9licate des cheveux et de la peau de l\u2019enfant. Il permet de nettoyer en douceur la peau et les cheveux d\u00e9licats de votre enfant; l&rsquo;huile de s\u00e9same pr\u00e9serve l&rsquo;\u00e9quilibre hydrique naturel de la peau. Laisse la peau souple et douce, les cheveux nourris &nbsp; UTILISATION Sur cheveux mouill\u00e9s, prendre une quantit\u00e9 suffisante du produit, laver en massant avec des mouvements circulaires et rincez abondamment. &nbsp; INGR\u00c9DIENTS Eau, Glyc\u00e9rine, Vitamine E, Huile d\u2019Argan, Huile de Castor, Cocamidopropyl b\u00e9taine, PEG-120 Methyl Glucose Dioleate, Polysorbate 20(0,5%) Citric Acid, Polyquaternium-7, Huile de biotine, PEG-200 HYDROGENATED GLYCERYL PALMATE, EDTA de t\u00e9trasodium, PEG-7 GLYC\u00c9RYLE COCOATE. &nbsp; JAYDEN\u2019S HAIR CONDITIONNER Le revitalisant est riche en huile de biotine, en vitamines E,B5, en lait de coco, en huile d&rsquo;olive et de graines qui sont parfaits m\u00eame pour les cheveux les plus secs. Cette formule riche, cr\u00e9meuse et r\u00e9paratrice permet de dire adieu aux cheveux secs et bienvenue la brillance. Sans produits chimiques, sans toxines, sans parfums ajout\u00e9s, sans parab\u00e8nes, sans colorants, sans alcool, sans phtalates, sans bronopol et sans methylisothiazolinone. &nbsp; UTILISATION Apr\u00e8s le shampooing, appliquer sur cheveux essor\u00e9s. Laisser agir 5 \u00e0 15 minutes, et rincer abondamment. Utiliser quotidiennement ou hebdomadairement. Attention: \u00e9viter tout contact avec les yeux. Uniquement pour usage externe. &nbsp; INGR\u00c9DIENTS Eau, huile de noix de coco, Esters de Jojoba, biotine, huile de Costus, acide citrique, Parfum, huile d&rsquo;arbre \u00e0 th\u00e9, vitamine E &nbsp; JAYDEN\u2019S HAIR CURL CREAM Profitez de la d\u00e9finition, de l&rsquo;humidit\u00e9 et de la facilit\u00e9 de gestion avec la cr\u00e8me \u00e0 friser \u00e0 la noix de coco. Parfait pour tous les mod\u00e8les de boucles et les types de cheveux, cette brillance sans sulfate. Obtenez une sant\u00e9 optimale des cheveux avec cette cr\u00e8me pour boucles qui r\u00e9duit les frisottis et d&rsquo;autres styles pour les cheveux naturels tout en offrant une tenue douce. Pour l&rsquo;utiliser, lisser sur les cheveux humides, section par section, en commen\u00e7ant \u00e0 la racine et en travaillant vers les extr\u00e9mit\u00e9s. Caract\u00e9ristique: D\u00e9finit les boucles et offre une tenue douce sans alourdir les cheveux R\u00e9duit les frisottis des cheveux naturellement boucl\u00e9s Parfait pour Wash &amp; Go, twist-outs, tresses et autres styles pour les cheveux naturels. Hydrate et renforce les brins. Id\u00e9al pour les cheveux naturels, les cheveux 4C, les cheveux 3C, les cheveux boucl\u00e9s et cr\u00e9pus, les cheveux d\u00e9color\u00e9s; pour tous types de cheveux &nbsp; UTILISATION Lisser sur les cheveux humides, section par section, en commen\u00e7ant \u00e0 la racine et en travaillant vers les extr\u00e9mit\u00e9s. Ne pas rincer. Peut \u00eatre utilis\u00e9 sur cheveux secs pour r\u00e9hydrater les boucles. &nbsp; INGR\u00c9DIENTS EAU, BEURRE DE KARIT\u00c9, HUILE D\u2019ARGAN, HUILE DE SOJA, GLYC\u00c9RINE, HUILE D\u2019OLIVE, VITAMINE E, QUINOA HYDROLYS\u00c9<\/p>","protected":false},"featured_media":1227,"comment_status":"open","ping_status":"closed","template":"","meta":[],"product_brand":[],"product_cat":[59,70],"product_tag":[],"class_list":{"0":"post-1230","1":"product","2":"type-product","3":"status-publish","4":"has-post-thumbnail","6":"product_cat-soins-pour-bebes","7":"product_cat-soins-capillaires-fabriques-au-canada","9":"first","10":"instock","11":"shipping-taxable","12":"purchasable","13":"product-type-simple"},"jetpack_sharing_enabled":true,"_links":{"self":[{"href":"https:\/\/testing.almagloriousbeauty.com\/en_ca\/wp-json\/wp\/v2\/product\/1230","targetHints":{"allow":["GET"]}}],"collection":[{"href":"https:\/\/testing.almagloriousbeauty.com\/en_ca\/wp-json\/wp\/v2\/product"}],"about":[{"href":"https:\/\/testing.almagloriousbeauty.com\/en_ca\/wp-json\/wp\/v2\/types\/product"}],"replies":[{"embeddable":true,"href":"https:\/\/testing.almagloriousbeauty.com\/en_ca\/wp-json\/wp\/v2\/comments?post=1230"}],"wp:featuredmedia":[{"embeddable":true,"href":"https:\/\/testing.almagloriousbeauty.com\/en_ca\/wp-json\/wp\/v2\/media\/1227"}],"wp:attachment":[{"href":"https:\/\/testing.almagloriousbeauty.com\/en_ca\/wp-json\/wp\/v2\/media?parent=1230"}],"wp:term":[{"taxonomy":"product_brand","embeddable":true,"href":"https:\/\/testing.almagloriousbeauty.com\/en_ca\/wp-json\/wp\/v2\/product_brand?post=1230"},{"taxonomy":"product_cat","embeddable":true,"href":"https:\/\/testing.almagloriousbeauty.com\/en_ca\/wp-json\/wp\/v2\/product_cat?post=1230"},{"taxonomy":"product_tag","embeddable":true,"href":"https:\/\/testing.almagloriousbeauty.com\/en_ca\/wp-json\/wp\/v2\/product_tag?post=1230"}],"curies":[{"name":"wp","href":"https:\/\/api.w.org\/{rel}","templated":true}]}}