{"id":1248,"date":"2024-11-26T00:43:00","date_gmt":"2024-11-26T00:43:00","guid":{"rendered":"https:\/\/testing.almagloriousbeauty.com\/?post_type=product&#038;p=1248"},"modified":"2025-06-10T03:23:30","modified_gmt":"2025-06-10T03:23:30","slug":"jaydens-hair","status":"publish","type":"product","link":"https:\/\/testing.almagloriousbeauty.com\/en_ca\/jaydens-hair\/","title":{"rendered":"JAYDEN&rsquo;S HAIR"},"content":{"rendered":"<p><span style=\"color: #800080;\"><b>JAYDEN\u2019S HAIR\u00a0 2 IN 1 SHAMPOO &amp; BODY WASH<\/b><\/span><\/p>\n<p><span style=\"font-weight: 400;\">Ce shampoing et nettoyant pour le corps extr\u00eamement doux est un deux en un efficace. Sans paraben, sans ph\u00e9noxy\u00e9thanol et sans colorants, exempt de <\/span><span style=\"font-weight: 400;\">\u00a0SLS, de SLES,<\/span><span style=\"font-weight: 400;\"> il contient des ingr\u00e9dients naturels et est enrichi en prot\u00e9ines d&rsquo;amande douce, d&rsquo;extraits de fleurs de souci et de camomille qui permettent d&rsquo;\u00e9liminer les impuret\u00e9s sans alt\u00e9rer la structure d\u00e9licate des cheveux et de la peau de l\u2019enfant. Il permet de nettoyer en douceur la peau et les cheveux d\u00e9licats de votre enfant; l&rsquo;huile de s\u00e9same pr\u00e9serve l&rsquo;\u00e9quilibre hydrique naturel de la peau. Laisse la peau souple et douce, les cheveux nourris<\/span><\/p>\n<p>&nbsp;<\/p>\n<p><span style=\"color: #800080;\"><b>UTILISATION<\/b><\/span><\/p>\n<p><span style=\"font-weight: 400;\">Sur cheveux mouill\u00e9s, prendre une quantit\u00e9 suffisante du produit, laver en massant avec des mouvements circulaires et rincez abondamment.<\/span><\/p>\n<p>&nbsp;<\/p>\n<p><span style=\"color: #800080;\"><b>INGR\u00c9DIENTS<\/b><\/span><\/p>\n<p><span style=\"font-weight: 400;\">Eau, Glyc\u00e9rine, Vitamine E, Huile d\u2019Argan, Huile de Castor, Cocamidopropyl b\u00e9taine, PEG-120 Methyl Glucose Dioleate, Polysorbate 20(0,5%) Citric Acid, Polyquaternium-7, Huile de biotine, PEG-200 HYDROGENATED GLYCERYL PALMATE, EDTA de t\u00e9trasodium, PEG-7 GLYC\u00c9RYLE COCOATE.<\/span><\/p>\n<p>&nbsp;<\/p>\n<p><span style=\"color: #800080;\"><b>JAYDEN\u2019S HAIR CONDITIONNER<\/b><\/span><\/p>\n<p><span style=\"font-weight: 400;\">Le revitalisant est riche en huile de biotine, en vitamines E,B5, en lait de coco, en huile d&rsquo;olive et de graines qui sont parfaits m\u00eame pour les cheveux les plus secs. Cette formule riche, cr\u00e9meuse et r\u00e9paratrice permet de dire adieu aux cheveux secs et bienvenue la brillance. Sans produits chimiques, sans toxines, sans parfums ajout\u00e9s, sans parab\u00e8nes, sans colorants, sans alcool, sans phtalates, sans bronopol et sans methylisothiazolinone.<\/span><\/p>\n<p>&nbsp;<\/p>\n<p><span style=\"color: #800080;\"><b>UTILISATION<\/b><\/span><\/p>\n<p><span style=\"font-weight: 400;\">Apr\u00e8s le shampooing, appliquer sur cheveux essor\u00e9s. Laisser agir 5 \u00e0 15 minutes, et rincer abondamment. Utiliser quotidiennement ou hebdomadairement.<\/span><\/p>\n<p><span style=\"font-weight: 400;\">Attention: \u00e9viter tout contact avec les yeux. Uniquement pour usage externe.<\/span><\/p>\n<p>&nbsp;<\/p>\n<p><span style=\"color: #800080;\"><b>INGR\u00c9DIENTS<\/b><\/span><\/p>\n<p><span style=\"font-weight: 400;\">Eau, huile de noix de coco, Esters de Jojoba, biotine, huile de Costus, acide citrique, Parfum, huile d&rsquo;arbre \u00e0 th\u00e9, vitamine E<\/span><\/p>\n<p>&nbsp;<\/p>\n<p><span style=\"color: #800080;\"><b>JAYDEN\u2019S HAIR CURL CREAM<\/b><\/span><\/p>\n<p><span style=\"font-weight: 400;\">Profitez de la d\u00e9finition, de l&rsquo;humidit\u00e9 et de la facilit\u00e9 de gestion avec la cr\u00e8me \u00e0 friser \u00e0 la noix de coco. Parfait pour tous les mod\u00e8les de boucles et les types de cheveux, cette brillance sans sulfate. Obtenez une sant\u00e9 optimale des cheveux avec cette cr\u00e8me pour boucles qui r\u00e9duit les frisottis et d&rsquo;autres styles pour les cheveux naturels tout en offrant une tenue douce. Pour l&rsquo;utiliser, lisser sur les cheveux humides, section par section, en commen\u00e7ant \u00e0 la racine et en travaillant vers les extr\u00e9mit\u00e9s.<\/span><\/p>\n<p><span style=\"font-weight: 400;\">Caract\u00e9ristique:<\/span><\/p>\n<ol>\n<li><span style=\"font-weight: 400;\"> D\u00e9finit les boucles et offre une tenue douce sans alourdir les cheveux<\/span><\/li>\n<li><span style=\"font-weight: 400;\"> R\u00e9duit les frisottis des cheveux naturellement boucl\u00e9s<\/span><\/li>\n<li><span style=\"font-weight: 400;\"> Parfait pour Wash &amp; Go, twist-outs, tresses et autres styles pour les cheveux naturels.<\/span><\/li>\n<li><span style=\"font-weight: 400;\"> Hydrate et renforce les brins.<\/span><\/li>\n<li><span style=\"font-weight: 400;\"> Id\u00e9al pour les cheveux naturels, les cheveux 4C, les cheveux 3C, les cheveux boucl\u00e9s et cr\u00e9pus, les cheveux d\u00e9color\u00e9s; pour tous types de cheveux<\/span><\/li>\n<\/ol>\n<p>&nbsp;<\/p>\n<p><span style=\"color: #800080;\"><b>UTILISATION<\/b><\/span><\/p>\n<p><span style=\"font-weight: 400;\">Lisser sur les cheveux humides, section par section, en commen\u00e7ant \u00e0 la racine et en travaillant vers les extr\u00e9mit\u00e9s. Ne pas rincer. Peut \u00eatre utilis\u00e9 sur cheveux secs pour r\u00e9hydrater les boucles.<\/span><\/p>\n<p>&nbsp;<\/p>\n<p><span style=\"color: #800080;\"><b>INGR\u00c9DIENTS<\/b><\/span><\/p>\n<p><span style=\"font-weight: 400;\">EAU, BEURRE DE KARIT\u00c9, HUILE D\u2019ARGAN, HUILE DE SOJA, GLYC\u00c9RINE, HUILE D\u2019OLIVE, VITAMINE E, QUINOA HYDROLYS\u00c9<\/span><\/p>\n<p>&nbsp;<\/p>\n<p><span style=\"color: #800080;\"><b>JAYDEN\u2019S HAIR DETANGLING SPRAY<\/b><\/span><\/p>\n<p><span style=\"font-weight: 400;\">Riche en vitamines E, B5, lait de coco, huile d&rsquo;olive et de graines qui sont parfaits m\u00eame pour les cheveux les plus secs. Sans produits chimiques, sans toxines, sans parfums ajout\u00e9s, sans parab\u00e8nes, sans colorants, sans alcool, fait \u00e0 base de plantes pour des cheveux plus sains de la racine aux pointes avec une alimentation sup\u00e9rieure, lisse, humidifie et d\u00e9m\u00eale les cheveux.<\/span><\/p>\n<p>&nbsp;<\/p>\n<p><span style=\"color: #800080;\"><b>UTILISATION<\/b><\/span><\/p>\n<p><span style=\"font-weight: 400;\">Bien agiter avant utilisation! Pulv\u00e9riser g\u00e9n\u00e9reusement sur cheveux humides ou secs; hydrate, lisse et d\u00e9m\u00eale.<\/span><\/p>\n<p>&nbsp;<\/p>\n<p><span style=\"color: #800080;\"><b>INGR\u00c9DIENTS<\/b><\/span><\/p>\n<p><span style=\"font-weight: 400;\">EAU, HUILE DE COCO, EXTRAIT DE PEAU D\u2019ORANGE, EXTRAIT DE FRUITS, \u00c9CORCE DE TANGERINE D\u2019AGRUMES, HUILE D\u2019ARGAN, BEURRE DE KARIT\u00c9, PROT\u00c9INE DE JOJOBA HYDROLYS\u00c9, VITAMINE E, ACIDE CITRIQUE<\/span><\/p>\n<p>&nbsp;<\/p>\n<p><span style=\"color: #800080;\"><b>JAYDEN\u2019S HAIR SERUM<\/b><\/span><\/p>\n<p><span style=\"font-weight: 400;\">Doux et sans rin\u00e7age, ce s\u00e9rum sans alcool, sans couleur synth\u00e9tique aide \u00e0 nourrir les cheveux. Compos\u00e9s d&rsquo;ingr\u00e9dients naturels, d\u2019huile de noix de coco, de beurre de karit\u00e9, de vitamine E, d\u2019huile d&rsquo;arbre \u00e0 th\u00e9, d\u2019huile de biotine qui aident \u00e0 rendre les cheveux plus sains.<\/span><\/p>\n<p><span style=\"font-weight: 400;\">L\u2019extrait d&rsquo;orange et de beurre de karit\u00e9 cr\u00e9e un complexe sain et apaisant pour nourrir les cheveux et le cuir chevelu. Les extraits de noix de coco et d&rsquo;aloe vera hydratent, nourrissent et r\u00e9confortent les soins du cuir chevelu. Adoucit les cheveux, laisse les cheveux soyeux et lisses, stimule la brillance tout en apprivoisant les frisottis, apprivoise les m\u00e8ches. Pour tous les types de cheveux<\/span><\/p>\n<p>&nbsp;<\/p>\n<p><span style=\"color: #800080;\"><b>UTILISATION<\/b><\/span><\/p>\n<p><span style=\"font-weight: 400;\">Appliquer une petite quantit\u00e9 de s\u00e9rum sur les cheveux lav\u00e9s et s\u00e9ch\u00e9s \u00e0 la serviette. R\u00e9partir uniform\u00e9ment \u00e0 travers les cheveux puis brosser doucement.<\/span><\/p>\n<p>&nbsp;<\/p>\n<p><span style=\"color: #800080;\"><b>INGR\u00c9DIENTS<\/b><\/span><\/p>\n<p><span style=\"font-weight: 400;\">EAU, HYDROXYETHYL CELLULOSE, HUILE DE COCO, VITAMINE E, BIOTINE, ACRYLATE DE SODIUM, SODIUM COPOLYM\u00c8RE TAURATE D\u2019ACRYLOYL-DIM\u00c9THYLE, HUILE D\u2019ARGAN, PARFUM<\/span><\/p>\n<p>&nbsp;<\/p>\n<p><span style=\"color: #800080;\"><b>JAYDEN\u2019S HAIR OIL<\/b><\/span><\/p>\n<p><span style=\"font-weight: 400;\">Toujours exempt de produits chimiques, de toxines, de parab\u00e8nes, de colorants, d&rsquo;alcool, et fait d\u2019extrait de graine de th\u00e9 qui est riche pour aider \u00e0 reconstituer, \u00e0 hydrater, \u00e0 nourrir les cheveux, \u00e0 r\u00e9parer en douceur et \u00e0 lisser la fibre capillaire. Nourrit et adoucit les cheveux, r\u00e9duit la fragilit\u00e9, rend les cheveux doux et lisses, facile \u00e0 peigner, soyeux et brillants.<\/span><\/p>\n<p>&nbsp;<\/p>\n<p><span style=\"color: #800080;\"><b>UTILISATION<\/b><\/span><\/p>\n<p><span style=\"font-weight: 400;\">Appliquer la quantit\u00e9 d\u00e9sir\u00e9e de gouttes sur les cheveux et masser.<\/span><\/p>\n<p>&nbsp;<\/p>\n<p><span style=\"color: #800080;\"><b>INGR\u00c9DIENTS<\/b><\/span><\/p>\n<p><span style=\"font-weight: 400;\">TRITICUM VULGANE, GERM OIL, EXTRAIT DE PAPAYE, OLEA EUROPAEA (OLIVE) FRUIT OIL, GRAPE SEED OIL, HEMP SEED OIL, JOJOBA OIL, ALMOND SWEET OIL, BIOTIN<\/span><\/p>\n<p>&nbsp;<\/p>\n<p><span style=\"color: #800080;\"><b>JAYDEN\u2019S HAIR EDGE CONTROL<\/b><\/span><\/p>\n<p><span style=\"font-weight: 400;\">Parfait pour lisser les bords, des cheveux naturels et non naturels en plus d\u2019ajouter de la brillance. <\/span><span style=\"font-weight: 400;\">Utilisez-le pour cr\u00e9er des looks classiques et liss\u00e9s au dos ou pour contr\u00f4ler tout type de cheveux. Pour une tenue longue dur\u00e9e avec une brillance \u00e9lev\u00e9e. Fabriqu\u00e9 avec de l&rsquo;huile d&rsquo;argan naturelle, il s\u2019absorbe rapidement sans r\u00e9sidu huileux, Nourrit et hydrate tout en offrant une prise solide et souple, soluble dans l&rsquo;eau et non gras, Style durable 24 heures, Ingr\u00e9dients sans alcool, sans tests sur les animaux et sans flocons. Ajout\u00e9 avec des extraits de vitamine E qui pr\u00e9viennent la perte de cheveux, les troubles de la peau et du cuir chevelu, soutient les cheveux plus volumineux, plus forts et plus sains.<\/span><\/p>\n<p>&nbsp;<\/p>\n<p><span style=\"color: #800080;\"><b>UTILISATION<\/b><\/span><\/p>\n<p><span style=\"font-weight: 400;\">Appliquer une petite quantit\u00e9 sur les bords, travailler soigneusement dans les cheveux, puis lisser avec un peigne ou une brosse.<\/span><\/p>\n<p><span style=\"font-weight: 400;\">Attention: pour usage externe uniquement. Tenir hors de port\u00e9e des enfants. \u00c9viter le contact avec les yeux.<\/span><\/p>\n<p>&nbsp;<\/p>\n<p><span style=\"color: #800080;\"><b>INGREDIENTS<\/b><\/span><\/p>\n<p><span style=\"font-weight: 400;\">Aqua, cire d&rsquo;abeille, copolym\u00e8re styr\u00e8ne-acrylates, lactate de menthyle, huile d&rsquo;argan, huile de ricin hydrog\u00e9n\u00e9e PEG-40, huile de feuille d&rsquo;ocimum Americanum, parfum.<\/span><\/p>","protected":false},"excerpt":{"rendered":"<p><span style=\"font-weight: 400;\">Jayden\u2019s Hair est une gamme de soins capillaires pour enfants; sans paraben, sans sulfate, sans cruaut\u00e9 sur les animaux, exempt de produits chimiques, de toxines, de parfums ajout\u00e9s, de colorants, d&rsquo;alcool, de phtalates, de bronopol, de m\u00e9thylisothiazolinone et fait uniquement avec des ingr\u00e9dients naturels et biologiques. Formule douce et soyeuse pour enfants qui contient les meilleurs extraits d&rsquo;huile d&rsquo;olive extra vierge et d&rsquo;herbes utilis\u00e9es depuis des g\u00e9n\u00e9rations pour aider \u00e0 renforcer et \u00e0 prot\u00e9ger les cheveux. Lisse les bords et contr\u00f4le les frisottis tout en prot\u00e9geant les cheveux et le cuir chevelu, adoucit et hydrate toute la journ\u00e9e, garde les cheveux forts et magnifiquement sains. Excellent pour toutes les coiffures.<\/span><\/p>\n<p>&nbsp;<\/p>\n<p><span style=\"font-weight: 400;\">Caract\u00e9ristique:<\/span><\/p>\n<ol>\n<li><span style=\"font-weight: 400;\"> Nettoie en douceur la peau et les cheveux d\u00e9licats de votre enfant<\/span><\/li>\n<li><span style=\"font-weight: 400;\"> L&rsquo;huile de s\u00e9same pr\u00e9serve l&rsquo;\u00e9quilibre hydrique naturel de la peau<\/span><\/li>\n<li><span style=\"font-weight: 400;\"> Sp\u00e9cialement d\u00e9velopp\u00e9 pour les enfants \u00e0 partir de trois ans<\/span><\/li>\n<li><span style=\"font-weight: 400;\"> Laisse la peau souple et douce, les cheveux nourris<\/span><\/li>\n<\/ol>","protected":false},"featured_media":1250,"comment_status":"open","ping_status":"closed","template":"","meta":[],"product_brand":[],"product_cat":[59,70],"product_tag":[201,202],"class_list":{"0":"post-1248","1":"product","2":"type-product","3":"status-publish","4":"has-post-thumbnail","6":"product_cat-soins-pour-bebes","7":"product_cat-soins-capillaires-fabriques-au-canada","8":"product_tag-shampoing-doux-pour-enfants-canada","9":"product_tag-soins-capillaires-naturels-pour-enfants-canada","11":"first","12":"instock","13":"shipping-taxable","14":"purchasable","15":"product-type-simple"},"jetpack_sharing_enabled":true,"_links":{"self":[{"href":"https:\/\/testing.almagloriousbeauty.com\/en_ca\/wp-json\/wp\/v2\/product\/1248","targetHints":{"allow":["GET"]}}],"collection":[{"href":"https:\/\/testing.almagloriousbeauty.com\/en_ca\/wp-json\/wp\/v2\/product"}],"about":[{"href":"https:\/\/testing.almagloriousbeauty.com\/en_ca\/wp-json\/wp\/v2\/types\/product"}],"replies":[{"embeddable":true,"href":"https:\/\/testing.almagloriousbeauty.com\/en_ca\/wp-json\/wp\/v2\/comments?post=1248"}],"wp:featuredmedia":[{"embeddable":true,"href":"https:\/\/testing.almagloriousbeauty.com\/en_ca\/wp-json\/wp\/v2\/media\/1250"}],"wp:attachment":[{"href":"https:\/\/testing.almagloriousbeauty.com\/en_ca\/wp-json\/wp\/v2\/media?parent=1248"}],"wp:term":[{"taxonomy":"product_brand","embeddable":true,"href":"https:\/\/testing.almagloriousbeauty.com\/en_ca\/wp-json\/wp\/v2\/product_brand?post=1248"},{"taxonomy":"product_cat","embeddable":true,"href":"https:\/\/testing.almagloriousbeauty.com\/en_ca\/wp-json\/wp\/v2\/product_cat?post=1248"},{"taxonomy":"product_tag","embeddable":true,"href":"https:\/\/testing.almagloriousbeauty.com\/en_ca\/wp-json\/wp\/v2\/product_tag?post=1248"}],"curies":[{"name":"wp","href":"https:\/\/api.w.org\/{rel}","templated":true}]}}