{"id":1252,"date":"2024-11-26T03:27:45","date_gmt":"2024-11-26T03:27:45","guid":{"rendered":"https:\/\/testing.almagloriousbeauty.com\/?post_type=product&#038;p=1252"},"modified":"2025-01-12T14:33:45","modified_gmt":"2025-01-12T14:33:45","slug":"liquid-foundation-l11-et-powder-foundation-translucent-et-matte-lip-et-eyeliner-et-eyebrow","status":"publish","type":"product","link":"https:\/\/testing.almagloriousbeauty.com\/en_ca\/liquid-foundation-l11-et-powder-foundation-translucent-et-matte-lip-et-eyeliner-et-eyebrow\/","title":{"rendered":"LIQUID FOUNDATION #L11 ET POWLIQUID FOUNDATION #L11 ET POWDER FOUNDATION TRANSLUCENT ET MATTE LIP ET EYELINER ET EYEBROWDER FOUNDATION TRANSLUCENT ET MATTE LIP ET EYELINER ET EYEBROW"},"content":{"rendered":"<p>D\u00e9couvrez le <strong>Trio Fond de Teint (#L11 &amp; Translucent)<\/strong> d&rsquo;Alma Glorious Beauty, comprenant un fond de teint liquide, un fond de teint poudre translucide, un rouge \u00e0 l\u00e8vres mat, un eyeliner et un crayon \u00e0 sourcils. Ce set complet offre une couvrance parfaite et une finition naturelle pour un maquillage impeccable.<\/p>","protected":false},"excerpt":{"rendered":"<p>Couleur de Matte lip al\u00e9atoire<\/p>","protected":false},"featured_media":1257,"comment_status":"open","ping_status":"closed","template":"","meta":[],"product_brand":[],"product_cat":[67,60],"product_tag":[196,197],"class_list":{"0":"post-1252","1":"product","2":"type-product","3":"status-publish","4":"has-post-thumbnail","6":"product_cat-maquillage-longue-tenue","7":"product_cat-produits-de-beaute-pour-adultes","8":"product_tag-alma-glorious-beauty-makeup","9":"product_tag-long-lasting-foundation-canada","11":"first","12":"instock","13":"shipping-taxable","14":"purchasable","15":"product-type-simple"},"jetpack_sharing_enabled":true,"_links":{"self":[{"href":"https:\/\/testing.almagloriousbeauty.com\/en_ca\/wp-json\/wp\/v2\/product\/1252","targetHints":{"allow":["GET"]}}],"collection":[{"href":"https:\/\/testing.almagloriousbeauty.com\/en_ca\/wp-json\/wp\/v2\/product"}],"about":[{"href":"https:\/\/testing.almagloriousbeauty.com\/en_ca\/wp-json\/wp\/v2\/types\/product"}],"replies":[{"embeddable":true,"href":"https:\/\/testing.almagloriousbeauty.com\/en_ca\/wp-json\/wp\/v2\/comments?post=1252"}],"wp:featuredmedia":[{"embeddable":true,"href":"https:\/\/testing.almagloriousbeauty.com\/en_ca\/wp-json\/wp\/v2\/media\/1257"}],"wp:attachment":[{"href":"https:\/\/testing.almagloriousbeauty.com\/en_ca\/wp-json\/wp\/v2\/media?parent=1252"}],"wp:term":[{"taxonomy":"product_brand","embeddable":true,"href":"https:\/\/testing.almagloriousbeauty.com\/en_ca\/wp-json\/wp\/v2\/product_brand?post=1252"},{"taxonomy":"product_cat","embeddable":true,"href":"https:\/\/testing.almagloriousbeauty.com\/en_ca\/wp-json\/wp\/v2\/product_cat?post=1252"},{"taxonomy":"product_tag","embeddable":true,"href":"https:\/\/testing.almagloriousbeauty.com\/en_ca\/wp-json\/wp\/v2\/product_tag?post=1252"}],"curies":[{"name":"wp","href":"https:\/\/api.w.org\/{rel}","templated":true}]}}