{"id":1265,"date":"2024-11-27T02:13:25","date_gmt":"2024-11-27T02:13:25","guid":{"rendered":"https:\/\/testing.almagloriousbeauty.com\/?post_type=product&#038;p=1265"},"modified":"2025-06-10T03:23:36","modified_gmt":"2025-06-10T03:23:36","slug":"glorious-repair-and-nourishing-lip-balm","status":"publish","type":"product","link":"https:\/\/testing.almagloriousbeauty.com\/en_ca\/glorious-repair-and-nourishing-lip-balm\/","title":{"rendered":"GLORIOUS REPAIR AND NOURISHING LIP BALM"},"content":{"rendered":"<p><span style=\"color: #800080;\"><b>UTILISATION<\/b><\/span><\/p>\n<p><span style=\"font-weight: 400;\">\u00c0 l\u2019aide de son pinceau, prenez la quantit\u00e9 d\u00e9sir\u00e9e et appliquez-la directement sur vos l\u00e8vres<\/span><span style=\"font-weight: 400;\">.<\/span><\/p>\n<p>&nbsp;<\/p>\n<p><span style=\"color: #800080;\"><b>INGR\u00c9DIENTS<\/b><\/span><\/p>\n<p><span style=\"font-weight: 400;\">SUCROSE, OZOKERITE, MICROCRYSTALLINE WAX, ETHYLHEXYL PALMITATE, PARAFFINUM LIQUIDUM, SILICA DIMETHYL SILYLATE, POLYISOBUTENE, PYRUS MALUS (APPLE) FRUIT EXTRACT, CARTHAMUS TINCTORIUS (SAFFLOWER) SEED OIL, HONEY EXTRACT, HELIANTHUS ANNUUS (SUNFLOWER) SEED OIL, ALOE BARBADENSIS EXTRACT, GLYCINE SOJA (SOYBEAN) OIL, CITRUS LIMON (LEMON)FRUIT EXTRACT, PHENOXYETHANOL, PARFUM, CI 77891, CI 15850<\/span><\/p>","protected":false},"excerpt":{"rendered":"<p><span style=\"font-weight: 400;\">Biologique, v\u00e9g\u00e9tale, notre GLORIOUS REPAIR AND NOURISHING LIP BALM est le soin ultime pour vos glorieuses l\u00e8vres. Hydratant et nourrissant le jour, hydratant et r\u00e9parateur la nuit, il est votre alli\u00e9 incontournable pour des l\u00e8vres glorieuses. Il apaise et aide \u00e0 soulager les l\u00e8vres s\u00e8ches, en leur donnant une apparence et une sensation plus saines. Il laisse vos l\u00e8vres douces, lisses, propres, r\u00e9par\u00e9es pour une beaut\u00e9 encore plus glorieuse avec un glow souhait\u00e9.<\/span><\/p>","protected":false},"featured_media":1266,"comment_status":"open","ping_status":"closed","template":"","meta":[],"product_brand":[],"product_cat":[67,60],"product_tag":[],"class_list":{"0":"post-1265","1":"product","2":"type-product","3":"status-publish","4":"has-post-thumbnail","6":"product_cat-maquillage-longue-tenue","7":"product_cat-produits-de-beaute-pour-adultes","8":"aux-has-gallery","10":"first","11":"instock","12":"shipping-taxable","13":"purchasable","14":"product-type-variable"},"jetpack_sharing_enabled":true,"_links":{"self":[{"href":"https:\/\/testing.almagloriousbeauty.com\/en_ca\/wp-json\/wp\/v2\/product\/1265","targetHints":{"allow":["GET"]}}],"collection":[{"href":"https:\/\/testing.almagloriousbeauty.com\/en_ca\/wp-json\/wp\/v2\/product"}],"about":[{"href":"https:\/\/testing.almagloriousbeauty.com\/en_ca\/wp-json\/wp\/v2\/types\/product"}],"replies":[{"embeddable":true,"href":"https:\/\/testing.almagloriousbeauty.com\/en_ca\/wp-json\/wp\/v2\/comments?post=1265"}],"wp:featuredmedia":[{"embeddable":true,"href":"https:\/\/testing.almagloriousbeauty.com\/en_ca\/wp-json\/wp\/v2\/media\/1266"}],"wp:attachment":[{"href":"https:\/\/testing.almagloriousbeauty.com\/en_ca\/wp-json\/wp\/v2\/media?parent=1265"}],"wp:term":[{"taxonomy":"product_brand","embeddable":true,"href":"https:\/\/testing.almagloriousbeauty.com\/en_ca\/wp-json\/wp\/v2\/product_brand?post=1265"},{"taxonomy":"product_cat","embeddable":true,"href":"https:\/\/testing.almagloriousbeauty.com\/en_ca\/wp-json\/wp\/v2\/product_cat?post=1265"},{"taxonomy":"product_tag","embeddable":true,"href":"https:\/\/testing.almagloriousbeauty.com\/en_ca\/wp-json\/wp\/v2\/product_tag?post=1265"}],"curies":[{"name":"wp","href":"https:\/\/api.w.org\/{rel}","templated":true}]}}