{"id":1293,"date":"2024-11-29T02:38:27","date_gmt":"2024-11-29T02:38:27","guid":{"rendered":"https:\/\/testing.almagloriousbeauty.com\/?post_type=product&#038;p=1293"},"modified":"2025-05-03T00:42:36","modified_gmt":"2025-05-03T00:42:36","slug":"jaydens-skin","status":"publish","type":"product","link":"https:\/\/testing.almagloriousbeauty.com\/en_ca\/jaydens-skin\/","title":{"rendered":"JAYDEN&rsquo;S SKIN"},"content":{"rendered":"<p>D\u00e9couvrez <strong>Jayden&rsquo;s Skin<\/strong>, une gamme de soins naturels sp\u00e9cialement con\u00e7ue pour la peau d\u00e9licate des enfants. Enrichis en huile de cam\u00e9lia, extrait d&rsquo;avocat et camomille, nos produits offrent une hydratation profonde et un nettoyage doux, tout en prot\u00e9geant la peau sensible des agressions ext\u00e9rieures.<\/p>\n<p>Offrez \u00e0 votre enfant des soins adapt\u00e9s pour une peau douce, saine et nourrie au quotidien, m\u00eame dans les climats rigoureux comme l&rsquo;hiver canadien.<\/p>\n<p><a href=\"https:\/\/medium.com\/@almagloriousbeauty\/jaydens-skin-the-gentle-skincare-solution-for-children-in-canada-0ffa3bce9acc\" target=\"_blank\" rel=\"noopener\"><strong>En savoir plus ici<\/strong><\/a><\/p>","protected":false},"excerpt":{"rendered":"<p><span style=\"font-weight: 400;\">Sp\u00e9cialement formul\u00e9 pour la peau d\u00e9licate des enfants, Jayden\u2019s SKin est riche en huile de graines de cam\u00e9lia, en extrait d\u2019avocat, en extrait de camomille et en extraits apaisants comme l\u2019avoine, hydrate pendant 24h heures; apaise et aide \u00e0 laisser la peau douce, lisse et d&rsquo;apparence saine.<\/span><\/p>","protected":false},"featured_media":1294,"comment_status":"open","ping_status":"closed","template":"","meta":[],"product_brand":[],"product_cat":[59,69],"product_tag":[],"class_list":{"0":"post-1293","1":"product","2":"type-product","3":"status-publish","4":"has-post-thumbnail","6":"product_cat-soins-pour-bebes","7":"product_cat-soins-pour-peau-sensible-au-canada","9":"first","10":"instock","11":"shipping-taxable","12":"purchasable","13":"product-type-simple"},"jetpack_sharing_enabled":true,"_links":{"self":[{"href":"https:\/\/testing.almagloriousbeauty.com\/en_ca\/wp-json\/wp\/v2\/product\/1293","targetHints":{"allow":["GET"]}}],"collection":[{"href":"https:\/\/testing.almagloriousbeauty.com\/en_ca\/wp-json\/wp\/v2\/product"}],"about":[{"href":"https:\/\/testing.almagloriousbeauty.com\/en_ca\/wp-json\/wp\/v2\/types\/product"}],"replies":[{"embeddable":true,"href":"https:\/\/testing.almagloriousbeauty.com\/en_ca\/wp-json\/wp\/v2\/comments?post=1293"}],"wp:featuredmedia":[{"embeddable":true,"href":"https:\/\/testing.almagloriousbeauty.com\/en_ca\/wp-json\/wp\/v2\/media\/1294"}],"wp:attachment":[{"href":"https:\/\/testing.almagloriousbeauty.com\/en_ca\/wp-json\/wp\/v2\/media?parent=1293"}],"wp:term":[{"taxonomy":"product_brand","embeddable":true,"href":"https:\/\/testing.almagloriousbeauty.com\/en_ca\/wp-json\/wp\/v2\/product_brand?post=1293"},{"taxonomy":"product_cat","embeddable":true,"href":"https:\/\/testing.almagloriousbeauty.com\/en_ca\/wp-json\/wp\/v2\/product_cat?post=1293"},{"taxonomy":"product_tag","embeddable":true,"href":"https:\/\/testing.almagloriousbeauty.com\/en_ca\/wp-json\/wp\/v2\/product_tag?post=1293"}],"curies":[{"name":"wp","href":"https:\/\/api.w.org\/{rel}","templated":true}]}}