{"id":1295,"date":"2024-11-29T02:50:25","date_gmt":"2024-11-29T02:50:25","guid":{"rendered":"https:\/\/testing.almagloriousbeauty.com\/?post_type=product&#038;p=1295"},"modified":"2025-06-21T02:26:35","modified_gmt":"2025-06-21T02:26:35","slug":"jaydens-skin-wash-shampoo-lotion","status":"publish","type":"product","link":"https:\/\/testing.almagloriousbeauty.com\/en_ca\/jaydens-skin-wash-shampoo-lotion\/","title":{"rendered":"JAYDEN&rsquo;S SKIN WASH &#038; SHAMPOO &#038; LOTION"},"content":{"rendered":"<p>Offrez \u00e0 la peau d\u00e9licate de votre enfant les soins doux dont elle a besoin avec JAYDEN&rsquo;S SKIN WASH &amp; SHAMPOO &amp; LOTION. Enrichie en ingr\u00e9dients naturels tels que l&rsquo;huile de cam\u00e9lia, l&rsquo;extrait d&rsquo;avocat et la camomille, cette gamme offre une hydratation en profondeur, un nettoyage doux et une nutrition pour une peau douce et en pleine sant\u00e9. Id\u00e9al pour un usage quotidien et sans produits chimiques agressifs, c\u2019est le choix parfait pour la peau sensible de votre enfant.<\/p>\n<p>Donnez \u00e0 votre enfant des soins adapt\u00e9s \u00e0 ses besoins et d\u00e9couvrez comment cette gamme peut transformer sa routine de soins de la peau.<a href=\"https:\/\/medium.com\/@almagloriousbeauty\/is-your-childs-skin-getting-the-care-it-deserves-discover-jayden-s-skin-wash-shampoo-lotion-89ed209f3d67\" target=\"_blank\" rel=\"noopener\"> <strong>En savoir plus ici<\/strong>.<\/a><\/p>","protected":false},"excerpt":{"rendered":"<p><span style=\"font-weight: 400;\">Sp\u00e9cialement formul\u00e9 pour la peau d\u00e9licate des enfants, Jayden\u2019s SKin est riche en huile de graines de cam\u00e9lia, en extrait d\u2019avocat, en extrait de camomille et en extraits apaisants comme l\u2019avoine, hydrate pendant 24h heures; apaise et aide \u00e0 laisser la peau douce, lisse et d&rsquo;apparence saine.<\/span><\/p>\n<p>&nbsp;<\/p>","protected":false},"featured_media":0,"comment_status":"open","ping_status":"closed","template":"","meta":[],"product_brand":[],"product_cat":[59,69],"product_tag":[],"class_list":{"0":"post-1295","1":"product","2":"type-product","3":"status-publish","5":"product_cat-soins-pour-bebes","6":"product_cat-soins-pour-peau-sensible-au-canada","8":"first","9":"instock","10":"shipping-taxable","11":"purchasable","12":"product-type-simple"},"jetpack_sharing_enabled":true,"_links":{"self":[{"href":"https:\/\/testing.almagloriousbeauty.com\/en_ca\/wp-json\/wp\/v2\/product\/1295","targetHints":{"allow":["GET"]}}],"collection":[{"href":"https:\/\/testing.almagloriousbeauty.com\/en_ca\/wp-json\/wp\/v2\/product"}],"about":[{"href":"https:\/\/testing.almagloriousbeauty.com\/en_ca\/wp-json\/wp\/v2\/types\/product"}],"replies":[{"embeddable":true,"href":"https:\/\/testing.almagloriousbeauty.com\/en_ca\/wp-json\/wp\/v2\/comments?post=1295"}],"wp:attachment":[{"href":"https:\/\/testing.almagloriousbeauty.com\/en_ca\/wp-json\/wp\/v2\/media?parent=1295"}],"wp:term":[{"taxonomy":"product_brand","embeddable":true,"href":"https:\/\/testing.almagloriousbeauty.com\/en_ca\/wp-json\/wp\/v2\/product_brand?post=1295"},{"taxonomy":"product_cat","embeddable":true,"href":"https:\/\/testing.almagloriousbeauty.com\/en_ca\/wp-json\/wp\/v2\/product_cat?post=1295"},{"taxonomy":"product_tag","embeddable":true,"href":"https:\/\/testing.almagloriousbeauty.com\/en_ca\/wp-json\/wp\/v2\/product_tag?post=1295"}],"curies":[{"name":"wp","href":"https:\/\/api.w.org\/{rel}","templated":true}]}}