{"id":1316,"date":"2024-11-30T14:31:16","date_gmt":"2024-11-30T14:31:16","guid":{"rendered":"https:\/\/testing.almagloriousbeauty.com\/?post_type=product&#038;p=1316"},"modified":"2025-05-03T16:09:20","modified_gmt":"2025-05-03T16:09:20","slug":"perfect-glorious-glow-oil-3","status":"publish","type":"product","link":"https:\/\/testing.almagloriousbeauty.com\/en_ca\/perfect-glorious-glow-oil-3\/","title":{"rendered":"PERFECT GLORIOUS GLOW OIL"},"content":{"rendered":"<p><span style=\"color: #800080;\"><b>Utilisation<\/b><\/span><\/p>\n<p><span style=\"font-weight: 400;\">Sur une peau nettoy\u00e9e, prenez la quantit\u00e9 appropri\u00e9e d&rsquo;huile essentielle, environ 5 \u00e0 10 ml \u00e0 chaque fois, frotter dans votre paume de main et effectuez un massage sur votre glorieux corps avec des mouvements circulaires<\/span><\/p>\n<p>&nbsp;<\/p>\n<p><span style=\"color: #800080;\"><b>Ingr\u00e9dients et effets<\/b><\/span><\/p>\n<p><span style=\"font-weight: 400;\">Huile min\u00e9rale: aide \u00e0 limiter la d\u00e9shydratation de la peau<\/span><\/p>\n<p><span style=\"font-weight: 400;\">Huile de graines HIPPOPHAE RHAMNOIDES: nourrit les membranes cutan\u00e9es et aide \u00e0 la cr\u00e9ation du collag\u00e8ne ce qui am\u00e9liore l\u2019\u00e9lasticit\u00e9 de la peau afin de vous donner une peau d\u2019apparence jeune et saine.<\/span><\/p>\n<p><span style=\"font-weight: 400;\">Squal\u00e8ne: aide \u00e0 apaiser et \u00e0 adoucir votre glorieuse peau en emprisonnant l\u2019humidit\u00e9 \u00e0 l\u2019int\u00e9rieur.<\/span><\/p>\n<p><span style=\"font-weight: 400;\">Huile de fruits OLEA EUROPAEA: excellent <\/span><span style=\"font-weight: 400;\">EMOLLIENT<\/span><span style=\"font-weight: 400;\"> qui aide \u00e0 l\u2019adoucissement de la peau<\/span><\/p>\n<p><span style=\"font-weight: 400;\">Vitamine E: Renforce la barri\u00e8re cutan\u00e9e de la peau, effet hydratant, protection contre les d\u00e9g\u00e2ts des radicaux libres, agit sur l\u2019hyperpigmentation et prot\u00e8ge des expositions au soleil.<\/span><\/p>\n<p><span style=\"font-weight: 400;\">Huile de PRUNUS AMYGDALUS DULCIS: excellent <\/span><span style=\"font-weight: 400;\">EMOLLIENT qui nourrit la peau et la prot\u00e8ge des effets du dess\u00e8chement cutan\u00e9; r\u00e9pare la peau en profondeur<\/span><\/p>\n<p><span style=\"font-weight: 400;\">Huile de graines de VITIS VINIFERA: r\u00e9g\u00e9n\u00e9rante, elle renforce le film hydrolipidique; anti-inflammatoire, elle joue un grand r\u00f4le sur les peaux \u00e0 tendance acn\u00e9ique, grasse et mixte. Id\u00e9ale aussi pour les soins anti-\u00e2ge.<\/span><\/p>\n<p><span style=\"font-weight: 400;\">Huile de PERSEA GRATISSIMA: assouplit, prot\u00e8ge et donne une douceur \u00e0 votre peau tout en redonnant l\u2019\u00e9lasticit\u00e9 et le confort \u00e0 votre glorieuse peau. R\u00e9g\u00e9n\u00e9rante et restructurante, elle lutte contre les signes du vieillissement cutan\u00e9 en la nourrissant et en la prot\u00e9geant des agressions externes.\u00a0<\/span><\/p>\n<p><span style=\"font-weight: 400;\">Huile de PELARGONIUM GRAVEOLENIUM: puissant tonifiant pour la peau, anti-infectieux, anti-inflammatoires et cicatrisant. <\/span><\/p>","protected":false},"excerpt":{"rendered":"<p><span style=\"font-weight: 400;\">Compos\u00e9 principalement de Glutathione et de Vitamine C, notre huile essentielle visage et corps Perfect Glorious Glow Oil vous apporter un glow d\u00e9passant vos attentes:<\/span><\/p>\n<ul>\n<li style=\"font-weight: 400;\" aria-level=\"1\"><span style=\"font-weight: 400;\">hydratation et adoucissement en profondeur<\/span><\/li>\n<li style=\"font-weight: 400;\" aria-level=\"1\"><span style=\"font-weight: 400;\">R\u00e9paration de la peau<\/span><\/li>\n<li style=\"font-weight: 400;\" aria-level=\"1\"><span style=\"font-weight: 400;\">Pr\u00e9vention des rides et \u00e9claircissement du teint<\/span><\/li>\n<li style=\"font-weight: 400;\" aria-level=\"1\"><span style=\"font-weight: 400;\">Resserre la peau de l&rsquo;int\u00e9rieur, am\u00e9liore la cellulite et raffermit la peau<\/span><\/li>\n<li style=\"font-weight: 400;\" aria-level=\"1\"><span style=\"font-weight: 400;\">Exfoliation de l\u2019\u00e9piderme et m\u00eame des peaux \u00e9paisses<\/span><\/li>\n<\/ul>","protected":false},"featured_media":1317,"comment_status":"open","ping_status":"closed","template":"","meta":[],"product_brand":[],"product_cat":[60,65],"product_tag":[185,183,186,184],"class_list":{"0":"post-1316","1":"product","2":"type-product","3":"status-publish","4":"has-post-thumbnail","6":"product_cat-produits-de-beaute-pour-adultes","7":"product_cat-creme-nourrissante-pour-le-corps","8":"product_tag-huile-de-corps-glow","9":"product_tag-huile-de-glow-pour-peau-radieuse","10":"product_tag-huile-hydratante-pour-peau-douce","11":"product_tag-huile-nourrissante-pour-peau","13":"first","14":"instock","15":"shipping-taxable","16":"purchasable","17":"product-type-simple"},"jetpack_sharing_enabled":true,"_links":{"self":[{"href":"https:\/\/testing.almagloriousbeauty.com\/en_ca\/wp-json\/wp\/v2\/product\/1316","targetHints":{"allow":["GET"]}}],"collection":[{"href":"https:\/\/testing.almagloriousbeauty.com\/en_ca\/wp-json\/wp\/v2\/product"}],"about":[{"href":"https:\/\/testing.almagloriousbeauty.com\/en_ca\/wp-json\/wp\/v2\/types\/product"}],"replies":[{"embeddable":true,"href":"https:\/\/testing.almagloriousbeauty.com\/en_ca\/wp-json\/wp\/v2\/comments?post=1316"}],"wp:featuredmedia":[{"embeddable":true,"href":"https:\/\/testing.almagloriousbeauty.com\/en_ca\/wp-json\/wp\/v2\/media\/1317"}],"wp:attachment":[{"href":"https:\/\/testing.almagloriousbeauty.com\/en_ca\/wp-json\/wp\/v2\/media?parent=1316"}],"wp:term":[{"taxonomy":"product_brand","embeddable":true,"href":"https:\/\/testing.almagloriousbeauty.com\/en_ca\/wp-json\/wp\/v2\/product_brand?post=1316"},{"taxonomy":"product_cat","embeddable":true,"href":"https:\/\/testing.almagloriousbeauty.com\/en_ca\/wp-json\/wp\/v2\/product_cat?post=1316"},{"taxonomy":"product_tag","embeddable":true,"href":"https:\/\/testing.almagloriousbeauty.com\/en_ca\/wp-json\/wp\/v2\/product_tag?post=1316"}],"curies":[{"name":"wp","href":"https:\/\/api.w.org\/{rel}","templated":true}]}}