{"id":1530,"date":"2025-04-08T20:49:23","date_gmt":"2025-04-08T20:49:23","guid":{"rendered":"https:\/\/testing.almagloriousbeauty.com\/?post_type=product&#038;p=1530"},"modified":"2025-07-19T03:40:36","modified_gmt":"2025-07-19T03:40:36","slug":"glorious-glow-lemon-soap","status":"publish","type":"product","link":"https:\/\/testing.almagloriousbeauty.com\/en_ca\/glorious-glow-lemon-soap\/","title":{"rendered":"GLORIOUS GLOW LEMON SOAP"},"content":{"rendered":"<p><span style=\"color: #800080;\"><b>Utilisation<\/b><\/span><\/p>\n<p>Mouillez la partie \u00e0 nettoyer, s\u2019il s\u2019agit de votre visage, faites mousser votre glorious glow soap dans votre paume de main et utilisez cette mousse pour l\u2019appliquer avec douceur sur votre visage puis rincez. Pour ce qui est du reste du corps d\u00e9j\u00e0 humidifi\u00e9 par de l\u2019eau, vous pouvez frotter votre savon le long du reste du corps et gr\u00e2ce \u00e0 votre gant exfoliant corporel, appliquez des mouvements circulaires puis rincez.<\/p>\n<p>&nbsp;<\/p>\n<p><span style=\"color: #800080;\"><b>Ingr\u00e9dients et effets<\/b><\/span><\/p>\n<p>Beurre de karit\u00e9\u00a0: Votre peau est rugueuse? Fendill\u00e9e? Ne vous inqui\u00e9tez plus et optez pour cette gamme\u00a0 cet actif nourrissant saura p\u00e9n\u00e9trer les peaux les plus rugueuses afin d\u2019augmenter la r\u00e9tention en eau et r\u00e9duire la d\u00e9shydratation de la peau<\/p>\n<p>Huile d\u2019olive\u00a0: int\u00e9gr\u00e9e au R\u00e9tinol pr\u00e9sent dans cette glorieuse gamme, elle ressort sa propri\u00e9t\u00e9 de pr\u00e9vention du vieillissement cutan\u00e9. Elle est aussi apaisante et r\u00e9paratrice.<\/p>\n<p>Citron: Riche en acide citrique et en vitamine C, le citron a des vertus anti t\u00e2ches, antiseptiques et \u00e9claircissantes<\/p>\n<p>Glyc\u00e9rine: Hydratante, elle rend la peau douce, lisse et fra\u00eeche<\/p>","protected":false},"excerpt":{"rendered":"<p>Ce savon de citron aide \u00e0 bien traiter l\u2019acn\u00e9 et \u00e0 am\u00e9liorer l\u2019\u00e9quilibre de l\u2019\u00e9tat de la peau de la surface de votre peau, nettoie la salet\u00e9 et l\u2019exc\u00e8s d\u2019huile sur votre visage. \u00c9limine l\u2019acn\u00e9 et les acariens. Le beurre de karit\u00e9 non raffin\u00e9 est un excellent agent hydratant et anti-acn\u00e9 organique, qui fournit une humidit\u00e9 abondante qui stimule l\u2019humidit\u00e9 de la peau, il fonctionne \u00e9galement bien sur la lutte contre l\u2019acn\u00e9.<\/p>","protected":false},"featured_media":1531,"comment_status":"open","ping_status":"closed","template":"","meta":[],"product_brand":[],"product_cat":[60,162,65],"product_tag":[],"class_list":{"0":"post-1530","1":"product","2":"type-product","3":"status-publish","4":"has-post-thumbnail","6":"product_cat-produits-de-beaute-pour-adultes","7":"product_cat-savons-naturels-pour-tous-types-de-peaux","8":"product_cat-creme-nourrissante-pour-le-corps","10":"first","11":"instock","12":"shipping-taxable","13":"purchasable","14":"product-type-simple"},"jetpack_sharing_enabled":true,"_links":{"self":[{"href":"https:\/\/testing.almagloriousbeauty.com\/en_ca\/wp-json\/wp\/v2\/product\/1530","targetHints":{"allow":["GET"]}}],"collection":[{"href":"https:\/\/testing.almagloriousbeauty.com\/en_ca\/wp-json\/wp\/v2\/product"}],"about":[{"href":"https:\/\/testing.almagloriousbeauty.com\/en_ca\/wp-json\/wp\/v2\/types\/product"}],"replies":[{"embeddable":true,"href":"https:\/\/testing.almagloriousbeauty.com\/en_ca\/wp-json\/wp\/v2\/comments?post=1530"}],"wp:featuredmedia":[{"embeddable":true,"href":"https:\/\/testing.almagloriousbeauty.com\/en_ca\/wp-json\/wp\/v2\/media\/1531"}],"wp:attachment":[{"href":"https:\/\/testing.almagloriousbeauty.com\/en_ca\/wp-json\/wp\/v2\/media?parent=1530"}],"wp:term":[{"taxonomy":"product_brand","embeddable":true,"href":"https:\/\/testing.almagloriousbeauty.com\/en_ca\/wp-json\/wp\/v2\/product_brand?post=1530"},{"taxonomy":"product_cat","embeddable":true,"href":"https:\/\/testing.almagloriousbeauty.com\/en_ca\/wp-json\/wp\/v2\/product_cat?post=1530"},{"taxonomy":"product_tag","embeddable":true,"href":"https:\/\/testing.almagloriousbeauty.com\/en_ca\/wp-json\/wp\/v2\/product_tag?post=1530"}],"curies":[{"name":"wp","href":"https:\/\/api.w.org\/{rel}","templated":true}]}}