{"id":1532,"date":"2025-04-08T20:57:42","date_gmt":"2025-04-08T20:57:42","guid":{"rendered":"https:\/\/testing.almagloriousbeauty.com\/?post_type=product&#038;p=1532"},"modified":"2025-11-09T08:39:36","modified_gmt":"2025-11-09T08:39:36","slug":"ebene-glorious-glow-soap-24k-2","status":"publish","type":"product","link":"https:\/\/testing.almagloriousbeauty.com\/en_ca\/ebene-glorious-glow-soap-24k-2\/","title":{"rendered":"EBENE GLORIOUS GLOW SOAP 24K"},"content":{"rendered":"<p><span style=\"color: #800080;\"><b>Utilisation<\/b><\/span><\/p>\n<p>&nbsp;<\/p>\n<p>Mouillez la partie \u00e0 nettoyer, s\u2019il s\u2019agit de votre visage, faites mousser votre Ebene Glorious Glow Soap dans votre paume de main et utilisez cette mousse pour l\u2019appliquer avec douceur sur votre visage puis rincez. Pour ce qui est du reste du corps d\u00e9j\u00e0 humidifi\u00e9 par de l\u2019eau, vous pouvez frotter votre savon le long du reste du corps et gr\u00e2ce \u00e0 votre gant exfoliant corporel, appliquez des mouvements circulaires puis rincez.<\/p>\n<p>&nbsp;<\/p>\n<p><span style=\"color: #800080;\"><b>Ingr\u00e9dients et effets<\/b><\/span><\/p>\n<p>&nbsp;<\/p>\n<p>Or 24 carats: unifie le teint, r\u00e9duit les t\u00e2ches pigmentaires et les imperfections offrant ainsi un teint plus glow et uniforme; apaisant.<\/p>\n<p>Collag\u00e8ne: agit comme une barri\u00e8re qui aide \u00e0 retenir l\u2019eau dans les cellules cutan\u00e9es ce qui donne une peau hydrat\u00e9e, plus souple, plus douce et encore plus lumineuse.<\/p>\n<p>Charbon de bambou: adoucit la peau, \u00e9quilibre la production de s\u00e9bum et les niveaux d\u2019hydratation, minimise les pores dilat\u00e9es et nettoie en profondeur les diff\u00e9rentes couches de la peau. Poss\u00e8de des propri\u00e9t\u00e9s antivirales et antibact\u00e9riennes efficace pour la sant\u00e9 de la peau; id\u00e9ale pour les peaux grasses et sujet \u00e0 l\u2019acn\u00e9<\/p>\n<p>Acide hyaluronique: S\u2019incruste intens\u00e9ment dans la peau en augmentant son \u00e9lasticit\u00e9, en activant son hydratation et sa r\u00e9g\u00e9n\u00e9ration; r\u00e9duit l\u2019apparence des ridules et des rides en retenant l\u2019humidit\u00e9 dans la peau.<\/p>\n<p>Huile d\u2019olive: Hydrate en profondeur, r\u00e9duit les inflammations, exfolie en douceur, diminue l\u2019apparence des rides et des ridules, r\u00e9pare les d\u00e9g\u00e2ts des agressions ext\u00e9rieures, apaise la peau.<\/p>","protected":false},"excerpt":{"rendered":"<p>Charbon de bambou au collag\u00e8ne or 24K, notre savon organique anti-acn\u00e9 saura vous procurer un nettoyage en profondeur tout en vous soulageant des d\u00e9mangeaisons; il saura \u00e9liminer les points et t\u00e2ches noires en exfoliant votre magnifique peau.<\/p>","protected":false},"featured_media":1533,"comment_status":"open","ping_status":"closed","template":"","meta":[],"product_brand":[],"product_cat":[60,162,65],"product_tag":[],"class_list":{"0":"post-1532","1":"product","2":"type-product","3":"status-publish","4":"has-post-thumbnail","6":"product_cat-produits-de-beaute-pour-adultes","7":"product_cat-savons-naturels-pour-tous-types-de-peaux","8":"product_cat-creme-nourrissante-pour-le-corps","10":"first","11":"instock","12":"shipping-taxable","13":"purchasable","14":"product-type-simple"},"jetpack_sharing_enabled":true,"_links":{"self":[{"href":"https:\/\/testing.almagloriousbeauty.com\/en_ca\/wp-json\/wp\/v2\/product\/1532","targetHints":{"allow":["GET"]}}],"collection":[{"href":"https:\/\/testing.almagloriousbeauty.com\/en_ca\/wp-json\/wp\/v2\/product"}],"about":[{"href":"https:\/\/testing.almagloriousbeauty.com\/en_ca\/wp-json\/wp\/v2\/types\/product"}],"replies":[{"embeddable":true,"href":"https:\/\/testing.almagloriousbeauty.com\/en_ca\/wp-json\/wp\/v2\/comments?post=1532"}],"wp:featuredmedia":[{"embeddable":true,"href":"https:\/\/testing.almagloriousbeauty.com\/en_ca\/wp-json\/wp\/v2\/media\/1533"}],"wp:attachment":[{"href":"https:\/\/testing.almagloriousbeauty.com\/en_ca\/wp-json\/wp\/v2\/media?parent=1532"}],"wp:term":[{"taxonomy":"product_brand","embeddable":true,"href":"https:\/\/testing.almagloriousbeauty.com\/en_ca\/wp-json\/wp\/v2\/product_brand?post=1532"},{"taxonomy":"product_cat","embeddable":true,"href":"https:\/\/testing.almagloriousbeauty.com\/en_ca\/wp-json\/wp\/v2\/product_cat?post=1532"},{"taxonomy":"product_tag","embeddable":true,"href":"https:\/\/testing.almagloriousbeauty.com\/en_ca\/wp-json\/wp\/v2\/product_tag?post=1532"}],"curies":[{"name":"wp","href":"https:\/\/api.w.org\/{rel}","templated":true}]}}