{"id":1561,"date":"2025-05-03T16:23:18","date_gmt":"2025-05-03T16:23:18","guid":{"rendered":"https:\/\/testing.almagloriousbeauty.com\/?post_type=product&#038;p=1561"},"modified":"2025-11-09T09:00:16","modified_gmt":"2025-11-09T09:00:16","slug":"perfect-glorious-glow-oil","status":"publish","type":"product","link":"https:\/\/testing.almagloriousbeauty.com\/en_ca\/perfect-glorious-glow-oil\/","title":{"rendered":"PERFECT GLORIOUS GLOW OIL"},"content":{"rendered":"<p><span style=\"color: #800080;\"><b>Utilisation<\/b><\/span><\/p>\n<p>Sur une peau nettoy\u00e9e, prenez la quantit\u00e9 appropri\u00e9e d\u2019huile essentielle, environ 5 \u00e0 10 ml \u00e0 chaque fois, frotter dans votre paume de main et effectuez un massage sur votre glorieux corps avec des mouvements circulaires<\/p>\n<p>&nbsp;<\/p>\n<p><span style=\"color: #800080;\"><b>Ingr\u00e9dients et effets<\/b><\/span><\/p>\n<p>Huile min\u00e9rale: aide \u00e0 limiter la d\u00e9shydratation de la peau<\/p>\n<p>Huile de graines HIPPOPHAE RHAMNOIDES: nourrit les membranes cutan\u00e9es et aide \u00e0 la cr\u00e9ation du collag\u00e8ne ce qui am\u00e9liore l\u2019\u00e9lasticit\u00e9 de la peau afin de vous donner une peau d\u2019apparence jeune et saine.<\/p>\n<p>Squal\u00e8ne: aide \u00e0 apaiser et \u00e0 adoucir votre glorieuse peau en emprisonnant l\u2019humidit\u00e9 \u00e0 l\u2019int\u00e9rieur.<\/p>\n<p>Huile de fruits OLEA EUROPAEA: excellent\u00a0EMOLLIENT\u00a0qui aide \u00e0 l\u2019adoucissement de la peau<\/p>\n<p>Vitamine E: Renforce la barri\u00e8re cutan\u00e9e de la peau, effet hydratant, protection contre les d\u00e9g\u00e2ts des radicaux libres, agit sur l\u2019hyperpigmentation et prot\u00e8ge des expositions au soleil.<\/p>\n<p>Huile de PRUNUS AMYGDALUS DULCIS: excellent\u00a0EMOLLIENT qui nourrit la peau et la prot\u00e8ge des effets du dess\u00e8chement cutan\u00e9; r\u00e9pare la peau en profondeur<\/p>\n<p>Huile de graines de VITIS VINIFERA: r\u00e9g\u00e9n\u00e9rante, elle renforce le film hydrolipidique; anti-inflammatoire, elle joue un grand r\u00f4le sur les peaux \u00e0 tendance acn\u00e9ique, grasse et mixte. Id\u00e9ale aussi pour les soins anti-\u00e2ge.<\/p>\n<p>Huile de PERSEA GRATISSIMA: assouplit, prot\u00e8ge et donne une douceur \u00e0 votre peau tout en redonnant l\u2019\u00e9lasticit\u00e9 et le confort \u00e0 votre glorieuse peau. R\u00e9g\u00e9n\u00e9rante et restructurante, elle lutte contre les signes du vieillissement cutan\u00e9 en la nourrissant et en la prot\u00e9geant des agressions externes.<\/p>\n<p>Huile de PELARGONIUM GRAVEOLENIUM: puissant tonifiant pour la peau, anti-infectieux, anti-inflammatoires et cicatrisant.<\/p>","protected":false},"excerpt":{"rendered":"<p>Compos\u00e9 principalement de Glutathione et de Vitamine C, notre huile essentielle visage et corps Perfect Glorious Glow Oil vous apporter un glow d\u00e9passant vos attentes:<\/p>\n<ul>\n<li aria-level=\"1\">hydratation et adoucissement en profondeur<\/li>\n<li aria-level=\"1\">R\u00e9paration de la peau<\/li>\n<li aria-level=\"1\">Pr\u00e9vention des rides et \u00e9claircissement du teint<\/li>\n<li aria-level=\"1\">Resserre la peau de l\u2019int\u00e9rieur, am\u00e9liore la cellulite et raffermit la peau<\/li>\n<li aria-level=\"1\">Exfoliation de l\u2019\u00e9piderme et m\u00eame des peaux \u00e9paisses<\/li>\n<\/ul>","protected":false},"featured_media":1317,"comment_status":"open","ping_status":"closed","template":"","meta":[],"product_brand":[],"product_cat":[60,163],"product_tag":[],"class_list":{"0":"post-1561","1":"product","2":"type-product","3":"status-publish","4":"has-post-thumbnail","6":"product_cat-produits-de-beaute-pour-adultes","7":"product_cat-huile-corporelle","9":"first","10":"instock","11":"shipping-taxable","12":"purchasable","13":"product-type-simple"},"jetpack_sharing_enabled":true,"_links":{"self":[{"href":"https:\/\/testing.almagloriousbeauty.com\/en_ca\/wp-json\/wp\/v2\/product\/1561","targetHints":{"allow":["GET"]}}],"collection":[{"href":"https:\/\/testing.almagloriousbeauty.com\/en_ca\/wp-json\/wp\/v2\/product"}],"about":[{"href":"https:\/\/testing.almagloriousbeauty.com\/en_ca\/wp-json\/wp\/v2\/types\/product"}],"replies":[{"embeddable":true,"href":"https:\/\/testing.almagloriousbeauty.com\/en_ca\/wp-json\/wp\/v2\/comments?post=1561"}],"wp:featuredmedia":[{"embeddable":true,"href":"https:\/\/testing.almagloriousbeauty.com\/en_ca\/wp-json\/wp\/v2\/media\/1317"}],"wp:attachment":[{"href":"https:\/\/testing.almagloriousbeauty.com\/en_ca\/wp-json\/wp\/v2\/media?parent=1561"}],"wp:term":[{"taxonomy":"product_brand","embeddable":true,"href":"https:\/\/testing.almagloriousbeauty.com\/en_ca\/wp-json\/wp\/v2\/product_brand?post=1561"},{"taxonomy":"product_cat","embeddable":true,"href":"https:\/\/testing.almagloriousbeauty.com\/en_ca\/wp-json\/wp\/v2\/product_cat?post=1561"},{"taxonomy":"product_tag","embeddable":true,"href":"https:\/\/testing.almagloriousbeauty.com\/en_ca\/wp-json\/wp\/v2\/product_tag?post=1561"}],"curies":[{"name":"wp","href":"https:\/\/api.w.org\/{rel}","templated":true}]}}