{"id":1562,"date":"2025-05-03T16:34:45","date_gmt":"2025-05-03T16:34:45","guid":{"rendered":"https:\/\/testing.almagloriousbeauty.com\/?post_type=product&#038;p=1562"},"modified":"2025-05-06T17:53:53","modified_gmt":"2025-05-06T17:53:53","slug":"glorious-glow-serum-oil-2","status":"publish","type":"product","link":"https:\/\/testing.almagloriousbeauty.com\/en_ca\/glorious-glow-serum-oil-2\/","title":{"rendered":"GLORIOUS GLOW SERUM OIL"},"content":{"rendered":"<p><span style=\"color: #800080;\"><b>Utilisation<\/b><\/span><\/p>\n<p>Une fois votre visage nettoy\u00e9 avec notre Glorious Glow Soap et le Glorious Glow Serum appliqu\u00e9, il est maintenant temps d\u2019appliquer notre magnifique Glorious Glow Serum Oil en pr\u00e9parant la peau du visage et du cou en trois \u00e9tapes simples:<\/p>\n<ul class=\"woocommerce-Tabs-panel--description tabs-content panel entry-content\">\n<li style=\"list-style-type: none;\">\n<ul class=\"woocommerce-Tabs-panel--description tabs-content panel entry-content\">\n<li style=\"list-style-type: none;\">\n<ul>\n<li aria-level=\"1\">\u00c9tape 1: Chauffer<\/li>\n<\/ul>\n<\/li>\n<\/ul>\n<\/li>\n<\/ul>\n<p>Pr\u00e9levez une petite quantit\u00e9 de s\u00e9rum huile, frottez-la dans vos paumes de mains pendant environ 5 secondes; le but \u00e9tant de mettre l\u2019huile \u00e0 la m\u00eame temp\u00e9rature que celle de votre peau afin qu\u2019elle ait un effet imm\u00e9diat.<\/p>\n<ul class=\"woocommerce-Tabs-panel--description tabs-content panel entry-content\">\n<li style=\"list-style-type: none;\">\n<ul class=\"woocommerce-Tabs-panel--description tabs-content panel entry-content\">\n<li style=\"list-style-type: none;\">\n<ul>\n<li aria-level=\"1\">\u00c9tape 2: L\u2019effleurage<\/li>\n<\/ul>\n<\/li>\n<\/ul>\n<\/li>\n<\/ul>\n<p>Prenez vos mains, et avec la pression de ces derni\u00e8res, r\u00e9partir et ce de mani\u00e8re uniforme l\u2019huile sur le visage et le cou en mouvement de lissage l\u00e9ger avec beaucoup de douceur et ce pendant une dizaine de secondes.<\/p>\n<ul class=\"woocommerce-Tabs-panel--description tabs-content panel entry-content\">\n<li style=\"list-style-type: none;\">\n<ul class=\"woocommerce-Tabs-panel--description tabs-content panel entry-content\">\n<li style=\"list-style-type: none;\">\n<ul>\n<li aria-level=\"1\">\u00c9tape 3: Pressions appuy\u00e9es<\/li>\n<\/ul>\n<\/li>\n<\/ul>\n<\/li>\n<\/ul>\n<p>On va se servir de la m\u00e9thode de drainage par pression afin d\u2019appliquer sur la peau du visage et du d\u00e9collet\u00e9 des pressions circulaires et ce \u00e0 l\u2019aide des doigts et de la paume des mains cela permettra de redonner de l\u2019\u00e9clat au teint tout en stimulant la circulation en pr\u00e9servant la fermet\u00e9 de votre peau. Pour ce qui est du visage, ce sera de la ligne m\u00e9diane vers l\u2019ext\u00e9rieur et pour le cou, toujours de haut en bas. Nous allons r\u00e9p\u00e9ter ce mouvement trois fois sur les joues, trois fois sur le front et cinq fois sur le cou et le d\u00e9collet\u00e9.<\/p>\n<p>&nbsp;<\/p>\n<p><span style=\"color: #800080;\"><b>Ingr\u00e9dients et effets<\/b><\/span><\/p>\n<p>Eau de rose: Excellent pour la sant\u00e9 du corps, hydratant, antioxydant, antibact\u00e9rien, tonifiant et apaisant<\/p>\n<p>B\u00eata-carot\u00e8ne: pr\u00e9serve l\u2019\u00e9lasticit\u00e9 de la peau<\/p>\n<p>Vitamine E: Renforce la barri\u00e8re cutan\u00e9e de la peau, effet hydratant, protection contre les d\u00e9g\u00e2ts des radicaux libres, agit sur l\u2019hyperpigmentation et prot\u00e8ge des expositions au soleil.<\/p>\n<p>Astaxanthine: aide \u00e0 stimuler l\u2019\u00e9lasticit\u00e9 de la peau, \u00e0 r\u00e9parer la peau l\u00e2che et la peau vieillissante, \u00e0 r\u00e9duire les rides.<\/p>\n<p>Huile min\u00e9rale: aide \u00e0 limiter la d\u00e9shydratation de la peau<\/p>\n<p>Isohexadecane: excellent EMOLLIENT pour la peau, assoupli et adoucit votre glorieuse peau<\/p>\n<p>Huile essentielle: apaise, tonifie, cicatrise, antivieillissement<\/p>","protected":false},"excerpt":{"rendered":"<p>Un deux en un efficace; vraiment l\u2019essayer c\u2019est l\u2019adopter avec\u00a0l\u2019astaxanthine qui aide \u00e0 stimuler l\u2019\u00e9lasticit\u00e9 de la peau, \u00e0 r\u00e9parer la peau l\u00e2che et la peau vieillissante, \u00e0 r\u00e9duire les rides. Riche en concentr\u00e9 de carotte, ce s\u00e9rum huile fournit un fort pouvoir anti-oxydation et anti-\u00e2ge \u00e0 votre peau, il aide \u00e0 r\u00e9duire les imperfections et les impuret\u00e9s sur le visage et le corps tout en illuminant votre glorieux teint. Enrichi en vitamine E, il emp\u00eache les probl\u00e8mes de peau de la perte d\u2019humidit\u00e9 de la peau et de l\u2019oxydation de la peau, laissant votre peau \u00e9clatante, tendre et lisse.<\/p>","protected":false},"featured_media":1152,"comment_status":"open","ping_status":"closed","template":"","meta":[],"product_brand":[],"product_cat":[60,182],"product_tag":[],"class_list":{"0":"post-1562","1":"product","2":"type-product","3":"status-publish","4":"has-post-thumbnail","6":"product_cat-produits-de-beaute-pour-adultes","7":"product_cat-serum-anti-age-naturel","9":"first","10":"instock","11":"shipping-taxable","12":"purchasable","13":"product-type-simple"},"jetpack_sharing_enabled":true,"_links":{"self":[{"href":"https:\/\/testing.almagloriousbeauty.com\/en_ca\/wp-json\/wp\/v2\/product\/1562","targetHints":{"allow":["GET"]}}],"collection":[{"href":"https:\/\/testing.almagloriousbeauty.com\/en_ca\/wp-json\/wp\/v2\/product"}],"about":[{"href":"https:\/\/testing.almagloriousbeauty.com\/en_ca\/wp-json\/wp\/v2\/types\/product"}],"replies":[{"embeddable":true,"href":"https:\/\/testing.almagloriousbeauty.com\/en_ca\/wp-json\/wp\/v2\/comments?post=1562"}],"wp:featuredmedia":[{"embeddable":true,"href":"https:\/\/testing.almagloriousbeauty.com\/en_ca\/wp-json\/wp\/v2\/media\/1152"}],"wp:attachment":[{"href":"https:\/\/testing.almagloriousbeauty.com\/en_ca\/wp-json\/wp\/v2\/media?parent=1562"}],"wp:term":[{"taxonomy":"product_brand","embeddable":true,"href":"https:\/\/testing.almagloriousbeauty.com\/en_ca\/wp-json\/wp\/v2\/product_brand?post=1562"},{"taxonomy":"product_cat","embeddable":true,"href":"https:\/\/testing.almagloriousbeauty.com\/en_ca\/wp-json\/wp\/v2\/product_cat?post=1562"},{"taxonomy":"product_tag","embeddable":true,"href":"https:\/\/testing.almagloriousbeauty.com\/en_ca\/wp-json\/wp\/v2\/product_tag?post=1562"}],"curies":[{"name":"wp","href":"https:\/\/api.w.org\/{rel}","templated":true}]}}