{"id":535,"date":"2024-10-13T06:58:37","date_gmt":"2024-10-13T06:58:37","guid":{"rendered":"https:\/\/mediumslateblue-caribou-431624.hostingersite.com\/?post_type=product&#038;p=535"},"modified":"2026-01-31T17:41:29","modified_gmt":"2026-01-31T17:41:29","slug":"ultimate-glorious-glow-soap","status":"publish","type":"product","link":"https:\/\/testing.almagloriousbeauty.com\/en_ca\/ultimate-glorious-glow-soap\/","title":{"rendered":"ULTIMATE GLORIOUS GLOW SOAP"},"content":{"rendered":"<p><span style=\"color: #800080\"><b>Utilisation<\/b><\/span><\/p>\n<p><span style=\"font-weight: 400\">Mouillez la partie \u00e0 nettoyer, s\u2019il s\u2019agit de votre visage, faites mousser votre ultimate glorious glow soap dans votre paume de main et utilisez cette mousse pour l\u2019appliquer avec douceur sur votre visage puis rincez. Pour ce qui est du reste du corps d\u00e9j\u00e0 humidifi\u00e9 par de l\u2019eau, vous pouvez frotter votre savon le long du reste du corps et gr\u00e2ce \u00e0 votre gant exfoliant corporel, appliquez des mouvements circulaires puis rincez.<\/span><\/p>\n<p>&nbsp;<\/p>\n<p><span style=\"color: #800080\"><b>Ingr\u00e9dients et effets:<\/b><\/span><\/p>\n<p><span style=\"font-weight: 400\">Acide Kojique\u00a0: agent \u00e9claircissant, <\/span><span style=\"font-weight: 400\">Il r\u00e9duit efficacement l&rsquo;apparence des taches brunes et de l&rsquo;hyperpigmentation, pour un teint plus lumineux et plus uniforme.<\/span><\/p>\n<p><span style=\"font-weight: 400\">Citron\u00a0: Riche en acide citrique et en vitamine C, le citron a des vertus anti t\u00e2ches, antiseptiques et \u00e9claircissantes<\/span><\/p>\n<p><span style=\"font-weight: 400\">Beurre de karit\u00e9\u00a0: Votre peau est rugueuse? Fendill\u00e9e? Ne vous inqui\u00e9tez plus et optez pour cette gamme\u00a0 cet actif nourrissant saura p\u00e9n\u00e9trer les peaux les plus rugueuses afin d\u2019augmenter la r\u00e9tention en eau et r\u00e9duire la d\u00e9shydratation de la peau\u00a0<\/span><\/p>\n<p><span style=\"font-weight: 400\">Curcuma\u00a0: \u00e9pice populaire en cosm\u00e9tique, on se demande bien pourquoi? Mais oui, gr\u00e2ce \u00e0 ses propri\u00e9t\u00e9s anti acn\u00e9, illuminatrice et r\u00e9paratrice, il est devenu un incontournable.\u00a0\u00a0<\/span><\/p>\n<p><span style=\"font-weight: 400\">Huile d\u2019olive\u00a0: int\u00e9gr\u00e9e au R\u00e9tinol pr\u00e9sent dans cette glorieuse gamme, elle ressort sa propri\u00e9t\u00e9 de pr\u00e9vention du vieillissement cutan\u00e9. Elle est aussi apaisante et r\u00e9paratrice.<\/span><\/p>\n<p><span style=\"font-weight: 400\">Eau\u00a0: C\u2019est connu, l\u2019eau c\u2019est la vie; la peau n\u2019est pas en reste, hydratant par excellence, l\u2019eau aide \u00e0 pr\u00e9server la beaut\u00e9 naturelle de la peau; la peau est repulp\u00e9e, \u00e9clatante, tonifi\u00e9e et avec moins de manquements.<\/span><\/p>\n<p><span style=\"font-weight: 400\">Sucre de canne\u00a0: Naturellement hydratant, il aide \u00e0 retenir l\u2019humidit\u00e9 de la peau tout en l\u2019adoucissant et en \u00e9liminant tous rugosit\u00e9s et callosit\u00e9s. Augmente le renouvellement cellulaire en exfoliant en profondeur mais avec une extr\u00eame douceur afin de donner \u00e0 votre peau son \u00e9clat optimal.<\/span><\/p>\n<p><span style=\"font-weight: 400\">Huile de palme : Oh waouh elle n\u2019est pas juste utilis\u00e9e dans la plupart des plats Africain, mais aussi en cosm\u00e9tique car tr\u00e8s efficace autant \u00e0 l\u2019int\u00e9rieur qu\u2019\u00e0 l\u2019ext\u00e9rieur du corps. En plus d\u2019\u00eatre r\u00e9paratrice, elle est nourrissante, apaisante, protectrice riche en om\u00e9ga 3, 6, 9; elle contient des lycop\u00e8nes qui captent les radicaux libres. Elle aide \u00e0 lutter contre le vieillissement de la peau; on peut donc ais\u00e9ment comprendre pourquoi certains a\u00een\u00e9s vivant dans les r\u00e9gions fra\u00eeches d\u2019Afrique utilisent cette huile comme lait corporel.<\/span><\/p>","protected":false},"excerpt":{"rendered":"<p><span style=\"font-weight: 400\">L\u2019ultimate Glorious Glow Soap a pour principal objectif de s\u2019attaquer aux impuret\u00e9s de votre peau telles que la sueur, le maquillage, la salet\u00e9, l\u2019huile, etc. C\u2019est la raison pour laquelle sa mousse fine et riche va nettoyer en profondeur toute votre peau. <\/span><\/p>\n<p><span style=\"font-weight: 400\">Savon \u00e0 l\u2019acide Kojique et au citron, l\u2019ultimate glorious glow soap saura vous procurer un nettoyage doux, une hydratation intense pendant toute la journ\u00e9e; sa mousse fine et riche saura\u00a0 nettoyer votre visage et votre corps tout en profondeur en illuminant et en uniformisant votre glorieux teint et ce, en redonnant l\u2019\u00e9clat et un \u00e9claircissement intense<\/span><\/p>","protected":false},"featured_media":552,"comment_status":"open","ping_status":"closed","template":"","meta":[],"product_brand":[],"product_cat":[60,65],"product_tag":[77,76],"class_list":{"0":"post-535","1":"product","2":"type-product","3":"status-publish","4":"has-post-thumbnail","6":"product_cat-produits-de-beaute-pour-adultes","7":"product_cat-creme-nourrissante-pour-le-corps","8":"product_tag-glow-soap","9":"product_tag-ultimate-glorious-glow-soap","11":"first","12":"instock","13":"shipping-taxable","14":"purchasable","15":"product-type-simple"},"jetpack_sharing_enabled":true,"_links":{"self":[{"href":"https:\/\/testing.almagloriousbeauty.com\/en_ca\/wp-json\/wp\/v2\/product\/535","targetHints":{"allow":["GET"]}}],"collection":[{"href":"https:\/\/testing.almagloriousbeauty.com\/en_ca\/wp-json\/wp\/v2\/product"}],"about":[{"href":"https:\/\/testing.almagloriousbeauty.com\/en_ca\/wp-json\/wp\/v2\/types\/product"}],"replies":[{"embeddable":true,"href":"https:\/\/testing.almagloriousbeauty.com\/en_ca\/wp-json\/wp\/v2\/comments?post=535"}],"wp:featuredmedia":[{"embeddable":true,"href":"https:\/\/testing.almagloriousbeauty.com\/en_ca\/wp-json\/wp\/v2\/media\/552"}],"wp:attachment":[{"href":"https:\/\/testing.almagloriousbeauty.com\/en_ca\/wp-json\/wp\/v2\/media?parent=535"}],"wp:term":[{"taxonomy":"product_brand","embeddable":true,"href":"https:\/\/testing.almagloriousbeauty.com\/en_ca\/wp-json\/wp\/v2\/product_brand?post=535"},{"taxonomy":"product_cat","embeddable":true,"href":"https:\/\/testing.almagloriousbeauty.com\/en_ca\/wp-json\/wp\/v2\/product_cat?post=535"},{"taxonomy":"product_tag","embeddable":true,"href":"https:\/\/testing.almagloriousbeauty.com\/en_ca\/wp-json\/wp\/v2\/product_tag?post=535"}],"curies":[{"name":"wp","href":"https:\/\/api.w.org\/{rel}","templated":true}]}}