{"id":542,"date":"2024-10-25T20:22:31","date_gmt":"2024-10-25T20:22:31","guid":{"rendered":"https:\/\/mediumslateblue-caribou-431624.hostingersite.com\/?post_type=product&#038;p=542"},"modified":"2025-06-10T03:23:48","modified_gmt":"2025-06-10T03:23:48","slug":"ultimate-glorious-glow-turmeric-kojic-acid-soap","status":"publish","type":"product","link":"https:\/\/testing.almagloriousbeauty.com\/en_ca\/ultimate-glorious-glow-turmeric-kojic-acid-soap\/","title":{"rendered":"ULTIMATE GLORIOUS GLOW TURMERIC &amp; KOJIC ACID SOAP"},"content":{"rendered":"<p><span style=\"color: #800080;\"><b>Utilisation<\/b><\/span><\/p>\n<p><span style=\"font-weight: 400;\">Mouillez la partie \u00e0 nettoyer, s\u2019il s\u2019agit de votre visage, faites mousser votre U<\/span><span style=\"font-weight: 400;\">LTIMATE GLORIOUS GLOW\u00a0 TURMERIC &amp; KOJIC ACID SOAP<\/span><span style=\"font-weight: 400;\"> dans votre paume de main et utilisez cette mousse pour l\u2019appliquer avec douceur sur votre visage puis rincez. Pour ce qui est du reste du corps d\u00e9j\u00e0 humidifi\u00e9 par de l\u2019eau, vous pouvez frotter votre savon le long du reste du corps et gr\u00e2ce \u00e0 votre gant exfoliant corporel, appliquez des mouvements circulaires puis rincez.<\/span><\/p>\n<p>&nbsp;<\/p>\n<p><span style=\"color: #800080;\"><b>Ingr\u00e9dients et effets<\/b><\/span><\/p>\n<p><span style=\"font-weight: 400;\">Vitamine C : R\u00e9duit l\u2019apparence des rides en neutralisant les radicaux libres, am\u00e9liore l\u2019\u00e9lasticit\u00e9 de la peau et att\u00e9nue les t\u00e2ches pigmentaires\u00a0<\/span><\/p>\n<p><span style=\"font-weight: 400;\">Acide Kojique\u00a0: agent \u00e9claircissant, <\/span><span style=\"font-weight: 400;\">Il r\u00e9duit efficacement l&rsquo;apparence des taches brunes et de l&rsquo;hyperpigmentation, pour un teint plus lumineux et plus uniforme.<\/span><\/p>\n<p><span style=\"font-weight: 400;\">Citron\u00a0: Riche en acide citrique et en vitamine C, le citron a des vertus anti t\u00e2ches, antiseptiques et \u00e9claircissantes<\/span><\/p>\n<p><span style=\"font-weight: 400;\">Curcuma : \u00e9pice populaire en cosm\u00e9tique, on se demande bien pourquoi? Mais oui, gr\u00e2ce \u00e0 ses propri\u00e9t\u00e9s anti acn\u00e9, illuminatrice et r\u00e9paratrice, il est devenu un incontournable.<\/span><\/p>","protected":false},"excerpt":{"rendered":"<p><span style=\"font-weight: 400;\">Le savon offre de nombreux bienfaits pour la peau du visage et du corps; ses ingr\u00e9dients naturels et nourrissants nettoient en douceur la peau sans l\u2019ass\u00e9cher en plus de l\u2019hydrater et de l\u2019apaiser.<\/span><\/p>\n<p><span style=\"font-weight: 400;\">Notre U<\/span><span style=\"font-weight: 400;\">LTIMATE GLORIOUS GLOW\u00a0 TURMERIC &amp; KOJIC ACID SOAP viendra vous:<\/span><\/p>\n<p><span style=\"font-weight: 400;\">\u2013 Hydrater toute la journ\u00e9e<\/span><\/p>\n<p><span style=\"font-weight: 400;\">\u2013 Nettoyer en douceur tout en travaillant en profondeur<\/span><\/p>\n<p><span style=\"font-weight: 400;\">\u2013 offrir une mousse fine et riche<\/span><\/p>\n<p><span style=\"font-weight: 400;\">\u2013 donner un Glow et un \u00e9claircissement naturel<\/span><\/p>\n<p><span style=\"font-weight: 400;\">\u2013 R\u00e9tr\u00e9cir les pores<\/span><\/p>\n<p><span style=\"font-weight: 400;\">\u2013Uniformiser le teint<\/span><\/p>\n<p><span style=\"font-weight: 400;\">-Traiter l\u2019hyperpigmentation<\/span><\/p>\n<p><span style=\"font-weight: 400;\">-Traiter l\u2019Acn\u00e9<\/span><\/p>","protected":false},"featured_media":543,"comment_status":"open","ping_status":"closed","template":"","meta":[],"product_brand":[],"product_cat":[60,162],"product_tag":[81,80,79,82,78,91],"class_list":{"0":"post-542","1":"product","2":"type-product","3":"status-publish","4":"has-post-thumbnail","6":"product_cat-produits-de-beaute-pour-adultes","7":"product_cat-savons-naturels-pour-tous-types-de-peaux","8":"product_tag-adultes","9":"product_tag-corps","10":"product_tag-nettoyant","11":"product_tag-produits-corporels","12":"product_tag-savon-hydratant","13":"product_tag-ultimate-glorious-glow-turmeric-kojic-acid-soap","14":"aux-has-gallery","16":"first","17":"instock","18":"shipping-taxable","19":"purchasable","20":"product-type-simple"},"jetpack_sharing_enabled":true,"_links":{"self":[{"href":"https:\/\/testing.almagloriousbeauty.com\/en_ca\/wp-json\/wp\/v2\/product\/542","targetHints":{"allow":["GET"]}}],"collection":[{"href":"https:\/\/testing.almagloriousbeauty.com\/en_ca\/wp-json\/wp\/v2\/product"}],"about":[{"href":"https:\/\/testing.almagloriousbeauty.com\/en_ca\/wp-json\/wp\/v2\/types\/product"}],"replies":[{"embeddable":true,"href":"https:\/\/testing.almagloriousbeauty.com\/en_ca\/wp-json\/wp\/v2\/comments?post=542"}],"wp:featuredmedia":[{"embeddable":true,"href":"https:\/\/testing.almagloriousbeauty.com\/en_ca\/wp-json\/wp\/v2\/media\/543"}],"wp:attachment":[{"href":"https:\/\/testing.almagloriousbeauty.com\/en_ca\/wp-json\/wp\/v2\/media?parent=542"}],"wp:term":[{"taxonomy":"product_brand","embeddable":true,"href":"https:\/\/testing.almagloriousbeauty.com\/en_ca\/wp-json\/wp\/v2\/product_brand?post=542"},{"taxonomy":"product_cat","embeddable":true,"href":"https:\/\/testing.almagloriousbeauty.com\/en_ca\/wp-json\/wp\/v2\/product_cat?post=542"},{"taxonomy":"product_tag","embeddable":true,"href":"https:\/\/testing.almagloriousbeauty.com\/en_ca\/wp-json\/wp\/v2\/product_tag?post=542"}],"curies":[{"name":"wp","href":"https:\/\/api.w.org\/{rel}","templated":true}]}}