{"id":546,"date":"2024-10-25T20:35:10","date_gmt":"2024-10-25T20:35:10","guid":{"rendered":"https:\/\/mediumslateblue-caribou-431624.hostingersite.com\/?post_type=product&#038;p=546"},"modified":"2026-01-31T17:38:52","modified_gmt":"2026-01-31T17:38:52","slug":"ultimate-glorious-glow-lotion","status":"publish","type":"product","link":"https:\/\/testing.almagloriousbeauty.com\/en_ca\/ultimate-glorious-glow-lotion\/","title":{"rendered":"ULTIMATE GLORIOUS GLOW LOTION"},"content":{"rendered":"<p><span style=\"color: #800080\"><b>Utilisation<\/b><\/span><\/p>\n<p><span style=\"font-weight: 400\">Une fois votre glorieux corps gomm\u00e9 avec notre Ultimate Glorious Glow scrub, savonn\u00e9 avec notre Ultimate Glorious Glow Soap il est maintenant temps d\u2019appliquer notre magnifique Ultimate Glorious Glow Lotion\u00a0<\/span><\/p>\n<ul>\n<li style=\"font-weight: 400\"><span style=\"font-weight: 400\">\u00c9tape 1: Chauffer<\/span><\/li>\n<\/ul>\n<p><span style=\"font-weight: 400\">Pr\u00e9levez une quantit\u00e9 de lotion, frottez-la dans vos paumes de mains pendant environ 10 secondes; le but \u00e9tant de mettre la lotion \u00e0 la m\u00eame temp\u00e9rature que celle de votre peau afin qu\u2019elle ait un effet imm\u00e9diat.<\/span><\/p>\n<ul>\n<li style=\"font-weight: 400\"><span style=\"font-weight: 400\">\u00c9tape 2: L\u2019effleurage<\/span><\/li>\n<\/ul>\n<p><span style=\"font-weight: 400\">Prenez vos mains, et avec la pression de ces derni\u00e8res, r\u00e9partir et ce de mani\u00e8re uniforme la lotion sur le tout le corps avec des mouvements circulaires et beaucoup de douceur et ce pendant quelques minutes.<\/span><\/p>\n<ul>\n<li style=\"font-weight: 400\"><span style=\"font-weight: 400\">\u00c9tape 3: Pressions appuy\u00e9es<\/span><\/li>\n<\/ul>\n<p><span style=\"font-weight: 400\">On va se servir de la m\u00e9thode de drainage par pression afin d\u2019appliquer sur chaque partie du corps des pressions circulaires et ce \u00e0 l\u2019aide des doigts et de la paume des mains cela permettra de redonner de l\u2019\u00e9clat au teint tout en stimulant la circulation en pr\u00e9servant la fermet\u00e9 de votre peau. Nous allons r\u00e9p\u00e9ter ce mouvement jusqu\u2019\u00e0 absorption compl\u00e8te, cela permettra aussi au SFP30 de p\u00e9n\u00e9trer intens\u00e9ment afin de vous prot\u00e9ger du soleil tout au long de la journ\u00e9e.<\/span><\/p>\n<p>&nbsp;<\/p>\n<p><span style=\"color: #800080\"><b>Ingr\u00e9dients et effets<\/b><\/span><\/p>\n<p><span style=\"font-weight: 400\">Collag\u00e8ne\u00a0: agit comme une barri\u00e8re qui aide \u00e0 retenir l\u2019eau dans les cellules cutan\u00e9es ce qui donne une peau hydrat\u00e9e, plus souple, plus douce et encore plus lumineuse.\u00a0<\/span><\/p>\n<p><span style=\"font-weight: 400\">R\u00e9tinol\u00a0: lisse votre peau <\/span><span style=\"font-weight: 400\">tout en minimisant l\u2019apparence des rides et des ridules; stimule l\u2019\u00e9lastine de l\u2019\u00e9piderme en augmentant son \u00e9lasticit\u00e9; elle aidera <\/span><span style=\"font-weight: 400\">\u00e9galement \u00e0 lutter contre le vieillissement pr\u00e9matur\u00e9 de votre peau<\/span><\/p>\n<p><span style=\"font-weight: 400\">Arbutine\u00a0: actif tr\u00e8s doux, il aide \u00e0 lutter contre la formation des t\u00e2ches pigmentaires et \u00e0 r\u00e9duire celle d\u00e9j\u00e0 pr\u00e9sente m\u00eame celles li\u00e9es \u00e0 l\u2019acn\u00e9; actif anti-t\u00e2ches et \u00e9claircissant. Niacinamide\u00a0: stimule la production du collag\u00e8ne et aide \u00e0 diminuer l\u2019apparence des rides et des ridules. R\u00e9gule la production du s\u00e9bum r\u00e9duisant ainsi la brillance et am\u00e9liorant\u00a0<\/span><\/p>\n<p><span style=\"font-weight: 400\">Vitamine E: <\/span><span style=\"font-weight: 400\">Renforce la barri\u00e8re cutan\u00e9e de la peau, effet hydratant, protection contre les d\u00e9g\u00e2ts des radicaux libres, agit sur l\u2019hyperpigmentation et prot\u00e8ge des expositions au soleil.<\/span><\/p>\n<p><span style=\"font-weight: 400\">Vitamine C : R\u00e9duit l\u2019apparence des rides en neutralisant les radicaux libres, am\u00e9liore l\u2019\u00e9lasticit\u00e9 de la peau et att\u00e9nue les t\u00e2ches pigmentaires\u00a0<\/span><\/p>\n<p><span style=\"font-weight: 400\">Glyc\u00e9rine: <\/span><span style=\"font-weight: 400\">Hydratante, elle rend la peau douce, lisse et fra\u00eeche<\/span><\/p>\n<p><span style=\"font-weight: 400\">Aloe Vera\u00a0: apaisant, cicatrisant, antibact\u00e9rien, hydratant, lissant, protecteur, anti-t\u00e2ches.<\/span><\/p>\n<p><span style=\"font-weight: 400\">Beurre de karit\u00e9 :<\/span><\/p>\n<p><span style=\"font-weight: 400\">Eau\u00a0: C\u2019est connu, l\u2019eau c\u2019est la vie; la peau n\u2019est pas en reste, hydratant par excellence, l\u2019eau aide \u00e0 pr\u00e9server la beaut\u00e9 naturelle de la peau; la peau est repulp\u00e9e, \u00e9clatante, tonifi\u00e9e et avec moins de manquements.<\/span><\/p>","protected":false},"excerpt":{"rendered":"<p><span style=\"font-weight: 400\">Tout ce que votre peau r\u00e9clame; mais avant d\u2019accueillir notre Ultimate Glorious Glow Lotion, votre peau doit au pr\u00e9alable avoir \u00e9t\u00e9 gomm\u00e9e avec notre Ultimate Glorious Glow scrub, savonn\u00e9e avec notre Ultimate Glorious Glow Soap et bien rinc\u00e9e. Maintenant, laissons place \u00e0 notre puissante lotion <\/span><span style=\"font-weight: 400\">Organique, V\u00e9g\u00e9talien, Sans parfum, sans hydroquinone, Gluten-Libre, Sans Sulfate, Sans Silicone, Sans Paraben, Sans cruaut\u00e9 sur les animaux.<\/span><\/p>","protected":false},"featured_media":547,"comment_status":"open","ping_status":"closed","template":"","meta":[],"product_brand":[],"product_cat":[60,65],"product_tag":[85,86,83,84,90],"class_list":{"0":"post-546","1":"product","2":"type-product","3":"status-publish","4":"has-post-thumbnail","6":"product_cat-produits-de-beaute-pour-adultes","7":"product_cat-creme-nourrissante-pour-le-corps","8":"product_tag-glow","9":"product_tag-glycerine-hydratante","10":"product_tag-lotion","11":"product_tag-soap","12":"product_tag-ultimate-glorious-glow-lotion","14":"first","15":"instock","16":"shipping-taxable","17":"purchasable","18":"product-type-simple"},"jetpack_sharing_enabled":true,"_links":{"self":[{"href":"https:\/\/testing.almagloriousbeauty.com\/en_ca\/wp-json\/wp\/v2\/product\/546","targetHints":{"allow":["GET"]}}],"collection":[{"href":"https:\/\/testing.almagloriousbeauty.com\/en_ca\/wp-json\/wp\/v2\/product"}],"about":[{"href":"https:\/\/testing.almagloriousbeauty.com\/en_ca\/wp-json\/wp\/v2\/types\/product"}],"replies":[{"embeddable":true,"href":"https:\/\/testing.almagloriousbeauty.com\/en_ca\/wp-json\/wp\/v2\/comments?post=546"}],"wp:featuredmedia":[{"embeddable":true,"href":"https:\/\/testing.almagloriousbeauty.com\/en_ca\/wp-json\/wp\/v2\/media\/547"}],"wp:attachment":[{"href":"https:\/\/testing.almagloriousbeauty.com\/en_ca\/wp-json\/wp\/v2\/media?parent=546"}],"wp:term":[{"taxonomy":"product_brand","embeddable":true,"href":"https:\/\/testing.almagloriousbeauty.com\/en_ca\/wp-json\/wp\/v2\/product_brand?post=546"},{"taxonomy":"product_cat","embeddable":true,"href":"https:\/\/testing.almagloriousbeauty.com\/en_ca\/wp-json\/wp\/v2\/product_cat?post=546"},{"taxonomy":"product_tag","embeddable":true,"href":"https:\/\/testing.almagloriousbeauty.com\/en_ca\/wp-json\/wp\/v2\/product_tag?post=546"}],"curies":[{"name":"wp","href":"https:\/\/api.w.org\/{rel}","templated":true}]}}