{"id":548,"date":"2024-10-25T20:41:03","date_gmt":"2024-10-25T20:41:03","guid":{"rendered":"https:\/\/mediumslateblue-caribou-431624.hostingersite.com\/?post_type=product&#038;p=548"},"modified":"2026-01-31T17:39:16","modified_gmt":"2026-01-31T17:39:16","slug":"ultimate-glorious-glow-cleanser","status":"publish","type":"product","link":"https:\/\/testing.almagloriousbeauty.com\/en_ca\/ultimate-glorious-glow-cleanser\/","title":{"rendered":"ULTIMATE GLORIOUS GLOW CLEANSER"},"content":{"rendered":"<p><span style=\"font-weight: 400\">Biologique, sans paraben, sans sulfate, sans silicone, l\u2019Ultimate Glorious Glow Cleanser au collag\u00e8ne de Alma Glorious beauty vient effectuer un nettoyage en profondeur des pores de votre visage tout en l\u2019hydratant et ce de mani\u00e8re intense, notre Cleanser ultime saura vous apporter un \u00e9panouissement personnel et un sourire en coin car vous le ressentirez; un visage raffermit, nourrit, hydrat\u00e9, \u00e9claircit, illumin\u00e9, des pores de visages r\u00e9tr\u00e9cis et une peau plus neuve et revitalis\u00e9. L\u2019essayez c\u2019est l\u2019adopter; sa glorieuse odeur saura vous projeter aussi loin que possible afin de r\u00e9v\u00e9ler le glorieux, la glorieuse en chacun de vous.<\/span><\/p>\n<p>&nbsp;<\/p>\n<p><span style=\"color: #800080\"><b>Utilisation<\/b><\/span><\/p>\n<p><span style=\"font-weight: 400\">Le facial cleanser de Alma Glorious Glow saura conqu\u00e9rir votre visage. Sur visage et cou d\u00e9j\u00e0 mouill\u00e9s, appliquez notre nettoyant visage au collag\u00e8ne et au R\u00e9tinol; massez d\u00e9licatement, avec beaucoup de douceur et rincez \u00e0 fond. \u00c9viter tout contact avec les yeux.<\/span><\/p>\n<p>&nbsp;<\/p>\n<p><span style=\"color: #800080\"><b>Ingr\u00e9dients et effets:<\/b><\/span><\/p>\n<p><span style=\"font-weight: 400\">Acide amin\u00e9\u00a0: Nourrissante et hydratante gr\u00e2ce au maintien de l\u2019eau dans la peau<\/span><\/p>\n<p><span style=\"font-weight: 400\">R\u00e9tinol\u00a0: <\/span><span style=\"font-weight: 400\">lisse votre peau <\/span><span style=\"font-weight: 400\">tout en minimisant l\u2019apparence des rides et des ridules; stimule l\u2019\u00e9lastine de l\u2019\u00e9piderme en augmentant son \u00e9lasticit\u00e9; elle aidera <\/span><span style=\"font-weight: 400\">\u00e9galement \u00e0 lutter contre le vieillissement pr\u00e9matur\u00e9 de votre peau<\/span><\/p>\n<p><span style=\"font-weight: 400\">Vitamine E\u00a0: Renforce la barri\u00e8re cutan\u00e9e de la peau, effet hydratant, protection contre les d\u00e9g\u00e2ts des radicaux libres, agit sur l\u2019hyperpigmentation et prot\u00e8ge des expositions au soleil.<\/span><\/p>\n<p><span style=\"font-weight: 400\">Glyc\u00e9rine\u00a0: Hydratante, elle rend la peau douce, lisse et fra\u00eeche<\/span><\/p>","protected":false},"excerpt":{"rendered":"<p><span style=\"font-weight: 400\">Vous ne nous contredirez pas, se laver r\u00e9guli\u00e8rement le visage et ce matin et soir, a pour principal objectif d\u2019\u00e9viter l\u2019obstruction des pores; et l\u2019on sait tous tr\u00e8s bien que qui dit obstruction des pores dit \u00e9ruptions cutan\u00e9es et pores dilat\u00e9s ce qui rend la peau bien plus r\u00e9ceptive aux \u00e9tapes d\u2019hydratation de notre routine de soins.<\/span><\/p>","protected":false},"featured_media":549,"comment_status":"open","ping_status":"closed","template":"","meta":[],"product_brand":[],"product_cat":[60,65],"product_tag":[87,88,85,89],"class_list":{"0":"post-548","1":"product","2":"type-product","3":"status-publish","4":"has-post-thumbnail","6":"product_cat-produits-de-beaute-pour-adultes","7":"product_cat-creme-nourrissante-pour-le-corps","8":"product_tag-cleanser","9":"product_tag-facial-cleanser","10":"product_tag-glow","11":"product_tag-ultimate-glorious-glow-cleanser","13":"first","14":"instock","15":"shipping-taxable","16":"purchasable","17":"product-type-simple"},"jetpack_sharing_enabled":true,"_links":{"self":[{"href":"https:\/\/testing.almagloriousbeauty.com\/en_ca\/wp-json\/wp\/v2\/product\/548","targetHints":{"allow":["GET"]}}],"collection":[{"href":"https:\/\/testing.almagloriousbeauty.com\/en_ca\/wp-json\/wp\/v2\/product"}],"about":[{"href":"https:\/\/testing.almagloriousbeauty.com\/en_ca\/wp-json\/wp\/v2\/types\/product"}],"replies":[{"embeddable":true,"href":"https:\/\/testing.almagloriousbeauty.com\/en_ca\/wp-json\/wp\/v2\/comments?post=548"}],"wp:featuredmedia":[{"embeddable":true,"href":"https:\/\/testing.almagloriousbeauty.com\/en_ca\/wp-json\/wp\/v2\/media\/549"}],"wp:attachment":[{"href":"https:\/\/testing.almagloriousbeauty.com\/en_ca\/wp-json\/wp\/v2\/media?parent=548"}],"wp:term":[{"taxonomy":"product_brand","embeddable":true,"href":"https:\/\/testing.almagloriousbeauty.com\/en_ca\/wp-json\/wp\/v2\/product_brand?post=548"},{"taxonomy":"product_cat","embeddable":true,"href":"https:\/\/testing.almagloriousbeauty.com\/en_ca\/wp-json\/wp\/v2\/product_cat?post=548"},{"taxonomy":"product_tag","embeddable":true,"href":"https:\/\/testing.almagloriousbeauty.com\/en_ca\/wp-json\/wp\/v2\/product_tag?post=548"}],"curies":[{"name":"wp","href":"https:\/\/api.w.org\/{rel}","templated":true}]}}