{"id":556,"date":"2024-10-25T22:34:33","date_gmt":"2024-10-25T22:34:33","guid":{"rendered":"https:\/\/mediumslateblue-caribou-431624.hostingersite.com\/?post_type=product&#038;p=556"},"modified":"2026-01-31T17:40:46","modified_gmt":"2026-01-31T17:40:46","slug":"ultimate-glorious-glow-serum","status":"publish","type":"product","link":"https:\/\/testing.almagloriousbeauty.com\/en_ca\/ultimate-glorious-glow-serum\/","title":{"rendered":"ULTIMATE GLORIOUS GLOW SERUM"},"content":{"rendered":"<p><span style=\"color: #800080\"><b>Utilisation<\/b><\/span><\/p>\n<p><span style=\"font-weight: 400\">Une fois votre visage nettoy\u00e9 avec notre facial cleanser, appliquez notre complexe collag\u00e8ne 10 Arbutine sur vos mains, frottez ensuite vos mains l\u2019une contre l\u2019autre par la suite, pressez vos mains sur la peau de votre visage et de votre cou. Appliquez le s\u00e9rum en tapotant, \u00e0 la fois sur le visage et le cou. Profitez de ce moment de bien-\u00eatre en laissant votre peau du visage et du cou absorber notre s\u00e9rum pendant quelques minutes.<\/span><\/p>\n<p>&nbsp;<\/p>\n<p><span style=\"color: #800080\"><b>Ingr\u00e9dients et effets:<\/b><\/span><\/p>\n<p><span style=\"font-weight: 400\">Collag\u00e8ne\u00a0: agit comme une barri\u00e8re qui aide \u00e0 retenir l\u2019eau dans les cellules cutan\u00e9es ce qui donne une peau hydrat\u00e9e, plus souple, plus douce et encore plus lumineuse.\u00a0<\/span><\/p>\n<p><span style=\"font-weight: 400\">R\u00e9tinol\u00a0: lisse votre peau <\/span><span style=\"font-weight: 400\">tout en minimisant l\u2019apparence des rides et des ridules; stimule l\u2019\u00e9lastine de l\u2019\u00e9piderme en augmentant son \u00e9lasticit\u00e9; elle aidera <\/span><span style=\"font-weight: 400\">\u00e9galement \u00e0 lutter contre le vieillissement pr\u00e9matur\u00e9 de votre peau<\/span><\/p>\n<p><span style=\"font-weight: 400\">Acide Kojique\u00a0: <\/span><span style=\"font-weight: 400\">agent \u00e9claircissant, <\/span><span style=\"font-weight: 400\">Il r\u00e9duit efficacement l&rsquo;apparence des taches brunes et de l&rsquo;hyperpigmentation, pour un teint plus lumineux et plus uniforme.<\/span><\/p>\n<p><span style=\"font-weight: 400\">Arbutine\u00a0: actif tr\u00e8s doux, il aide \u00e0 lutter contre la formation des t\u00e2ches pigmentaires et \u00e0 r\u00e9duire celle d\u00e9j\u00e0 pr\u00e9sente m\u00eame celles li\u00e9es \u00e0 l\u2019acn\u00e9; actif anti-t\u00e2ches et \u00e9claircissant. Niacinamide\u00a0: stimule la production du collag\u00e8ne et aide \u00e0 diminuer l\u2019apparence des rides et des ridules. R\u00e9gule la production du s\u00e9bum r\u00e9duisant ainsi la brillance et am\u00e9liorant l\u2019apparence des pores.\u00a0<\/span><\/p>\n<p><span style=\"font-weight: 400\">Aloe Vera\u00a0: apaisant, cicatrisant, antibact\u00e9rien, hydratant, lissant, protecteur, anti-t\u00e2ches.<\/span><\/p>\n<p><span style=\"font-weight: 400\">Glyc\u00e9rine\u00a0: <\/span><span style=\"font-weight: 400\">Hydratante, elle rend la peau douce, lisse et fra\u00eeche<\/span><\/p>\n<p><span style=\"font-weight: 400\">Miel\u00a0: antioxydant, protecteur, cicatrisant, apaisant.<\/span><\/p>","protected":false},"excerpt":{"rendered":"<p><span style=\"font-weight: 400\">Les s\u00e9rums principalement utilis\u00e9s sur le visage, ont pour r\u00f4le de cibler des manquements sp\u00e9cifiques tels que les rides, les t\u00e2ches, le vieillissement pr\u00e9matur\u00e9, la perte de vitalit\u00e9, l\u2019exc\u00e8s de s\u00e9bum, la dilatation des pores et bien d\u2019autres.\u00a0<\/span><\/p>\n<p><span style=\"font-weight: 400\">Biologique, v\u00e9g\u00e9talien, <\/span><span style=\"font-weight: 400\">sans paraben, sans silicone, sans cruaut\u00e9 sur les animaux, sans sulfate, sans parfum et fait de vitamine C, l\u2019Ultimate Glorious Glow Serum au collag\u00e8ne de Alma Glorious beauty n\u2019est pas en reste; une utilisation quotidienne vous permettra de b\u00e9n\u00e9ficier de ses effets raffermissants, hydratants, anti-rides, anti-\u00e2ges, nourrissants, \u00e9claircissants, correcteur de pigmentation et aussi vous b\u00e9n\u00e9ficierez d\u2019un visage neuf, lisse, illumin\u00e9, \u00e9pur\u00e9 avec des pores resserr\u00e9s et une peau de visage encore plus revitalisant.<\/span><\/p>","protected":false},"featured_media":557,"comment_status":"open","ping_status":"closed","template":"","meta":[],"product_brand":[],"product_cat":[60,65],"product_tag":[],"class_list":{"0":"post-556","1":"product","2":"type-product","3":"status-publish","4":"has-post-thumbnail","6":"product_cat-produits-de-beaute-pour-adultes","7":"product_cat-creme-nourrissante-pour-le-corps","9":"first","10":"instock","11":"shipping-taxable","12":"purchasable","13":"product-type-simple"},"jetpack_sharing_enabled":true,"_links":{"self":[{"href":"https:\/\/testing.almagloriousbeauty.com\/en_ca\/wp-json\/wp\/v2\/product\/556","targetHints":{"allow":["GET"]}}],"collection":[{"href":"https:\/\/testing.almagloriousbeauty.com\/en_ca\/wp-json\/wp\/v2\/product"}],"about":[{"href":"https:\/\/testing.almagloriousbeauty.com\/en_ca\/wp-json\/wp\/v2\/types\/product"}],"replies":[{"embeddable":true,"href":"https:\/\/testing.almagloriousbeauty.com\/en_ca\/wp-json\/wp\/v2\/comments?post=556"}],"wp:featuredmedia":[{"embeddable":true,"href":"https:\/\/testing.almagloriousbeauty.com\/en_ca\/wp-json\/wp\/v2\/media\/557"}],"wp:attachment":[{"href":"https:\/\/testing.almagloriousbeauty.com\/en_ca\/wp-json\/wp\/v2\/media?parent=556"}],"wp:term":[{"taxonomy":"product_brand","embeddable":true,"href":"https:\/\/testing.almagloriousbeauty.com\/en_ca\/wp-json\/wp\/v2\/product_brand?post=556"},{"taxonomy":"product_cat","embeddable":true,"href":"https:\/\/testing.almagloriousbeauty.com\/en_ca\/wp-json\/wp\/v2\/product_cat?post=556"},{"taxonomy":"product_tag","embeddable":true,"href":"https:\/\/testing.almagloriousbeauty.com\/en_ca\/wp-json\/wp\/v2\/product_tag?post=556"}],"curies":[{"name":"wp","href":"https:\/\/api.w.org\/{rel}","templated":true}]}}