{"id":559,"date":"2024-10-25T22:55:12","date_gmt":"2024-10-25T22:55:12","guid":{"rendered":"https:\/\/mediumslateblue-caribou-431624.hostingersite.com\/?post_type=product&#038;p=559"},"modified":"2026-01-31T17:36:57","modified_gmt":"2026-01-31T17:36:57","slug":"ultimate-glorious-glow","status":"publish","type":"product","link":"https:\/\/testing.almagloriousbeauty.com\/en_ca\/ultimate-glorious-glow\/","title":{"rendered":"ULTIMATE GLORIOUS GLOW (7pcs)"},"content":{"rendered":"<p><span style=\"font-weight: 400\">Cette gamme saura gr\u00e2ce au R\u00e9tinol lisser votre peau <\/span><span style=\"font-weight: 400\">tout en minimisant l\u2019apparence des rides et des ridules; stimuler l\u2019\u00e9lastine de l\u2019\u00e9piderme en augmentant son \u00e9lasticit\u00e9; elle aidera <\/span><span style=\"font-weight: 400\">\u00e9galement \u00e0 lutter contre le vieillissement pr\u00e9matur\u00e9 de votre peau; elle saura donner un \u00e9claircissement ultime \u00e0 votre peau tout en l\u2019hydratant, en la nourrissant et en la rendant ferme; elle viendra corriger la pigmentation de votre peau en faisant dispara\u00eetre les t\u00e2ches brunes et ce gr\u00e2ce \u00e0 la vitamine B3 contenue dans la niacinamide qui est un puissant actif anti-t\u00e2ches. Elle viendra uniformiser votre teint en traitant l\u2019hyperpigmentation.<\/span><\/p>\n<p><span style=\"font-weight: 400;color: #800080\">Note: Tous nos produits sont autant pour les hommes que pour les femmes et conviennent \u00e0 tous types de peau.<\/span><\/p>\n<p>&nbsp;<\/p>\n<p><span style=\"font-weight: 400;color: #800080\">\u00c9TAPE D\u2019UTILISATION:<\/span><\/p>\n<p><span style=\"font-weight: 400;color: #800080\">CORPS<\/span><\/p>\n<ol>\n<li style=\"font-weight: 400\"><span style=\"font-weight: 400\">1ULTIMATE GLORIOUS GLOW SCRUB<\/span><\/li>\n<li style=\"font-weight: 400\"><span style=\"font-weight: 400\">ULTIMATE GLORIOUS GLOW SOAP<\/span><\/li>\n<li style=\"font-weight: 400\"><span style=\"font-weight: 400\">ULTIMATE GLORIOUS GLOW LOTION<\/span><\/li>\n<\/ol>\n<p>&nbsp;<\/p>\n<p><span style=\"font-weight: 400;color: #800080\">VISAGE<\/span><\/p>\n<ol>\n<li style=\"font-weight: 400\"><span style=\"font-weight: 400\">ULTIMATE GLORIOUS GLOW SCRUB<\/span><\/li>\n<li style=\"font-weight: 400\"><span style=\"font-weight: 400\">ULTIMATE GLORIOUS GLOW CLEANSER<\/span><\/li>\n<li style=\"font-weight: 400\"><span style=\"font-weight: 400\">ULTIMATE GLORIOUS GLOW SOAP (AU BESOIN)<\/span><\/li>\n<li style=\"font-weight: 400\"><span style=\"font-weight: 400\">ULTIMATE GLORIOUS GLOW SERUM<\/span><\/li>\n<li style=\"font-weight: 400\"><span style=\"font-weight: 400\">ULTIMATE GLORIOUS GLOW DAY CREAM SELON LE MOMENT DE LA JOURN\u00c9E<\/span><\/li>\n<li style=\"font-weight: 400\"><span style=\"font-weight: 400\">ULTIMATE GLORIOUS GLOW NIGHT CREAM SELON LE MOMENT DE LA JOURN\u00c9E<\/span><\/li>\n<\/ol>","protected":false},"excerpt":{"rendered":"<p><span style=\"font-weight: 400\">ULTIMATE GLORIOUS GLOW de ALMA GLORIOUS BEAUTY, est un ensemble de soins organiques et v\u00e9g\u00e9taliens pour la peau sans silicone, sans hydroquinone, sans Sulfate, sans parab\u00e8ne, sans cruaut\u00e9 sur les animaux. Principalement fait de concentr\u00e9 de R\u00e9tinol, Collag\u00e8ne, Arbutine, miel, extrait d\u2019escargot<\/span><span style=\"font-weight: 400\">, Niacinamide, Acide kojique, Vitamines B5, C &amp; E, Aloe Vera;\u00a0<\/span><\/p>","protected":false},"featured_media":560,"comment_status":"open","ping_status":"closed","template":"","meta":[],"product_brand":[],"product_cat":[60,65],"product_tag":[],"class_list":{"0":"post-559","1":"product","2":"type-product","3":"status-publish","4":"has-post-thumbnail","6":"product_cat-produits-de-beaute-pour-adultes","7":"product_cat-creme-nourrissante-pour-le-corps","8":"aux-has-gallery","10":"first","11":"instock","12":"shipping-taxable","13":"purchasable","14":"product-type-simple"},"jetpack_sharing_enabled":true,"_links":{"self":[{"href":"https:\/\/testing.almagloriousbeauty.com\/en_ca\/wp-json\/wp\/v2\/product\/559","targetHints":{"allow":["GET"]}}],"collection":[{"href":"https:\/\/testing.almagloriousbeauty.com\/en_ca\/wp-json\/wp\/v2\/product"}],"about":[{"href":"https:\/\/testing.almagloriousbeauty.com\/en_ca\/wp-json\/wp\/v2\/types\/product"}],"replies":[{"embeddable":true,"href":"https:\/\/testing.almagloriousbeauty.com\/en_ca\/wp-json\/wp\/v2\/comments?post=559"}],"wp:featuredmedia":[{"embeddable":true,"href":"https:\/\/testing.almagloriousbeauty.com\/en_ca\/wp-json\/wp\/v2\/media\/560"}],"wp:attachment":[{"href":"https:\/\/testing.almagloriousbeauty.com\/en_ca\/wp-json\/wp\/v2\/media?parent=559"}],"wp:term":[{"taxonomy":"product_brand","embeddable":true,"href":"https:\/\/testing.almagloriousbeauty.com\/en_ca\/wp-json\/wp\/v2\/product_brand?post=559"},{"taxonomy":"product_cat","embeddable":true,"href":"https:\/\/testing.almagloriousbeauty.com\/en_ca\/wp-json\/wp\/v2\/product_cat?post=559"},{"taxonomy":"product_tag","embeddable":true,"href":"https:\/\/testing.almagloriousbeauty.com\/en_ca\/wp-json\/wp\/v2\/product_tag?post=559"}],"curies":[{"name":"wp","href":"https:\/\/api.w.org\/{rel}","templated":true}]}}