{"id":563,"date":"2024-10-25T23:11:56","date_gmt":"2024-10-25T23:11:56","guid":{"rendered":"https:\/\/mediumslateblue-caribou-431624.hostingersite.com\/?post_type=product&#038;p=563"},"modified":"2025-05-03T15:55:28","modified_gmt":"2025-05-03T15:55:28","slug":"perfect-glorious-glow-scrub","status":"publish","type":"product","link":"https:\/\/testing.almagloriousbeauty.com\/en_ca\/perfect-glorious-glow-scrub\/","title":{"rendered":"PERFECT GLORIOUS GLOW SCRUB"},"content":{"rendered":"<p><span style=\"color: #800080;\"><b>Utilisation<\/b><\/span><\/p>\n<p><span style=\"font-weight: 400;\">Effectuer une exfoliation m\u00e9canique autant de son visage que de son corps est un moment de d\u00e9tente intense; alors vu que vous emmenez le spa \u00e0 domicile, \u00e0 l\u2019aide de l\u2019eau ti\u00e8de, commencez par vous mouillez le visage et le corps; ensuite, prendre une quantit\u00e9 suffisante de notre Perfect Glorious Glow Scrub et avec des mouvements circulaires, massez-vous tout en douceur et avec beaucoup de d\u00e9licatesse tel un glorieux, une glorieuse la partie d\u00e9sir\u00e9e. Ne soyez pas press\u00e9 car si vous voulez des r\u00e9sultats, il faut d\u2019abord pr\u00e9parer son corps \u00e0 faire un avec le reste de la gamme et ce, en \u00e9liminant les cellules mortes accumul\u00e9es \u00e0 la surface de la peau; une fois ces cellules \u00e9limin\u00e9es, votre peau sera fin pr\u00eate \u00e0 se laisser transporter par les autres produits de la gamme.<\/span><\/p>\n<p>&nbsp;<\/p>\n<p><span style=\"color: #800080;\"><b>Ingr\u00e9dients et effets:<\/b><\/span><\/p>\n<p><span style=\"font-weight: 400;\">Poudre de caf\u00e9 ARABICA : stimule la circulation sanguine et donne de mani\u00e8re instantan\u00e9e un teint plus radieux, aide \u00e0 soulager les \u00e9ruptions cutan\u00e9es.<\/span><\/p>\n<p><span style=\"font-weight: 400;\">Eau\u00a0: C\u2019est connu, l\u2019eau c\u2019est la vie; la peau n\u2019est pas en reste, hydratant par excellence, l\u2019eau aide \u00e0 pr\u00e9server la beaut\u00e9 naturelle de la peau; la peau est repulp\u00e9e, \u00e9clatante, tonifi\u00e9e et avec moins de manquements.<\/span><\/p>\n<p><span style=\"font-weight: 400;\">Glyc\u00e9rine\u00a0: Hydratante, elle rend la peau douce, lisse et fra\u00eeche<\/span><\/p>\n<p><span style=\"font-weight: 400;\">Huile min\u00e9rale\u00a0: aide \u00e0 limiter la d\u00e9shydratation de la peau<\/span><\/p>\n<p><span style=\"font-weight: 400;\">Poudre de coquille de Juglans Regia, connu pour ses propri\u00e9t\u00e9s astringentes :\u00a0<\/span><\/p>\n<ul>\n<li style=\"font-weight: 400;\" aria-level=\"1\"><span style=\"font-weight: 400;\">Il r\u00e9duit et resserre les pores de la peau, ce qui aide \u00e0 r\u00e9duire la s\u00e9cr\u00e9tion excessive de s\u00e9bum et les rougeurs cutan\u00e9es.<\/span><\/li>\n<li style=\"font-weight: 400;\" aria-level=\"1\"><span style=\"font-weight: 400;\">Comme agent revitalisant, il pr\u00e9serve la sant\u00e9 de la peau et des cheveux en les gardant exempts de poussi\u00e8re et de salet\u00e9.<\/span><\/li>\n<li style=\"font-weight: 400;\" aria-level=\"1\"><span style=\"font-weight: 400;\">Illumine la peau et unifie le teint<\/span><\/li>\n<li style=\"font-weight: 400;\" aria-level=\"1\"><span style=\"font-weight: 400;\">Prot\u00e8ge contre les dommages environnementaux qui conduisent \u00e0 la d\u00e9gradation du collag\u00e8ne.<\/span><\/li>\n<li style=\"font-weight: 400;\" aria-level=\"1\"><span style=\"font-weight: 400;\">Augmente la synth\u00e8se du collag\u00e8ne, am\u00e9liore la sant\u00e9 globale et la jeunesse de la peau.<\/span><\/li>\n<li style=\"font-weight: 400;\" aria-level=\"1\"><span style=\"font-weight: 400;\">Pr\u00e9vient l\u2019acn\u00e9 et les taches brunes en maintenant une peau propre.<\/span><\/li>\n<\/ul>","protected":false},"excerpt":{"rendered":"<p><span style=\"font-weight: 400;\">C&rsquo;est connu, une exfoliation m\u00e9canique est id\u00e9ale afin d&rsquo;avoir une peau neuve; avec notre gommage parfait visage et corps, attendez-vous non seulement \u00e0 avoir un \u00e9clat parfait, mais aussi, notre gommage aux grains de caf\u00e9 ARABICA, sucre, noix du Br\u00e9sil, Eau, Huile min\u00e9rale, Glyc\u00e9rine, Poudre de coquille JUNGLANS REGIA viendra travailler le vieillissement et l&rsquo;\u00e9lasticit\u00e9 de votre peau. Ce gommage saura \u00e9liminer les cellules mortes de la peau tout en \u00e9claircissant la peau terne et en am\u00e9liorant le teint irr\u00e9gulier. Les graines de caf\u00e9 et de Jojoba viennent avec des huiles naturelles afin d\u2019am\u00e9liorer la peau s\u00e8che et rugueuse; de la nourrir et la rendre lisse.<\/span><\/p>","protected":false},"featured_media":564,"comment_status":"open","ping_status":"closed","template":"","meta":[],"product_brand":[],"product_cat":[60,65],"product_tag":[],"class_list":{"0":"post-563","1":"product","2":"type-product","3":"status-publish","4":"has-post-thumbnail","6":"product_cat-produits-de-beaute-pour-adultes","7":"product_cat-creme-nourrissante-pour-le-corps","9":"first","10":"instock","11":"shipping-taxable","12":"purchasable","13":"product-type-simple"},"jetpack_sharing_enabled":true,"_links":{"self":[{"href":"https:\/\/testing.almagloriousbeauty.com\/en_ca\/wp-json\/wp\/v2\/product\/563","targetHints":{"allow":["GET"]}}],"collection":[{"href":"https:\/\/testing.almagloriousbeauty.com\/en_ca\/wp-json\/wp\/v2\/product"}],"about":[{"href":"https:\/\/testing.almagloriousbeauty.com\/en_ca\/wp-json\/wp\/v2\/types\/product"}],"replies":[{"embeddable":true,"href":"https:\/\/testing.almagloriousbeauty.com\/en_ca\/wp-json\/wp\/v2\/comments?post=563"}],"wp:featuredmedia":[{"embeddable":true,"href":"https:\/\/testing.almagloriousbeauty.com\/en_ca\/wp-json\/wp\/v2\/media\/564"}],"wp:attachment":[{"href":"https:\/\/testing.almagloriousbeauty.com\/en_ca\/wp-json\/wp\/v2\/media?parent=563"}],"wp:term":[{"taxonomy":"product_brand","embeddable":true,"href":"https:\/\/testing.almagloriousbeauty.com\/en_ca\/wp-json\/wp\/v2\/product_brand?post=563"},{"taxonomy":"product_cat","embeddable":true,"href":"https:\/\/testing.almagloriousbeauty.com\/en_ca\/wp-json\/wp\/v2\/product_cat?post=563"},{"taxonomy":"product_tag","embeddable":true,"href":"https:\/\/testing.almagloriousbeauty.com\/en_ca\/wp-json\/wp\/v2\/product_tag?post=563"}],"curies":[{"name":"wp","href":"https:\/\/api.w.org\/{rel}","templated":true}]}}