{"id":570,"date":"2024-10-25T23:39:03","date_gmt":"2024-10-25T23:39:03","guid":{"rendered":"https:\/\/mediumslateblue-caribou-431624.hostingersite.com\/?post_type=product&#038;p=570"},"modified":"2025-05-03T15:54:08","modified_gmt":"2025-05-03T15:54:08","slug":"scar-removal-cream","status":"publish","type":"product","link":"https:\/\/testing.almagloriousbeauty.com\/en_ca\/scar-removal-cream\/","title":{"rendered":"SCAR REMOVAL CREAM"},"content":{"rendered":"<p><span style=\"font-weight: 400;\">Alma Glorious Beauty travaille fort afin de r\u00e9pondre \u00e0 vos besoins en lien avec la sant\u00e9 de votre glorieuse peau; C&rsquo;est pourquoi dans le souci de parfaire la beaut\u00e9 de la peau, nous avons mis sur pied le Scar Removal Cream; c&rsquo;est une cr\u00e8me dont le principal objectif est de r\u00e9duire et de r\u00e9parer les cicatrices et elle fonctionne sur tout type de peaux en am\u00e9liorant la douceur, la texture et l&rsquo;apparence g\u00e9n\u00e9rale des cicatrices.<\/span><\/p>\n<p><span style=\"font-weight: 400;\">Qu&rsquo;il s&rsquo;agisse de nouvelles ou de vieilles cicatrices, des cicatrices faciales, chirurgicales, de br\u00fblures, des coupures et autres blessures, la solution incontournable est notre Scar Removal; compos\u00e9e principalement d&rsquo;extrait de plantes telles que : Centella asiatica qui a de puissantes capacit\u00e9s de r\u00e9paration et de cicatrisation de l&rsquo;\u00e9piderme; PANAX GINSENG qui aide \u00e0 la cicatrisation et \u00e0 la protection de la peau; PAEONIA SUFFRUTICOSA qui est un excellent ingr\u00e9dient pour revitaliser les peaux ternes, s\u00e8ches ou matures tout en r\u00e9duisant l&rsquo;apparence des cicatrices; Cire de ROSMARINUS qui aussi am\u00e9liore l&rsquo;apparence des cicatrices; sans oublier le collag\u00e8ne hydrolys\u00e9; tout ceci combin\u00e9 ensemble va s&rsquo;int\u00e9grer facilement \u00e0 votre peau endommag\u00e9e afin de la r\u00e9parer et de la gu\u00e9rir efficacement. Elle va reconstituer le collag\u00e8ne perdu, augmenter l&rsquo;\u00e9lasticit\u00e9 et la douceur de la peau, ne laissant ainsi aucune bosse; elle va venir r\u00e9soudre efficacement les marques d&rsquo;acn\u00e9 tenaces et les nouvelles cicatrices, vergetures, calmer et apaiser la peau, am\u00e9liorer la rugosit\u00e9, garder la peau humide et belle.<\/span><\/p>\n<p><span style=\"font-weight: 400;\">Alors, qu&rsquo;attendez-vous, optez pour notre Scar Removal Cream!<\/span><\/p>\n<p>&nbsp;<\/p>\n<p><span style=\"color: #800080;\"><b>Utilisation<\/b><\/span><\/p>\n<p><span style=\"font-weight: 400;\">Prenez une quantit\u00e9 appropri\u00e9e de ce produit et appliquez-le sur la zone souhait\u00e9e, massez doucement jusqu&rsquo;\u00e0 absorption, et continuez \u00e0 l&rsquo;utiliser pour de meilleurs r\u00e9sultats.<\/span><\/p>\n<p>&nbsp;<\/p>\n<p><span style=\"color: #800080;\"><b>Ingr\u00e9dients et effets:<\/b><\/span><\/p>\n<p><span style=\"font-weight: 400;\">Eau, Glyc\u00e9rine, Extrait de feuille de CENTELLA ASIATICA, Gomme de xanthane, Extrait de racine de PANAX GINSENG, Extrait de racine de REHMANNIA CHINENSIS, Extrait de racine de PAEONIA SUFFRUTICOSA, Cire de ROSMARINUS<\/span><\/p>\n<p><span style=\"font-weight: 400;\">Alcool, Steareth-2, glucoside glyc\u00e9rylique, maltodextrine, st\u00e9arate glyc\u00e9rylique, st\u00e9arate PEG-100, ac\u00e9tate de tocoph\u00e9ryle, collag\u00e8ne hydrolys\u00e9, glucosyl hesp\u00e9ridine, \u00e9thylhexylglyc\u00e9rine, parfum<\/span><\/p>","protected":false},"excerpt":{"rendered":"<p><span style=\"font-weight: 400;\">Et si on parlait des cicatrices? Commen\u00e7ons par d\u00e9finir c&rsquo;est quoi une cicatrice; C&rsquo;est la partie visible d&rsquo;une l\u00e9sion du derme apr\u00e8s la r\u00e9paration du tissu. Elle peut appara\u00eetre suite \u00e0 une blessure, une incision, une op\u00e9ration et bien d&rsquo;autres.<\/span><\/p>","protected":false},"featured_media":571,"comment_status":"open","ping_status":"closed","template":"","meta":[],"product_brand":[],"product_cat":[60,174],"product_tag":[],"class_list":{"0":"post-570","1":"product","2":"type-product","3":"status-publish","4":"has-post-thumbnail","6":"product_cat-produits-de-beaute-pour-adultes","7":"product_cat-traitement-des-cicatrices-anciennes","9":"first","10":"instock","11":"shipping-taxable","12":"purchasable","13":"product-type-simple"},"jetpack_sharing_enabled":true,"_links":{"self":[{"href":"https:\/\/testing.almagloriousbeauty.com\/en_ca\/wp-json\/wp\/v2\/product\/570","targetHints":{"allow":["GET"]}}],"collection":[{"href":"https:\/\/testing.almagloriousbeauty.com\/en_ca\/wp-json\/wp\/v2\/product"}],"about":[{"href":"https:\/\/testing.almagloriousbeauty.com\/en_ca\/wp-json\/wp\/v2\/types\/product"}],"replies":[{"embeddable":true,"href":"https:\/\/testing.almagloriousbeauty.com\/en_ca\/wp-json\/wp\/v2\/comments?post=570"}],"wp:featuredmedia":[{"embeddable":true,"href":"https:\/\/testing.almagloriousbeauty.com\/en_ca\/wp-json\/wp\/v2\/media\/571"}],"wp:attachment":[{"href":"https:\/\/testing.almagloriousbeauty.com\/en_ca\/wp-json\/wp\/v2\/media?parent=570"}],"wp:term":[{"taxonomy":"product_brand","embeddable":true,"href":"https:\/\/testing.almagloriousbeauty.com\/en_ca\/wp-json\/wp\/v2\/product_brand?post=570"},{"taxonomy":"product_cat","embeddable":true,"href":"https:\/\/testing.almagloriousbeauty.com\/en_ca\/wp-json\/wp\/v2\/product_cat?post=570"},{"taxonomy":"product_tag","embeddable":true,"href":"https:\/\/testing.almagloriousbeauty.com\/en_ca\/wp-json\/wp\/v2\/product_tag?post=570"}],"curies":[{"name":"wp","href":"https:\/\/api.w.org\/{rel}","templated":true}]}}