{"id":572,"date":"2024-10-29T09:44:47","date_gmt":"2024-10-29T09:44:47","guid":{"rendered":"https:\/\/mediumslateblue-caribou-431624.hostingersite.com\/?post_type=product&#038;p=572"},"modified":"2025-05-03T15:23:58","modified_gmt":"2025-05-03T15:23:58","slug":"glorious-suprem-serum","status":"publish","type":"product","link":"https:\/\/testing.almagloriousbeauty.com\/en_ca\/glorious-suprem-serum\/","title":{"rendered":"GLORIOUS SUPREM SERUM"},"content":{"rendered":"<p><span style=\"font-weight: 400;\">Biologique, v\u00e9g\u00e9talien, organique, sans paraben, sans silicone, sans cruaut\u00e9 sur les animaux, sans sulfate, sans parfum et fait principalement de double Glutathione, r\u00e9tinol, acide kojic, vitamine C, de fraises extraites naturellement et d\u2019Or 24K Gold, notre Glorious Suprem Glow Serum avec son Super 24K n\u2019est pas en reste; une utilisation quotidienne vous permettra de b\u00e9n\u00e9ficier de ses effets raffermissants, hydratants, anti-rides, anti-\u00e2ges, nourrissants, \u00e9claircissants, correcteur de pigmentation et aussi vous b\u00e9n\u00e9ficierez d\u2019un visage neuf, lisse, illumin\u00e9, \u00e9pur\u00e9 avec des pores resserr\u00e9s et une peau de visage encore plus revitalisant.<\/span><\/p>\n<p><span style=\"font-weight: 400;\">Son double Glutathione aura pour effet de bloquer la production de la m\u00e9lanine, d\u2019\u00e9claircir la peau tout en facilitant sa r\u00e9g\u00e9n\u00e9ration; le r\u00e9tinol va am\u00e9liorer les rides et les ridules du vieillissement cutan\u00e9 en favorisant le m\u00e9tabolisme de votre glorieuse peau; la vitamine C et l\u2019acide Hyaluronique quand \u00e0 eux vont am\u00e9liorer la matit\u00e9 de votre peau. Tous ces \u00e9l\u00e9ments combin\u00e9s ensemble vous donneront une peau lisse, un teint corrig\u00e9 par la disparition de toutes t\u00e2ches nouvelles comme anciennes et ce, avec un \u00e9claircissement naturel.<\/span><\/p>\n<p><span style=\"font-weight: 400; color: #800080;\">Note: Tous nos produits sont autant pour les hommes que pour les femmes et conviennent \u00e0 tous types de peau<\/span><\/p>","protected":false},"excerpt":{"rendered":"<p><span style=\"font-weight: 400;\">Les s\u00e9rums principalement utilis\u00e9s sur le visage et m\u00eame le corps, ont pour r\u00f4le de cibler des manquements sp\u00e9cifiques tels que les rides, les t\u00e2ches, le vieillissement pr\u00e9matur\u00e9, la perte de vitalit\u00e9, l\u2019exc\u00e8s de s\u00e9bum, la dilatation des pores et bien d\u2019autres.<\/span><\/p>","protected":false},"featured_media":573,"comment_status":"open","ping_status":"closed","template":"","meta":[],"product_brand":[],"product_cat":[60,182],"product_tag":[95,93,85,94,96,82,92],"class_list":{"0":"post-572","1":"product","2":"type-product","3":"status-publish","4":"has-post-thumbnail","6":"product_cat-produits-de-beaute-pour-adultes","7":"product_cat-serum-anti-age-naturel","8":"product_tag-femmes","9":"product_tag-glorious-suprem-serum","10":"product_tag-glow","11":"product_tag-hommes","12":"product_tag-peau","13":"product_tag-produits-corporels","14":"product_tag-serum","16":"first","17":"instock","18":"shipping-taxable","19":"purchasable","20":"product-type-simple"},"jetpack_sharing_enabled":true,"_links":{"self":[{"href":"https:\/\/testing.almagloriousbeauty.com\/en_ca\/wp-json\/wp\/v2\/product\/572","targetHints":{"allow":["GET"]}}],"collection":[{"href":"https:\/\/testing.almagloriousbeauty.com\/en_ca\/wp-json\/wp\/v2\/product"}],"about":[{"href":"https:\/\/testing.almagloriousbeauty.com\/en_ca\/wp-json\/wp\/v2\/types\/product"}],"replies":[{"embeddable":true,"href":"https:\/\/testing.almagloriousbeauty.com\/en_ca\/wp-json\/wp\/v2\/comments?post=572"}],"wp:featuredmedia":[{"embeddable":true,"href":"https:\/\/testing.almagloriousbeauty.com\/en_ca\/wp-json\/wp\/v2\/media\/573"}],"wp:attachment":[{"href":"https:\/\/testing.almagloriousbeauty.com\/en_ca\/wp-json\/wp\/v2\/media?parent=572"}],"wp:term":[{"taxonomy":"product_brand","embeddable":true,"href":"https:\/\/testing.almagloriousbeauty.com\/en_ca\/wp-json\/wp\/v2\/product_brand?post=572"},{"taxonomy":"product_cat","embeddable":true,"href":"https:\/\/testing.almagloriousbeauty.com\/en_ca\/wp-json\/wp\/v2\/product_cat?post=572"},{"taxonomy":"product_tag","embeddable":true,"href":"https:\/\/testing.almagloriousbeauty.com\/en_ca\/wp-json\/wp\/v2\/product_tag?post=572"}],"curies":[{"name":"wp","href":"https:\/\/api.w.org\/{rel}","templated":true}]}}