{"id":574,"date":"2024-10-29T09:53:20","date_gmt":"2024-10-29T09:53:20","guid":{"rendered":"https:\/\/mediumslateblue-caribou-431624.hostingersite.com\/?post_type=product&#038;p=574"},"modified":"2025-06-10T03:23:57","modified_gmt":"2025-06-10T03:23:57","slug":"gamme-glorious-glow-7pcs","status":"publish","type":"product","link":"https:\/\/testing.almagloriousbeauty.com\/en_ca\/gamme-glorious-glow-7pcs\/","title":{"rendered":"GLORIOUS GLOW &#8211; ANTI ACN\u00c9 (7pcs)"},"content":{"rendered":"<p><b>Notre Glorious Glow ne fait pas que traiter l\u2019acn\u00e9 mais elle inhibe la formation de l\u2019acn\u00e9 sans dess\u00e9cher la peau; elle vous laisse la peau douce, lumineuse, \u00e9claircit. Quoi de mieux?<\/b><\/p>\n<p><span style=\"font-weight: 400;\">Elle am\u00e9liore de mani\u00e8re visible et consid\u00e9rable l&rsquo;apparence de la peau, elle a un grand pouvoir nettoyant pour enlever les taches du visage, les points noirs, l&rsquo;acn\u00e9, pr\u00e9venir les \u00e9ruptions cutan\u00e9es et \u00e9claircir le teint. Les produits de la gamme sont tr\u00e8s hydratants, s\u2019absorbent instantan\u00e9ment et ne sont pas gras. Si vous cherchez une cr\u00e8me visage, utilisez notre cr\u00e8me de nuit \u00e0 l\u2019acide salicylique, elle traite l\u2019acn\u00e9, la d\u00e9truit de l\u2019int\u00e9rieur ce qui l\u2019emp\u00eache de ressortir \u00e0 l\u2019ext\u00e9rieur de votre glorieux visage. Le savon est rempli de tranches de citron naturel, en plus de r\u00e9parer, de traiter, de lisser le visage et le corps il sent bon. La gamme traite l&rsquo;hyperpigmentation, ne produit pas de sensation de br\u00fblure, pas d&rsquo;irritation, pas de pelage et est adapt\u00e9e pour tous types de peau, autant les hommes comme les femmes.<\/span><\/p>\n<p><span style=\"font-weight: 400; color: #800080;\">Note: Tous nos produits sont autant pour les hommes que pour les femmes et conviennent \u00e0 tous types de peau.<\/span><\/p>\n<p>&nbsp;<\/p>\n<p><span style=\"font-weight: 400; color: #800080;\">\u00c9TAPES D\u2019UTILISATION:<\/span><\/p>\n<p><span style=\"font-weight: 400;\">CORPS<\/span><\/p>\n<ol>\n<li style=\"font-weight: 400;\" aria-level=\"1\"><span style=\"font-weight: 400;\">GLORIOUS GLOW SCRUB<\/span><\/li>\n<li style=\"font-weight: 400;\" aria-level=\"1\"><span style=\"font-weight: 400;\">GLORIOUS GLOW SOAP<\/span><\/li>\n<li style=\"font-weight: 400;\" aria-level=\"1\"><span style=\"font-weight: 400;\">GLORIOUS GLOW SERUM OIL<\/span><\/li>\n<li style=\"font-weight: 400;\" aria-level=\"1\"><span style=\"font-weight: 400;\">GLORIOUS GLOW LOTION<\/span><\/li>\n<\/ol>\n<p>&nbsp;<\/p>\n<p><span style=\"font-weight: 400;\">VISAGE<\/span><\/p>\n<ol>\n<li style=\"font-weight: 400;\" aria-level=\"1\"><span style=\"font-weight: 400;\">GLORIOUS GLOW SCRUB<\/span><\/li>\n<li style=\"font-weight: 400;\" aria-level=\"1\"><span style=\"font-weight: 400;\">GLORIOUS GLOW SOAP\u00a0<\/span><\/li>\n<li style=\"font-weight: 400;\" aria-level=\"1\"><span style=\"font-weight: 400;\">GLORIOUS GLOW SERUM<\/span><\/li>\n<li style=\"font-weight: 400;\" aria-level=\"1\"><span style=\"font-weight: 400;\">GLORIOUS GLOW SERUM OIL<\/span><\/li>\n<li style=\"font-weight: 400;\" aria-level=\"1\"><span style=\"font-weight: 400;\">GLORIOUS GLOW DAY CREAM<\/span><\/li>\n<li style=\"font-weight: 400;\" aria-level=\"1\"><span style=\"font-weight: 400;\">GLORIOUS GLOW SALICYLIC ACID ACNE CREAM (SELON LE MOMENT DE LA JOURN\u00c9E)<\/span><\/li>\n<\/ol>","protected":false},"excerpt":{"rendered":"<p><span style=\"font-weight: 400;\">Vous avez tout essay\u00e9 pour le traitement de l\u2019acn\u00e9 ? et ce peu importe le type ? l\u2019acn\u00e9 s\u00e9v\u00e8re, l\u2019acn\u00e9 persistante, l\u2019acn\u00e9 kystique, l\u2019acn\u00e9 hormonale sans succ\u00e8s? Rien n&rsquo;a fonctionn\u00e9 pour vous ? Alors notre gamme Glorious Glow est faite pour vous. C\u2019est un ensemble de soins de peau tr\u00e8s puissant; elle est r\u00e9paratrice, pr\u00e9ventive, \u00e9claircissante, illuminatrice. En l\u2019utilisant matin et soir, vous obtiendrez des r\u00e9sultats visibles apr\u00e8s seulement 14 jours.\u00a0<\/span><\/p>\n<p><span style=\"font-weight: 400;\">Nous savons tous c\u2019est quoi l\u2019acide Salicylique, ses propri\u00e9t\u00e9s antiseptiques inhibe la croissance des bact\u00e9ries, des champignons et virus \u00e0 la surface de la peau; il stoppe particuli\u00e8rement la prolif\u00e9ration de la Cutibacterium acnes qui est \u00e0 l\u2019origine des r\u00e9actions inflammatoires de l\u2019acn\u00e9, visibles sous formes de papules et de pustules que nous appelons commun\u00e9ment boutons.<\/span><\/p>","protected":false},"featured_media":577,"comment_status":"open","ping_status":"closed","template":"","meta":[],"product_brand":[],"product_cat":[60,65],"product_tag":[97,96,82],"class_list":{"0":"post-574","1":"product","2":"type-product","3":"status-publish","4":"has-post-thumbnail","6":"product_cat-produits-de-beaute-pour-adultes","7":"product_cat-creme-nourrissante-pour-le-corps","8":"product_tag-acne","9":"product_tag-peau","10":"product_tag-produits-corporels","11":"aux-has-gallery","13":"first","14":"instock","15":"shipping-taxable","16":"purchasable","17":"product-type-simple"},"jetpack_sharing_enabled":true,"_links":{"self":[{"href":"https:\/\/testing.almagloriousbeauty.com\/en_ca\/wp-json\/wp\/v2\/product\/574","targetHints":{"allow":["GET"]}}],"collection":[{"href":"https:\/\/testing.almagloriousbeauty.com\/en_ca\/wp-json\/wp\/v2\/product"}],"about":[{"href":"https:\/\/testing.almagloriousbeauty.com\/en_ca\/wp-json\/wp\/v2\/types\/product"}],"replies":[{"embeddable":true,"href":"https:\/\/testing.almagloriousbeauty.com\/en_ca\/wp-json\/wp\/v2\/comments?post=574"}],"wp:featuredmedia":[{"embeddable":true,"href":"https:\/\/testing.almagloriousbeauty.com\/en_ca\/wp-json\/wp\/v2\/media\/577"}],"wp:attachment":[{"href":"https:\/\/testing.almagloriousbeauty.com\/en_ca\/wp-json\/wp\/v2\/media?parent=574"}],"wp:term":[{"taxonomy":"product_brand","embeddable":true,"href":"https:\/\/testing.almagloriousbeauty.com\/en_ca\/wp-json\/wp\/v2\/product_brand?post=574"},{"taxonomy":"product_cat","embeddable":true,"href":"https:\/\/testing.almagloriousbeauty.com\/en_ca\/wp-json\/wp\/v2\/product_cat?post=574"},{"taxonomy":"product_tag","embeddable":true,"href":"https:\/\/testing.almagloriousbeauty.com\/en_ca\/wp-json\/wp\/v2\/product_tag?post=574"}],"curies":[{"name":"wp","href":"https:\/\/api.w.org\/{rel}","templated":true}]}}