{"id":580,"date":"2024-10-29T10:04:45","date_gmt":"2024-10-29T10:04:45","guid":{"rendered":"https:\/\/mediumslateblue-caribou-431624.hostingersite.com\/?post_type=product&#038;p=580"},"modified":"2025-05-03T15:21:56","modified_gmt":"2025-05-03T15:21:56","slug":"glorious-glow-serum","status":"publish","type":"product","link":"https:\/\/testing.almagloriousbeauty.com\/en_ca\/glorious-glow-serum\/","title":{"rendered":"GLORIOUS GLOW SERUM"},"content":{"rendered":"<p><span style=\"color: #800080;\"><b>Utilisation<\/b><\/span><\/p>\n<p><span style=\"font-weight: 400;\">Apr\u00e8s avoir nettoy\u00e9 la peau, appliquez une quantit\u00e9 appropri\u00e9e de serum sur le visage, puis utilisez la m\u00eame s\u00e9rie de cr\u00e8mes, la meilleure combinaison de produits de la m\u00eame s\u00e9rie.<\/span><\/p>\n<p>&nbsp;<\/p>\n<p><span style=\"color: #800080;\"><b>Ingr\u00e9dients et effets<\/b><\/span><\/p>\n<p><span style=\"font-weight: 400;\">Vitamine C : R\u00e9duit l\u2019apparence des rides en neutralisant les radicaux libres, am\u00e9liore l\u2019\u00e9lasticit\u00e9 de la peau et att\u00e9nue les t\u00e2ches pigmentaires\u00a0<\/span><\/p>\n<p><span style=\"font-weight: 400;\">Vitamine E : Renforce la barri\u00e8re cutan\u00e9e de la peau, effet hydratant, protection contre les d\u00e9g\u00e2ts des radicaux libres, agit sur l\u2019hyperpigmentation et prot\u00e8ge des expositions au soleil.<\/span><\/p>\n<p><span style=\"font-weight: 400;\">Eau\u00a0: C\u2019est connu, l\u2019eau c\u2019est la vie; la peau n\u2019est pas en reste, hydratant par excellence, l\u2019eau aide \u00e0 pr\u00e9server la beaut\u00e9 naturelle de la peau; la peau est repulp\u00e9e, \u00e9clatante, tonifi\u00e9e et avec moins de manquements.<\/span><\/p>\n<p><span style=\"font-weight: 400;\">Niacinamide\u00a0: stimule la production du collag\u00e8ne et aide \u00e0 diminuer l\u2019apparence des rides et des ridules. R\u00e9gule la production du s\u00e9bum r\u00e9duisant ainsi la brillance et am\u00e9liorant l\u2019apparence des pores.\u00a0<\/span><\/p>\n<p><span style=\"font-weight: 400;\">Glyc\u00e9rine\u00a0: <\/span><span style=\"font-weight: 400;\">Hydratante, elle rend la peau douce, lisse et fra\u00eeche<\/span><\/p>\n<p><span style=\"font-weight: 400;\">Jus de feuille ALOE BARBADENSIS: lisse le grain de peau et resserre les pores<\/span><\/p>\n<p><span style=\"font-weight: 400;\">Hyaluronate de sodium: protection naturelle \u00e0 la surface de l\u2019\u00e9piderme contre les agressions ext\u00e9rieures comme la pollution,les rayons UV, le stress oxydatif caus\u00e9 par les radicaux libres.<\/span><\/p>\n<p><span style=\"font-weight: 400;\">Acide f\u00e9rulique: puissant antioxydant, ralentit le processus de vieillissement de la peau, r\u00e9duit les rides et les ridules.<\/span><\/p>\n<p><span style=\"font-weight: 400;\">Betaine: hydrate et prot\u00e8ge la peau des irritations<\/span><\/p>\n<p><span style=\"font-weight: 400;\">Avena sativa: apaise la peau <\/span><\/p>","protected":false},"excerpt":{"rendered":"<p><span style=\"font-weight: 400;\">Les s\u00e9rums principalement utilis\u00e9s sur le visage, ont pour r\u00f4le de cibler des manquements sp\u00e9cifiques tels que l\u2019hyperpigmentation, les rides, les t\u00e2ches, le vieillissement pr\u00e9matur\u00e9, la perte de vitalit\u00e9, l\u2019exc\u00e8s de s\u00e9bum, la dilatation des pores et bien d\u2019autres.\u00a0<\/span><\/p>\n<p><span style=\"font-weight: 400;\">Biologique et organique, <\/span><span style=\"font-weight: 400;\">sans Paraben, sans Silicone, sans parfum, sans Sulfate, sans cruaut\u00e9 sur les animaux, Vegan, Organique, <\/span><span style=\"font-weight: 400;\">et fait de 20% de vitamine C et E; notre Glorious Glow Serum vous permettra de b\u00e9n\u00e9ficier de ses effets raffermissants, hydratants, anti-rides, anti-\u00e2ges, nourrissants, \u00e9claircissants, correcteur et restaurateur de pigmentation, antioxydant et aussi vous b\u00e9n\u00e9ficierez d\u2019un visage neuf, lisse, illumin\u00e9, \u00e9pur\u00e9 avec des pores resserr\u00e9s et une peau de visage encore plus \u00e9clatante.<\/span><\/p>","protected":false},"featured_media":581,"comment_status":"open","ping_status":"closed","template":"","meta":[],"product_brand":[],"product_cat":[60,65],"product_tag":[104,100,101,105,102,103,106],"class_list":{"0":"post-580","1":"product","2":"type-product","3":"status-publish","4":"has-post-thumbnail","6":"product_cat-produits-de-beaute-pour-adultes","7":"product_cat-creme-nourrissante-pour-le-corps","8":"product_tag-dilatation","9":"product_tag-glorious-glow-serum","10":"product_tag-hyperpigmentation","11":"product_tag-pores","12":"product_tag-rides","13":"product_tag-sebum","14":"product_tag-soins-visage","16":"first","17":"instock","18":"shipping-taxable","19":"purchasable","20":"product-type-simple"},"jetpack_sharing_enabled":true,"_links":{"self":[{"href":"https:\/\/testing.almagloriousbeauty.com\/en_ca\/wp-json\/wp\/v2\/product\/580","targetHints":{"allow":["GET"]}}],"collection":[{"href":"https:\/\/testing.almagloriousbeauty.com\/en_ca\/wp-json\/wp\/v2\/product"}],"about":[{"href":"https:\/\/testing.almagloriousbeauty.com\/en_ca\/wp-json\/wp\/v2\/types\/product"}],"replies":[{"embeddable":true,"href":"https:\/\/testing.almagloriousbeauty.com\/en_ca\/wp-json\/wp\/v2\/comments?post=580"}],"wp:featuredmedia":[{"embeddable":true,"href":"https:\/\/testing.almagloriousbeauty.com\/en_ca\/wp-json\/wp\/v2\/media\/581"}],"wp:attachment":[{"href":"https:\/\/testing.almagloriousbeauty.com\/en_ca\/wp-json\/wp\/v2\/media?parent=580"}],"wp:term":[{"taxonomy":"product_brand","embeddable":true,"href":"https:\/\/testing.almagloriousbeauty.com\/en_ca\/wp-json\/wp\/v2\/product_brand?post=580"},{"taxonomy":"product_cat","embeddable":true,"href":"https:\/\/testing.almagloriousbeauty.com\/en_ca\/wp-json\/wp\/v2\/product_cat?post=580"},{"taxonomy":"product_tag","embeddable":true,"href":"https:\/\/testing.almagloriousbeauty.com\/en_ca\/wp-json\/wp\/v2\/product_tag?post=580"}],"curies":[{"name":"wp","href":"https:\/\/api.w.org\/{rel}","templated":true}]}}