{"id":586,"date":"2024-10-29T10:38:49","date_gmt":"2024-10-29T10:38:49","guid":{"rendered":"https:\/\/mediumslateblue-caribou-431624.hostingersite.com\/?post_type=product&#038;p=586"},"modified":"2025-05-03T15:21:06","modified_gmt":"2025-05-03T15:21:06","slug":"glorious-glow-lotion","status":"publish","type":"product","link":"https:\/\/testing.almagloriousbeauty.com\/en_ca\/glorious-glow-lotion\/","title":{"rendered":"GLORIOUS GLOW LOTION"},"content":{"rendered":"<p><span style=\"color: #800080;\"><b>Utilisation<\/b><\/span><\/p>\n<p><span style=\"font-weight: 400;\">Une fois votre glorieux corps gomm\u00e9, savonn\u00e9, rinc\u00e9 et bien mass\u00e9, il est maintenant temps d\u2019appliquer notre magnifique Perfect Glorious Glow Lotion\u00a0<\/span><\/p>\n<ul>\n<li style=\"font-weight: 400;\" aria-level=\"1\"><span style=\"font-weight: 400;\">\u00c9tape 1: Chauffer<\/span><\/li>\n<\/ul>\n<p><span style=\"font-weight: 400;\">Pr\u00e9levez une quantit\u00e9 de lotion, frottez-la dans vos paumes de mains pendant environ 10 secondes; le but \u00e9tant de mettre la lotion \u00e0 la m\u00eame temp\u00e9rature que celle de votre peau afin qu\u2019elle ait un effet imm\u00e9diat.<\/span><\/p>\n<ul>\n<li style=\"font-weight: 400;\" aria-level=\"1\"><span style=\"font-weight: 400;\">\u00c9tape 2: L\u2019effleurage<\/span><\/li>\n<\/ul>\n<p><span style=\"font-weight: 400;\">Prenez vos mains, et avec la pression de ces derni\u00e8res, r\u00e9partir et ce de mani\u00e8re uniforme la lotion sur le tout le corps avec des mouvements circulaires et beaucoup de douceur et ce pendant quelques minutes.<\/span><\/p>\n<ul>\n<li style=\"font-weight: 400;\" aria-level=\"1\"><span style=\"font-weight: 400;\">\u00c9tape 3: Pressions appuy\u00e9es<\/span><\/li>\n<\/ul>\n<p><span style=\"font-weight: 400;\">On va se servir de la m\u00e9thode de drainage par pression afin d\u2019appliquer sur chaque partie du corps des pressions circulaires et ce \u00e0 l\u2019aide des doigts et de la paume des mains cela permettra de redonner de l\u2019\u00e9clat au teint tout en stimulant la circulation en pr\u00e9servant la fermet\u00e9 de votre peau. Nous allons r\u00e9p\u00e9ter ce mouvement jusqu\u2019\u00e0 absorption compl\u00e8te.<\/span><\/p>\n<p>&nbsp;<\/p>\n<p><span style=\"color: #800080;\"><b>Ingr\u00e9dients et effets<\/b><\/span><\/p>\n<p><span style=\"font-weight: 400;\">AHA: visiblement \u00e9claircit le teint, favorise la production de collag\u00e8ne, r\u00e9duit les rides et la ligne s\u00e8che, exfolie les cellules mortes de la peau.\u00a0<\/span><\/p>\n<p><span style=\"font-weight: 400;\">Nicotinamide: unifie visiblement le teint, am\u00e9liore l&rsquo;hyperpigmentation existante, lisse les rides et la ligne s\u00e8che.\u00a0<\/span><\/p>\n<p><span style=\"font-weight: 400;\">L&rsquo;alpha-arbutine \u00e9claircit le teint, \u00e9claircit efficacement les taches brunes, inhibe la production de m\u00e9lanine et emp\u00eache la formation de m\u00e9lanine.\u00a0<\/span><\/p>\n<p><span style=\"font-weight: 400;\">Glyc\u00e9rine: Hydratante, elle rend la peau douce, lisse et fra\u00eeche<\/span><\/p>\n<p><span style=\"font-weight: 400;\">Acide hyaluronique: <\/span><span style=\"font-weight: 400;\">S\u2019incruste intens\u00e9ment dans la peau en augmentant son \u00e9lasticit\u00e9, en activant son hydratation et sa r\u00e9g\u00e9n\u00e9ration; r\u00e9duit l\u2019apparence des ridules et des rides en retenant l\u2019humidit\u00e9 dans la peau.<\/span><\/p>\n<p><span style=\"font-weight: 400;\">Vitamine C: <\/span><span style=\"font-weight: 400;\">R\u00e9duit l\u2019apparence des rides en neutralisant les radicaux libres, am\u00e9liore l\u2019\u00e9lasticit\u00e9 de la peau et att\u00e9nue les t\u00e2ches pigmentaires\u00a0<\/span><\/p>\n<p><span style=\"font-weight: 400;\">Tranexamic Acid: att\u00e9nue l\u2019hyperpigmentation, estompe l\u2019apparence des marques post-acn\u00e9\u00a0<\/span><\/p>\n<p><span style=\"font-weight: 400;\">Vitamine E: <\/span><span style=\"font-weight: 400;\">Renforce la barri\u00e8re cutan\u00e9e de la peau, effet hydratant, protection contre les d\u00e9g\u00e2ts des radicaux libres, agit sur l\u2019hyperpigmentation et prot\u00e8ge des expositions au soleil.<\/span><\/p>\n<p><span style=\"font-weight: 400;\">Collag\u00e8ne: <\/span><span style=\"font-weight: 400;\">agit comme une barri\u00e8re qui aide \u00e0 retenir l\u2019eau dans les cellules cutan\u00e9es ce qui donne une peau hydrat\u00e9e, plus souple, plus douce et encore plus lumineuse.\u00a0<\/span><\/p>\n<p><span style=\"font-weight: 400;\">VITAMINE B5: <\/span><span style=\"font-weight: 400;\">humectant qui attire l&rsquo;humidit\u00e9 vers la peau; \u00e9mollient qui aide \u00e0 retenir l&rsquo;humidit\u00e9 dans la peau. La combinaison de ces propri\u00e9t\u00e9s aide \u00e0 cr\u00e9er un produit profond\u00e9ment hydratant; gardant la peau douce, lisse et am\u00e9liorant son \u00e9lasticit\u00e9 tout en favorisant les processus de gu\u00e9rison de la peau.<\/span><\/p>\n<p><span style=\"font-weight: 400;\">Acide salicylique: <\/span><span style=\"font-weight: 400;\">inhibe la croissance des bact\u00e9ries, des champignons et virus \u00e0 la surface de la peau; stoppe particuli\u00e8rement la prolif\u00e9ration de la Cutibacterium acnes qui est \u00e0 l\u2019origine des r\u00e9actions inflammatoires de l\u2019acn\u00e9, visibles sous formes de papules et de pustules que nous appelons commun\u00e9ment boutons.<\/span><\/p>","protected":false},"excerpt":{"rendered":"<p><span style=\"font-weight: 400;\">Ce que votre peau attendait depuis un moment; mais avant d&rsquo;accueillir notre Glorious Glow Lotion, votre peau doit au pr\u00e9alable avoir \u00e9t\u00e9 gomm\u00e9e avec notre Glorious Glow Scrub, savonn\u00e9e avec notre Glorious Glow Soap et bien rinc\u00e9e avec une belle eau propre. Par la suite, le corps doit \u00eatre mass\u00e9 par des mouvements circulaires avec note Glorious Glow Serum Oil et l\u00e0, il est alors temps de laisser la place \u00e0 notre puissante lotion riche en AHA et Niacinamide <\/span><span style=\"font-weight: 400;\">efficace pour traiter et<\/span><span style=\"font-weight: 400;\"> r\u00e9parer la peau en la rendant lisse et en r\u00e9duisant consid\u00e9rablement les imperfections. Puissante hydratation, inhibition de la m\u00e9lanine, pr\u00e9vient les t\u00e2ches,\u00a0 \u00e9claircit naturellement le teint, am\u00e9liore la matit\u00e9; votre peau saura vous remercier.<\/span><\/p>","protected":false},"featured_media":587,"comment_status":"open","ping_status":"closed","template":"","meta":[],"product_brand":[],"product_cat":[60,65],"product_tag":[113,112,110,111],"class_list":{"0":"post-586","1":"product","2":"type-product","3":"status-publish","4":"has-post-thumbnail","6":"product_cat-produits-de-beaute-pour-adultes","7":"product_cat-creme-nourrissante-pour-le-corps","8":"product_tag-glorious-glow-lotion","9":"product_tag-hydratation","10":"product_tag-taches","11":"product_tag-teint","13":"first","14":"instock","15":"shipping-taxable","16":"purchasable","17":"product-type-simple"},"jetpack_sharing_enabled":true,"_links":{"self":[{"href":"https:\/\/testing.almagloriousbeauty.com\/en_ca\/wp-json\/wp\/v2\/product\/586","targetHints":{"allow":["GET"]}}],"collection":[{"href":"https:\/\/testing.almagloriousbeauty.com\/en_ca\/wp-json\/wp\/v2\/product"}],"about":[{"href":"https:\/\/testing.almagloriousbeauty.com\/en_ca\/wp-json\/wp\/v2\/types\/product"}],"replies":[{"embeddable":true,"href":"https:\/\/testing.almagloriousbeauty.com\/en_ca\/wp-json\/wp\/v2\/comments?post=586"}],"wp:featuredmedia":[{"embeddable":true,"href":"https:\/\/testing.almagloriousbeauty.com\/en_ca\/wp-json\/wp\/v2\/media\/587"}],"wp:attachment":[{"href":"https:\/\/testing.almagloriousbeauty.com\/en_ca\/wp-json\/wp\/v2\/media?parent=586"}],"wp:term":[{"taxonomy":"product_brand","embeddable":true,"href":"https:\/\/testing.almagloriousbeauty.com\/en_ca\/wp-json\/wp\/v2\/product_brand?post=586"},{"taxonomy":"product_cat","embeddable":true,"href":"https:\/\/testing.almagloriousbeauty.com\/en_ca\/wp-json\/wp\/v2\/product_cat?post=586"},{"taxonomy":"product_tag","embeddable":true,"href":"https:\/\/testing.almagloriousbeauty.com\/en_ca\/wp-json\/wp\/v2\/product_tag?post=586"}],"curies":[{"name":"wp","href":"https:\/\/api.w.org\/{rel}","templated":true}]}}