{"id":588,"date":"2024-10-29T10:43:31","date_gmt":"2024-10-29T10:43:31","guid":{"rendered":"https:\/\/mediumslateblue-caribou-431624.hostingersite.com\/?post_type=product&#038;p=588"},"modified":"2025-05-03T15:20:19","modified_gmt":"2025-05-03T15:20:19","slug":"glorious-glow-cream","status":"publish","type":"product","link":"https:\/\/testing.almagloriousbeauty.com\/en_ca\/glorious-glow-cream\/","title":{"rendered":"GLORIOUS GLOW DAY CREAM"},"content":{"rendered":"<p><span style=\"color: #800080;\"><b>Utilisation<\/b><\/span><\/p>\n<p><span style=\"font-weight: 400;\">Une fois votre visage nettoy\u00e9 avec notre Glorious Glow Soap et le Glorious Glow Serum appliqu\u00e9, il est maintenant temps d\u2019appliquer notre magnifique Glorious Glow Cream en pr\u00e9parant la peau du visage et du cou en trois \u00e9tapes simples:<\/span><\/p>\n<ul>\n<li style=\"font-weight: 400;\" aria-level=\"1\"><span style=\"font-weight: 400;\">\u00c9tape 1: Chauffer<\/span><\/li>\n<\/ul>\n<p><span style=\"font-weight: 400;\">Pr\u00e9levez une petite quantit\u00e9 de cr\u00e8me, l\u2019\u00e9quivalent de deux noisettes, frottez-la dans vos paumes de mains pendant environ 5 secondes; le but \u00e9tant de mettre la cr\u00e8me \u00e0 la m\u00eame temp\u00e9rature que celle de votre peau afin qu\u2019elle ait un effet imm\u00e9diat.<\/span><\/p>\n<ul>\n<li style=\"font-weight: 400;\" aria-level=\"1\"><span style=\"font-weight: 400;\">\u00c9tape 2: L\u2019effleurage<\/span><\/li>\n<\/ul>\n<p><span style=\"font-weight: 400;\">Prenez vos mains, et avec la pression de ces derni\u00e8res, r\u00e9partir et ce de mani\u00e8re uniforme la cr\u00e8me sur le visage et le cou en mouvement de lissage l\u00e9ger avec beaucoup de douceur et ce pendant une dizaine de secondes.<\/span><\/p>\n<ul>\n<li style=\"font-weight: 400;\" aria-level=\"1\"><span style=\"font-weight: 400;\">\u00c9tape 3: Pressions appuy\u00e9es<\/span><\/li>\n<\/ul>\n<p><span style=\"font-weight: 400;\">On va se servir de la m\u00e9thode de drainage par pression afin d\u2019appliquer sur la peau du visage et du d\u00e9collet\u00e9 des pressions circulaires et ce \u00e0 l\u2019aide des doigts et de la paume des mains cela permettra de redonner de l\u2019\u00e9clat au teint tout en stimulant la circulation en pr\u00e9servant la fermet\u00e9 de votre peau. Pour ce qui est du visage, ce sera de la ligne m\u00e9diane vers l\u2019ext\u00e9rieur et pour le cou, toujours de haut en bas. Nous allons r\u00e9p\u00e9ter ce mouvement trois fois sur les joues, trois fois sur le front et cinq fois sur le cou et le d\u00e9collet\u00e9; cela permettra aussi au SFP50 de p\u00e9n\u00e9trer intens\u00e9ment afin de vous prot\u00e9ger du soleil tout au long de la journ\u00e9e.<\/span><\/p>\n<p>&nbsp;<\/p>\n<p><span style=\"color: #800080;\"><b>Ingr\u00e9dients et effets:<\/b><\/span><\/p>\n<p><span style=\"font-weight: 400;\">Aloe Vera: Premi\u00e8re source d\u2019hydratation pour la peau, elle apaise, illumine et repulpe votre glorieux teint.<\/span><\/p>\n<p><span style=\"font-weight: 400;\">Acide hyaluronique: S\u2019incruste intens\u00e9ment dans la peau en augmentant son \u00e9lasticit\u00e9, en activant son hydratation et sa r\u00e9g\u00e9n\u00e9ration; r\u00e9duit l\u2019apparence des ridules et des rides en retenant l\u2019humidit\u00e9 dans la peau<\/span><\/p>\n<p><span style=\"font-weight: 400;\">Vitamine C: <\/span><span style=\"font-weight: 400;\">R\u00e9duit l\u2019apparence des rides en neutralisant les radicaux libres, am\u00e9liore l\u2019\u00e9lasticit\u00e9 de la peau et att\u00e9nue les t\u00e2ches pigmentaires\u00a0<\/span><\/p>\n<p><span style=\"font-weight: 400;\">AHA: Les rides sont liss\u00e9es, les t\u00e2ches et les imperfections att\u00e9nu\u00e9es, le teint illumin\u00e9, le grain de peau affin\u00e9 et les irr\u00e9gularit\u00e9s estomp\u00e9es.<\/span><\/p>\n<p><span style=\"font-weight: 400;\">ARBUTINE: Doux pour les peaux souffrant d\u2019hyperpigmentation, elle bloque la synth\u00e8se de la m\u00e9lanine, \u00e9limine les t\u00e2ches existantes tout en pr\u00e9venant les nouvelles<\/span><\/p>\n<p><span style=\"font-weight: 400;\">Niacinamide: R\u00e9gule la production du s\u00e9bum ce qui est excellent pour pr\u00e9venir les pouss\u00e9es d\u2019acn\u00e9, r\u00e9duit la brillance et am\u00e9liore l\u2019apparence des pores.\u00a0<\/span><\/p>\n<p><span style=\"font-weight: 400;\">Acide kojique: <\/span><span style=\"font-weight: 400;\">agent \u00e9claircissant, <\/span><span style=\"font-weight: 400;\">il r\u00e9duit efficacement l&rsquo;apparence des taches brunes et de l&rsquo;hyperpigmentation, pour un teint plus lumineux et plus uniforme.<\/span><\/p>\n<p><span style=\"font-weight: 400;\">Vitamine E: <\/span><span style=\"font-weight: 400;\">Renforce la barri\u00e8re cutan\u00e9e de la peau, effet hydratant, protection contre les d\u00e9g\u00e2ts des radicaux libres, agit sur l\u2019hyperpigmentation et prot\u00e8ge des expositions au soleil.<\/span><\/p>\n<p><span style=\"font-weight: 400;\">Collag\u00e8ne: <\/span><span style=\"font-weight: 400;\">agit comme une barri\u00e8re qui aide \u00e0 retenir l\u2019eau dans les cellules cutan\u00e9es ce qui donne une peau hydrat\u00e9e, plus souple, plus douce et encore plus lumineuse<\/span><\/p>\n<p><span style=\"font-weight: 400;\">VITAMINE B5: <\/span><span style=\"font-weight: 400;\">humectant qui attire l&rsquo;humidit\u00e9 vers la peau; \u00e9mollient qui aide \u00e0 retenir l&rsquo;humidit\u00e9 dans la peau. La combinaison de ces propri\u00e9t\u00e9s aide \u00e0 cr\u00e9er un produit profond\u00e9ment hydratant; gardant la peau douce, lisse et am\u00e9liorant son \u00e9lasticit\u00e9 tout en favorisant les processus de gu\u00e9rison de la peau.<\/span><\/p>","protected":false},"excerpt":{"rendered":"<p>Utilisation Une fois votre visage nettoy\u00e9 avec notre Glorious Glow Soap et le Glorious Glow Serum appliqu\u00e9, il est maintenant temps d\u2019appliquer notre magnifique Glorious Glow Cream en pr\u00e9parant la peau du visage et du cou en trois \u00e9tapes simples: \u00c9tape 1: Chauffer Pr\u00e9levez une petite quantit\u00e9 de cr\u00e8me, l\u2019\u00e9quivalent de deux noisettes, frottez-la dans vos paumes de mains pendant environ 5 secondes; le but \u00e9tant de mettre la cr\u00e8me \u00e0 la m\u00eame temp\u00e9rature que celle de votre peau afin qu\u2019elle ait un effet imm\u00e9diat. \u00c9tape 2: L\u2019effleurage Prenez vos mains, et avec la pression de ces derni\u00e8res, r\u00e9partir et ce de mani\u00e8re uniforme la cr\u00e8me sur le visage et le cou en mouvement de lissage l\u00e9ger avec beaucoup de douceur et ce pendant une dizaine de secondes. \u00c9tape 3: Pressions appuy\u00e9es On va se servir de la m\u00e9thode de drainage par pression afin d\u2019appliquer sur la peau du visage et du d\u00e9collet\u00e9 des pressions circulaires et ce \u00e0 l\u2019aide des doigts et de la paume des mains cela permettra de redonner de l\u2019\u00e9clat au teint tout en stimulant la circulation en pr\u00e9servant la fermet\u00e9 de votre peau. Pour ce qui est du visage, ce sera de la ligne m\u00e9diane vers l\u2019ext\u00e9rieur et pour le cou, toujours de haut en bas. Nous allons r\u00e9p\u00e9ter ce mouvement trois fois sur les joues, trois fois sur le front et cinq fois sur le cou et le d\u00e9collet\u00e9; cela permettra aussi au SFP50 de p\u00e9n\u00e9trer intens\u00e9ment afin de vous prot\u00e9ger du soleil tout au long de la journ\u00e9e. &nbsp; Ingr\u00e9dients et effets: Aloe Vera: Premi\u00e8re source d\u2019hydratation pour la peau, elle apaise, illumine et repulpe votre glorieux teint. Acide hyaluronique: S\u2019incruste intens\u00e9ment dans la peau en augmentant son \u00e9lasticit\u00e9, en activant son hydratation et sa r\u00e9g\u00e9n\u00e9ration; r\u00e9duit l\u2019apparence des ridules et des rides en retenant l\u2019humidit\u00e9 dans la peau Vitamine C: R\u00e9duit l\u2019apparence des rides en neutralisant les radicaux libres, am\u00e9liore l\u2019\u00e9lasticit\u00e9 de la peau et att\u00e9nue les t\u00e2ches pigmentaires\u00a0 AHA: Les rides sont liss\u00e9es, les t\u00e2ches et les imperfections att\u00e9nu\u00e9es, le teint illumin\u00e9, le grain de peau affin\u00e9 et les irr\u00e9gularit\u00e9s estomp\u00e9es. ARBUTINE: Doux pour les peaux souffrant d\u2019hyperpigmentation, elle bloque la synth\u00e8se de la m\u00e9lanine, \u00e9limine les t\u00e2ches existantes tout en pr\u00e9venant les nouvelles Niacinamide: R\u00e9gule la production du s\u00e9bum ce qui est excellent pour pr\u00e9venir les pouss\u00e9es d\u2019acn\u00e9, r\u00e9duit la brillance et am\u00e9liore l\u2019apparence des pores.\u00a0 Acide kojique: agent \u00e9claircissant, il r\u00e9duit efficacement l&rsquo;apparence des taches brunes et de l&rsquo;hyperpigmentation, pour un teint plus lumineux et plus uniforme. Vitamine E: Renforce la barri\u00e8re cutan\u00e9e de la peau, effet hydratant, protection contre les d\u00e9g\u00e2ts des radicaux libres, agit sur l\u2019hyperpigmentation et prot\u00e8ge des expositions au soleil. Collag\u00e8ne: agit comme une barri\u00e8re qui aide \u00e0 retenir l\u2019eau dans les cellules cutan\u00e9es ce qui donne une peau hydrat\u00e9e, plus souple, plus douce et encore plus lumineuse VITAMINE B5: humectant qui attire l&rsquo;humidit\u00e9 vers la peau; \u00e9mollient qui aide \u00e0 retenir l&rsquo;humidit\u00e9 dans la peau. La combinaison de ces propri\u00e9t\u00e9s aide \u00e0 cr\u00e9er un produit profond\u00e9ment hydratant; gardant la peau douce, lisse et am\u00e9liorant son \u00e9lasticit\u00e9 tout en favorisant les processus de gu\u00e9rison de la peau.<\/p>","protected":false},"featured_media":589,"comment_status":"open","ping_status":"closed","template":"","meta":[],"product_brand":[],"product_cat":[60,65],"product_tag":[80,114,116,96,109,115],"class_list":{"0":"post-588","1":"product","2":"type-product","3":"status-publish","4":"has-post-thumbnail","6":"product_cat-produits-de-beaute-pour-adultes","7":"product_cat-creme-nourrissante-pour-le-corps","8":"product_tag-corps","9":"product_tag-glorious-glow-cream","10":"product_tag-hydratant","11":"product_tag-peau","12":"product_tag-visage","13":"product_tag-visage-nettoye","15":"first","16":"instock","17":"shipping-taxable","18":"purchasable","19":"product-type-simple"},"jetpack_sharing_enabled":true,"_links":{"self":[{"href":"https:\/\/testing.almagloriousbeauty.com\/en_ca\/wp-json\/wp\/v2\/product\/588","targetHints":{"allow":["GET"]}}],"collection":[{"href":"https:\/\/testing.almagloriousbeauty.com\/en_ca\/wp-json\/wp\/v2\/product"}],"about":[{"href":"https:\/\/testing.almagloriousbeauty.com\/en_ca\/wp-json\/wp\/v2\/types\/product"}],"replies":[{"embeddable":true,"href":"https:\/\/testing.almagloriousbeauty.com\/en_ca\/wp-json\/wp\/v2\/comments?post=588"}],"wp:featuredmedia":[{"embeddable":true,"href":"https:\/\/testing.almagloriousbeauty.com\/en_ca\/wp-json\/wp\/v2\/media\/589"}],"wp:attachment":[{"href":"https:\/\/testing.almagloriousbeauty.com\/en_ca\/wp-json\/wp\/v2\/media?parent=588"}],"wp:term":[{"taxonomy":"product_brand","embeddable":true,"href":"https:\/\/testing.almagloriousbeauty.com\/en_ca\/wp-json\/wp\/v2\/product_brand?post=588"},{"taxonomy":"product_cat","embeddable":true,"href":"https:\/\/testing.almagloriousbeauty.com\/en_ca\/wp-json\/wp\/v2\/product_cat?post=588"},{"taxonomy":"product_tag","embeddable":true,"href":"https:\/\/testing.almagloriousbeauty.com\/en_ca\/wp-json\/wp\/v2\/product_tag?post=588"}],"curies":[{"name":"wp","href":"https:\/\/api.w.org\/{rel}","templated":true}]}}