{"id":627,"date":"2024-11-05T23:35:36","date_gmt":"2024-11-05T23:35:36","guid":{"rendered":"https:\/\/testing.almagloriousbeauty.com\/home\/?post_type=product&#038;p=627"},"modified":"2025-06-21T02:26:55","modified_gmt":"2025-06-21T02:26:55","slug":"ebene-glorious-glow-lotion","status":"publish","type":"product","link":"https:\/\/testing.almagloriousbeauty.com\/en_ca\/ebene-glorious-glow-lotion\/","title":{"rendered":"EBENE GLORIOUS GLOW LOTION"},"content":{"rendered":"<p><span style=\"color: #800080;\"><b>Utilisation<\/b><\/span><\/p>\n<p><span style=\"font-weight: 400;\">Une fois votre glorieux corps gomm\u00e9, savonn\u00e9, rinc\u00e9 et bien mass\u00e9, il est maintenant temps d\u2019appliquer notre magnifique Ebene Glorious Glow Lotion<\/span><\/p>\n<ul>\n<li style=\"font-weight: 400;\" aria-level=\"1\"><span style=\"font-weight: 400;\">\u00c9tape 1: Chauffer<\/span><\/li>\n<\/ul>\n<p><span style=\"font-weight: 400;\">Pr\u00e9levez une quantit\u00e9 de lotion, frottez-la dans vos paumes de mains pendant environ 10 secondes; le but \u00e9tant de mettre la lotion \u00e0 la m\u00eame temp\u00e9rature que celle de votre peau afin qu\u2019elle ait un effet imm\u00e9diat.<\/span><\/p>\n<ul>\n<li style=\"font-weight: 400;\" aria-level=\"1\"><span style=\"font-weight: 400;\">\u00c9tape 2: L\u2019effleurage<\/span><\/li>\n<\/ul>\n<p><span style=\"font-weight: 400;\">Prenez vos mains, et avec la pression de ces derni\u00e8res, r\u00e9partir et ce de mani\u00e8re uniforme la lotion sur le tout le corps avec des mouvements circulaires et beaucoup de douceur et ce pendant quelques minutes.<\/span><\/p>\n<ul>\n<li style=\"font-weight: 400;\" aria-level=\"1\"><span style=\"font-weight: 400;\">\u00c9tape 3: Pressions appuy\u00e9es<\/span><\/li>\n<\/ul>\n<p><span style=\"font-weight: 400;\">On va se servir de la m\u00e9thode de drainage par pression afin d\u2019appliquer sur chaque partie du corps des pressions circulaires et ce \u00e0 l\u2019aide des doigts et de la paume des mains cela permettra de redonner de l\u2019\u00e9clat au teint tout en stimulant la circulation en pr\u00e9servant la fermet\u00e9 de votre peau. Nous allons r\u00e9p\u00e9ter ce mouvement jusqu\u2019\u00e0 absorption compl\u00e8te.<\/span><\/p>\n<p>&nbsp;<\/p>\n<p><span style=\"color: #800080;\"><b>Ingr\u00e9dients et effets<\/b><\/span><\/p>\n<p><span style=\"font-weight: 400;\">Collag\u00e8ne: <\/span><span style=\"font-weight: 400;\">agit comme une barri\u00e8re qui aide \u00e0 retenir l\u2019eau dans les cellules cutan\u00e9es ce qui donne une peau hydrat\u00e9e, plus souple, plus douce et encore plus lumineuse.\u00a0<\/span><\/p>\n<p><span style=\"font-weight: 400;\">Arbutine\u00a0: actif tr\u00e8s doux, il aide \u00e0 lutter contre la formation des t\u00e2ches pigmentaires et \u00e0 r\u00e9duire celle d\u00e9j\u00e0 pr\u00e9sente m\u00eame celles li\u00e9es \u00e0 l\u2019acn\u00e9; actif anti-t\u00e2ches et \u00e9claircissant.\u00a0<\/span><\/p>\n<p><span style=\"font-weight: 400;\">Vitamine C:<\/span><span style=\"font-weight: 400;\">R\u00e9duit l\u2019apparence des rides en neutralisant les radicaux libres, am\u00e9liore l\u2019\u00e9lasticit\u00e9 de la peau et att\u00e9nue les t\u00e2ches pigmentaires\u00a0<\/span><\/p>\n<p><span style=\"font-weight: 400;\">Curcuma\u00a0: \u00e9pice populaire en cosm\u00e9tique, on se demande bien pourquoi? Mais oui, gr\u00e2ce \u00e0 ses propri\u00e9t\u00e9s anti acn\u00e9, illuminatrice et r\u00e9paratrice, il est devenu un incontournable.\u00a0<\/span><\/p>\n<p><span style=\"font-weight: 400;\">Huile de p\u00e9pins de raisin: hydrate, \u00e9claircit les cernes, estompe les cicatrices, raffermit la peau et pr\u00e9vient des dommages caus\u00e9s par les agressions ext\u00e9rieures.<\/span><\/p>\n<p><span style=\"font-weight: 400;\">Huile de Jojoba: apaisante et r\u00e9paratrice, elle prot\u00e8ge la peau de la d\u00e9shydratation et ralentit la perte en eau.<\/span><\/p>","protected":false},"excerpt":{"rendered":"<p><span style=\"font-weight: 400;\">Votre glorieuse peau \u00c9b\u00e8ne peut enfin vous dire merci notre Ebene Glorious Glow Lotion, votre peau doit au pr\u00e9alable avoir \u00e9t\u00e9 gomm\u00e9e, savonn\u00e9e avec notre Ebene Glorious Glow Soap et bien rinc\u00e9e avec une belle eau propre. Par la suite, le corps doit \u00eatre mass\u00e9 par des mouvements circulaires avec notre Ebene Glorious Glow Oil et l\u00e0, il est alors temps de laisser la place \u00e0 notre merveilleuse lotion riche en Collag\u00e8ne et Vitamine C <\/span><span style=\"font-weight: 400;\">efficace pour traiter et<\/span><span style=\"font-weight: 400;\"> r\u00e9parer la peau en la rendant lisse et en r\u00e9duisant consid\u00e9rablement les imperfections. Puissante hydratation, raffermissante, traite les t\u00e2ches,\u00a0 donne un glow naturel.<\/span><\/p>","protected":false},"featured_media":628,"comment_status":"open","ping_status":"closed","template":"","meta":[],"product_brand":[],"product_cat":[60,65],"product_tag":[],"class_list":{"0":"post-627","1":"product","2":"type-product","3":"status-publish","4":"has-post-thumbnail","6":"product_cat-produits-de-beaute-pour-adultes","7":"product_cat-creme-nourrissante-pour-le-corps","9":"first","10":"instock","11":"shipping-taxable","12":"purchasable","13":"product-type-simple"},"jetpack_sharing_enabled":true,"_links":{"self":[{"href":"https:\/\/testing.almagloriousbeauty.com\/en_ca\/wp-json\/wp\/v2\/product\/627","targetHints":{"allow":["GET"]}}],"collection":[{"href":"https:\/\/testing.almagloriousbeauty.com\/en_ca\/wp-json\/wp\/v2\/product"}],"about":[{"href":"https:\/\/testing.almagloriousbeauty.com\/en_ca\/wp-json\/wp\/v2\/types\/product"}],"replies":[{"embeddable":true,"href":"https:\/\/testing.almagloriousbeauty.com\/en_ca\/wp-json\/wp\/v2\/comments?post=627"}],"wp:featuredmedia":[{"embeddable":true,"href":"https:\/\/testing.almagloriousbeauty.com\/en_ca\/wp-json\/wp\/v2\/media\/628"}],"wp:attachment":[{"href":"https:\/\/testing.almagloriousbeauty.com\/en_ca\/wp-json\/wp\/v2\/media?parent=627"}],"wp:term":[{"taxonomy":"product_brand","embeddable":true,"href":"https:\/\/testing.almagloriousbeauty.com\/en_ca\/wp-json\/wp\/v2\/product_brand?post=627"},{"taxonomy":"product_cat","embeddable":true,"href":"https:\/\/testing.almagloriousbeauty.com\/en_ca\/wp-json\/wp\/v2\/product_cat?post=627"},{"taxonomy":"product_tag","embeddable":true,"href":"https:\/\/testing.almagloriousbeauty.com\/en_ca\/wp-json\/wp\/v2\/product_tag?post=627"}],"curies":[{"name":"wp","href":"https:\/\/api.w.org\/{rel}","templated":true}]}}