{"id":634,"date":"2024-11-06T00:17:46","date_gmt":"2024-11-06T00:17:46","guid":{"rendered":"https:\/\/testing.almagloriousbeauty.com\/home\/?post_type=product&#038;p=634"},"modified":"2025-05-03T15:49:47","modified_gmt":"2025-05-03T15:49:47","slug":"ebene-glorious-glow-serum","status":"publish","type":"product","link":"https:\/\/testing.almagloriousbeauty.com\/en_ca\/ebene-glorious-glow-serum\/","title":{"rendered":"EBENE GLORIOUS GLOW SERUM"},"content":{"rendered":"<p><span style=\"color: #800080;\"><b>Utilisation<\/b><\/span><\/p>\n<p><span style=\"font-weight: 400;\">Apr\u00e8s avoir nettoy\u00e9 la peau, appliquez une quantit\u00e9 appropri\u00e9e de s\u00e9rum sur le visage, puis utilisez la m\u00eame s\u00e9rie de cr\u00e8mes, la meilleure combinaison de produits de la m\u00eame s\u00e9rie.<\/span><\/p>\n<p>&nbsp;<\/p>\n<p><span style=\"color: #800080;\"><b>Ingr\u00e9dients et effets<\/b><\/span><\/p>\n<p><span style=\"font-weight: 400;\">Vitamine C : R\u00e9duit l\u2019apparence des rides en neutralisant les radicaux libres, am\u00e9liore l\u2019\u00e9lasticit\u00e9 de la peau et att\u00e9nue les t\u00e2ches pigmentaires\u00a0<\/span><\/p>\n<p><span style=\"font-weight: 400;\">Nicotinamide: <\/span><span style=\"font-weight: 400;\">unifie visiblement le teint, am\u00e9liore l&rsquo;hyperpigmentation existante, lisse les rides et la ligne s\u00e8che.\u00a0<\/span><\/p>\n<p><span style=\"font-weight: 400;\">Acide hyaluronique: <\/span><span style=\"font-weight: 400;\">S\u2019incruste intens\u00e9ment dans la peau en augmentant son \u00e9lasticit\u00e9, en activant son hydratation et sa r\u00e9g\u00e9n\u00e9ration; r\u00e9duit l\u2019apparence des ridules et des rides en retenant l\u2019humidit\u00e9 dans la peau.<\/span><\/p>\n<p><span style=\"font-weight: 400;\">Extrait de Carotte: Gr\u00e2ce \u00e0 sa concentration en antioxydants et en b\u00eata-carot\u00e8ne, la mac\u00e9r\u00e2t huileux de carotte stimule la croissance et le renouvellement cellulaire; poss\u00e8de \u00e9galement des propri\u00e9t\u00e9s protectrices et r\u00e9paratrices.<\/span><\/p>","protected":false},"excerpt":{"rendered":"<p><span style=\"font-weight: 400;\">Les s\u00e9rums principalement utilis\u00e9s sur le visage, ont pour r\u00f4le de cibler des manquements sp\u00e9cifiques tels que l\u2019hyperpigmentation, les rides, les t\u00e2ches, le vieillissement pr\u00e9matur\u00e9, la perte de vitalit\u00e9, l\u2019exc\u00e8s de s\u00e9bum, la dilatation des pores et bien d\u2019autres.\u00a0<\/span><\/p>\n<p><span style=\"font-weight: 400;\">Biologique et organique, <\/span><span style=\"font-weight: 400;\">sans Paraben, sans Silicone, sans parfum, sans Sulfate, sans cruaut\u00e9 sur les animaux, Vegan, Organique, <\/span><span style=\"font-weight: 400;\">et fait de 5% de Niacinamide; notre Ebene Glorious Glow Serum vous permettra de b\u00e9n\u00e9ficier de ses effets raffermissants, hydratants, anti-rides, anti-\u00e2ges, nourrissants, \u00e9claircissants, correcteur et restaurateur de pigmentation, antioxydant et aussi vous b\u00e9n\u00e9ficierez d\u2019un visage neuf, lisse, illumin\u00e9, \u00e9pur\u00e9 avec des pores resserr\u00e9s et une peau de visage encore plus \u00e9clatante.<\/span><\/p>","protected":false},"featured_media":635,"comment_status":"open","ping_status":"closed","template":"","meta":[],"product_brand":[],"product_cat":[60,65],"product_tag":[],"class_list":{"0":"post-634","1":"product","2":"type-product","3":"status-publish","4":"has-post-thumbnail","6":"product_cat-produits-de-beaute-pour-adultes","7":"product_cat-creme-nourrissante-pour-le-corps","9":"first","10":"instock","11":"shipping-taxable","12":"purchasable","13":"product-type-simple"},"jetpack_sharing_enabled":true,"_links":{"self":[{"href":"https:\/\/testing.almagloriousbeauty.com\/en_ca\/wp-json\/wp\/v2\/product\/634","targetHints":{"allow":["GET"]}}],"collection":[{"href":"https:\/\/testing.almagloriousbeauty.com\/en_ca\/wp-json\/wp\/v2\/product"}],"about":[{"href":"https:\/\/testing.almagloriousbeauty.com\/en_ca\/wp-json\/wp\/v2\/types\/product"}],"replies":[{"embeddable":true,"href":"https:\/\/testing.almagloriousbeauty.com\/en_ca\/wp-json\/wp\/v2\/comments?post=634"}],"wp:featuredmedia":[{"embeddable":true,"href":"https:\/\/testing.almagloriousbeauty.com\/en_ca\/wp-json\/wp\/v2\/media\/635"}],"wp:attachment":[{"href":"https:\/\/testing.almagloriousbeauty.com\/en_ca\/wp-json\/wp\/v2\/media?parent=634"}],"wp:term":[{"taxonomy":"product_brand","embeddable":true,"href":"https:\/\/testing.almagloriousbeauty.com\/en_ca\/wp-json\/wp\/v2\/product_brand?post=634"},{"taxonomy":"product_cat","embeddable":true,"href":"https:\/\/testing.almagloriousbeauty.com\/en_ca\/wp-json\/wp\/v2\/product_cat?post=634"},{"taxonomy":"product_tag","embeddable":true,"href":"https:\/\/testing.almagloriousbeauty.com\/en_ca\/wp-json\/wp\/v2\/product_tag?post=634"}],"curies":[{"name":"wp","href":"https:\/\/api.w.org\/{rel}","templated":true}]}}