{"id":641,"date":"2024-11-06T00:43:27","date_gmt":"2024-11-06T00:43:27","guid":{"rendered":"https:\/\/testing.almagloriousbeauty.com\/home\/?post_type=product&#038;p=641"},"modified":"2025-12-18T01:17:12","modified_gmt":"2025-12-18T01:17:12","slug":"ultimate-glorious-glow-egg-soap-2","status":"publish","type":"product","link":"https:\/\/testing.almagloriousbeauty.com\/en_ca\/ultimate-glorious-glow-egg-soap-2\/","title":{"rendered":"ULTIMATE GLORIOUS GLOW EGG SOAP"},"content":{"rendered":"<p><span style=\"color: #800080\"><b>Utilisation<\/b><\/span><\/p>\n<p><span style=\"font-weight: 400\">Mouillez la partie \u00e0 nettoyer, s\u2019il s\u2019agit de votre visage, faites mousser votre U<\/span><span style=\"font-weight: 400\">LTIMATE GLORIOUS GLOW\u00a0 EGG SOAP<\/span><span style=\"font-weight: 400\"> dans votre paume de main et utilisez cette mousse pour l\u2019appliquer avec douceur sur votre visage puis rincez. Pour ce qui est du reste du corps d\u00e9j\u00e0 humidifi\u00e9 par de l\u2019eau, vous pouvez frotter votre savon le long du reste du corps et gr\u00e2ce \u00e0 votre gant exfoliant corporel, appliquez des mouvements circulaires puis rincez.<\/span><\/p>\n<p>&nbsp;<\/p>\n<p><span style=\"color: #800080\"><b>Ingr\u00e9dients et effets<\/b><\/span><\/p>\n<p><span style=\"font-weight: 400\">Huile de coco: apaisante, purifiante, antibact\u00e9rienne, hydratante, adoucissante, assouplissante.<\/span><\/p>\n<p><span style=\"font-weight: 400\">Arbutine: <\/span><span style=\"font-weight: 400\">actif tr\u00e8s doux, il aide \u00e0 lutter contre la formation des t\u00e2ches pigmentaires et \u00e0 r\u00e9duire celle d\u00e9j\u00e0 pr\u00e9sente m\u00eame celles li\u00e9es \u00e0 l\u2019acn\u00e9; actif anti-t\u00e2ches et \u00e9claircissant.<\/span><\/p>\n<p><span style=\"font-weight: 400\">Glyc\u00e9rine: Hydratante, elle rend la peau douce, lisse et fra\u00eeche<\/span><\/p>","protected":false},"excerpt":{"rendered":"<p><span style=\"font-weight: 400\">Le savon offre de nombreux bienfaits pour la peau du visage et du corps; ses ingr\u00e9dients naturels et nourrissants nettoient en douceur la peau sans l\u2019ass\u00e9cher en plus de l\u2019hydrater et de l\u2019apaiser.<\/span><\/p>\n<p><span style=\"font-weight: 400\">Notre U<\/span><span style=\"font-weight: 400\">LTIMATE GLORIOUS GLOW\u00a0 EGG SOAP au collag\u00e8ne viendra vous:<\/span><\/p>\n<p><span style=\"font-weight: 400\">&#8211; Hydrater toute la journ\u00e9e<\/span><\/p>\n<p><span style=\"font-weight: 400\">&#8211; Nettoyer en douceur tout en travaillant en profondeur<\/span><\/p>\n<p><span style=\"font-weight: 400\">&#8211; offrir une mousse fine et riche<\/span><\/p>\n<p><span style=\"font-weight: 400\">&#8211; donner un Glow et un \u00e9claircissement naturel<\/span><\/p>\n<p><span style=\"font-weight: 400\">&#8211; R\u00e9tr\u00e9cir les pores<\/span><\/p>\n<p><span style=\"font-weight: 400\">-Uniformiser le teint<\/span><\/p>\n<p><span style=\"font-weight: 400\">-Traiter l&rsquo;hyperpigmentation et\u00a0 l\u2019Acn\u00e9<\/span><\/p>\n<p><span style=\"font-weight: 400\"><span style=\"color: #800080\">Note:<\/span> Tous nos produits sont autant pour les hommes que pour les femmes et conviennent \u00e0 tous types de peau<\/span><\/p>","protected":false},"featured_media":643,"comment_status":"open","ping_status":"closed","template":"","meta":[],"product_brand":[],"product_cat":[60,162,65],"product_tag":[209,210],"class_list":{"0":"post-641","1":"product","2":"type-product","3":"status-publish","4":"has-post-thumbnail","6":"product_cat-produits-de-beaute-pour-adultes","7":"product_cat-savons-naturels-pour-tous-types-de-peaux","8":"product_cat-creme-nourrissante-pour-le-corps","9":"product_tag-natural-soap-for-acne","10":"product_tag-skin-brightening-egg-soap","11":"aux-has-gallery","13":"first","14":"instock","15":"shipping-taxable","16":"purchasable","17":"product-type-simple"},"jetpack_sharing_enabled":true,"_links":{"self":[{"href":"https:\/\/testing.almagloriousbeauty.com\/en_ca\/wp-json\/wp\/v2\/product\/641","targetHints":{"allow":["GET"]}}],"collection":[{"href":"https:\/\/testing.almagloriousbeauty.com\/en_ca\/wp-json\/wp\/v2\/product"}],"about":[{"href":"https:\/\/testing.almagloriousbeauty.com\/en_ca\/wp-json\/wp\/v2\/types\/product"}],"replies":[{"embeddable":true,"href":"https:\/\/testing.almagloriousbeauty.com\/en_ca\/wp-json\/wp\/v2\/comments?post=641"}],"wp:featuredmedia":[{"embeddable":true,"href":"https:\/\/testing.almagloriousbeauty.com\/en_ca\/wp-json\/wp\/v2\/media\/643"}],"wp:attachment":[{"href":"https:\/\/testing.almagloriousbeauty.com\/en_ca\/wp-json\/wp\/v2\/media?parent=641"}],"wp:term":[{"taxonomy":"product_brand","embeddable":true,"href":"https:\/\/testing.almagloriousbeauty.com\/en_ca\/wp-json\/wp\/v2\/product_brand?post=641"},{"taxonomy":"product_cat","embeddable":true,"href":"https:\/\/testing.almagloriousbeauty.com\/en_ca\/wp-json\/wp\/v2\/product_cat?post=641"},{"taxonomy":"product_tag","embeddable":true,"href":"https:\/\/testing.almagloriousbeauty.com\/en_ca\/wp-json\/wp\/v2\/product_tag?post=641"}],"curies":[{"name":"wp","href":"https:\/\/api.w.org\/{rel}","templated":true}]}}