{"id":647,"date":"2024-11-06T00:54:27","date_gmt":"2024-11-06T00:54:27","guid":{"rendered":"https:\/\/testing.almagloriousbeauty.com\/home\/product\/glorious-floral-amino-acid-soap\/"},"modified":"2025-05-03T16:49:33","modified_gmt":"2025-05-03T16:49:33","slug":"glorious-floral-amino-acid-soap","status":"publish","type":"product","link":"https:\/\/testing.almagloriousbeauty.com\/en_ca\/glorious-floral-amino-acid-soap\/","title":{"rendered":"GLORIOUS FLORAL AMINO ACID SOAP"},"content":{"rendered":"<p><span style=\"color: #800080;\"><b>Utilisation<\/b><\/span><\/p>\n<p><span style=\"font-weight: 400;\">Mouillez la partie \u00e0 nettoyer, s\u2019il s\u2019agit de votre visage, faites mousser votre <\/span><span style=\"font-weight: 400;\">GLORIOUS FLORAL AMINO ACID SOAP<\/span><span style=\"font-weight: 400;\"> dans votre paume de main et utilisez cette mousse pour l\u2019appliquer avec douceur sur votre visage puis rincez. Pour ce qui est du reste du corps d\u00e9j\u00e0 humidifi\u00e9 par de l\u2019eau, vous pouvez frotter votre savon le long du reste du corps et gr\u00e2ce \u00e0 votre gant exfoliant corporel, appliquez des mouvements circulaires puis rincez.<\/span><\/p>\n<p>&nbsp;<\/p>\n<p><span style=\"color: #800080;\"><b>Ingr\u00e9dients et effets<\/b><\/span><\/p>\n<p><span style=\"font-weight: 400;\">Huile de Coconut : apaisante, purifiante, antibact\u00e9rienne, hydratante, adoucissante, assouplissante.<\/span><\/p>\n<p><span style=\"font-weight: 400;\">Acide Amin\u00e9: Excellent effet b\u00e9n\u00e9fique sur le vieillissement de la peau; ses propri\u00e9t\u00e9s anti-\u00e2ge aident \u00e0 garder une peau d\u2019apparence jeune; favorise l\u2019hydratation et la production du collag\u00e8ne.<\/span><\/p>","protected":false},"excerpt":{"rendered":"<p><span style=\"font-weight: 400;\">Le savon offre de nombreux bienfaits pour la peau du visage et du corps; ses ingr\u00e9dients naturels et nourrissants nettoient en douceur la peau sans l\u2019ass\u00e9cher en plus de l\u2019hydrater et de l\u2019apaiser.<\/span><\/p>\n<p><span style=\"font-weight: 400;\">Notre <\/span><span style=\"font-weight: 400;\">GLORIOUS FLORAL AMINO ACID SOAP aux acides amin\u00e9s viendra vous:<\/span><\/p>\n<p><span style=\"font-weight: 400;\">&#8211; Hydrater toute la journ\u00e9e<\/span><\/p>\n<p><span style=\"font-weight: 400;\">-Offrir une peau d&rsquo;apparence plus jeune<\/span><\/p>\n<p><span style=\"font-weight: 400;\">&#8211; Nettoyer en douceur tout en travaillant en profondeur<\/span><\/p>\n<p><span style=\"font-weight: 400;\">&#8211; offrir une mousse fine et riche<\/span><\/p>\n<p><span style=\"font-weight: 400;\">&#8211; donner un Glow et un \u00e9claircissement naturel<\/span><\/p>\n<p><span style=\"font-weight: 400;\"><span style=\"color: #800080;\">Note:<\/span> Tous nos produits sont autant pour les hommes que pour les femmes et conviennent \u00e0 tous types de peau<\/span><\/p>","protected":false},"featured_media":648,"comment_status":"open","ping_status":"closed","template":"","meta":[],"product_brand":[],"product_cat":[60,162],"product_tag":[],"class_list":{"0":"post-647","1":"product","2":"type-product","3":"status-publish","4":"has-post-thumbnail","6":"product_cat-produits-de-beaute-pour-adultes","7":"product_cat-savons-naturels-pour-tous-types-de-peaux","8":"aux-has-gallery","10":"first","11":"instock","12":"shipping-taxable","13":"purchasable","14":"product-type-variable"},"jetpack_sharing_enabled":true,"_links":{"self":[{"href":"https:\/\/testing.almagloriousbeauty.com\/en_ca\/wp-json\/wp\/v2\/product\/647","targetHints":{"allow":["GET"]}}],"collection":[{"href":"https:\/\/testing.almagloriousbeauty.com\/en_ca\/wp-json\/wp\/v2\/product"}],"about":[{"href":"https:\/\/testing.almagloriousbeauty.com\/en_ca\/wp-json\/wp\/v2\/types\/product"}],"replies":[{"embeddable":true,"href":"https:\/\/testing.almagloriousbeauty.com\/en_ca\/wp-json\/wp\/v2\/comments?post=647"}],"wp:featuredmedia":[{"embeddable":true,"href":"https:\/\/testing.almagloriousbeauty.com\/en_ca\/wp-json\/wp\/v2\/media\/648"}],"wp:attachment":[{"href":"https:\/\/testing.almagloriousbeauty.com\/en_ca\/wp-json\/wp\/v2\/media?parent=647"}],"wp:term":[{"taxonomy":"product_brand","embeddable":true,"href":"https:\/\/testing.almagloriousbeauty.com\/en_ca\/wp-json\/wp\/v2\/product_brand?post=647"},{"taxonomy":"product_cat","embeddable":true,"href":"https:\/\/testing.almagloriousbeauty.com\/en_ca\/wp-json\/wp\/v2\/product_cat?post=647"},{"taxonomy":"product_tag","embeddable":true,"href":"https:\/\/testing.almagloriousbeauty.com\/en_ca\/wp-json\/wp\/v2\/product_tag?post=647"}],"curies":[{"name":"wp","href":"https:\/\/api.w.org\/{rel}","templated":true}]}}