{"id":655,"date":"2024-11-06T01:20:08","date_gmt":"2024-11-06T01:20:08","guid":{"rendered":"https:\/\/testing.almagloriousbeauty.com\/home\/product\/ultimate-glorious-glow-tomato-soap\/"},"modified":"2025-08-08T14:00:49","modified_gmt":"2025-08-08T14:00:49","slug":"ultimate-glorious-glow-tomato-soap","status":"publish","type":"product","link":"https:\/\/testing.almagloriousbeauty.com\/en_ca\/ultimate-glorious-glow-tomato-soap\/","title":{"rendered":"ULTIMATE GLORIOUS GLOW TOMATO SOAP"},"content":{"rendered":"<p><span style=\"color: #800080;\"><b>Utilisation<\/b><\/span><\/p>\n<p><span style=\"font-weight: 400;\">Mouillez la partie \u00e0 nettoyer, s\u2019il s\u2019agit de votre visage, faites mousser votre ULTIMATE <\/span><span style=\"font-weight: 400;\">GLORIOUS GLOW TOMATO SOAP<\/span><span style=\"font-weight: 400;\"> dans votre paume de main et utilisez cette mousse pour l\u2019appliquer avec douceur sur votre visage puis rincez. Pour ce qui est du reste du corps d\u00e9j\u00e0 humidifi\u00e9 par de l\u2019eau, vous pouvez frotter votre savon le long du reste du corps et gr\u00e2ce \u00e0 votre gant exfoliant corporel, appliquez des mouvements circulaires puis rincez.<\/span><\/p>\n<p>&nbsp;<\/p>\n<p><span style=\"color: #800080;\"><b>Ingr\u00e9dients et effets<\/b><\/span><\/p>\n<p><span style=\"font-weight: 400;\">Lycop\u00e8ne: prot\u00e8ge la peau et lui procure un teint frais<\/span><\/p>\n<p><span style=\"font-weight: 400;\">Vitamine A: antioxydant, r\u00e9parateur et hydratant<\/span><\/p>\n<p><span style=\"font-weight: 400;\">Vitamine B:am\u00e9liore la barri\u00e8re de la peau tout en r\u00e9duisant l\u2019impact des agressions ext\u00e9rieures et en aidant \u00e0 la pr\u00e9vention des imperfections ce qui permet d\u2019avoir un teint frais et \u00e9clatant.\u00a0<\/span><\/p>\n<p><span style=\"font-weight: 400;\">Vitamine C : R\u00e9duit l\u2019apparence des rides en neutralisant les radicaux libres, am\u00e9liore l\u2019\u00e9lasticit\u00e9 de la peau et att\u00e9nue les t\u00e2ches pigmentaires\u00a0<\/span><\/p>\n<p><span style=\"font-weight: 400;\">Acide Salicylique: Avec ses propri\u00e9t\u00e9s astringentes, elle aide \u00e0 combattre les imperfections cutan\u00e9es<\/span><\/p>\n<p><span style=\"font-weight: 400;\">Huile d&rsquo;olive : Int\u00e9gr\u00e9e au R\u00e9tinol pr\u00e9sent dans cette glorieuse gamme, elle ressort sa propri\u00e9t\u00e9 de pr\u00e9vention du vieillissement cutan\u00e9. Elle est aussi apaisante et r\u00e9paratrice.<\/span><\/p>\n<p><span style=\"font-weight: 400;\">Eau\u00a0: C\u2019est connu, l\u2019eau c\u2019est la vie; la peau n\u2019est pas en reste, hydratant par excellence, l\u2019eau aide \u00e0 pr\u00e9server la beaut\u00e9 naturelle de la peau; la peau est repulp\u00e9e, \u00e9clatante, tonifi\u00e9e et avec moins de manquements.<\/span><\/p>\n<p><span style=\"font-weight: 400;\">Huile de noisette: assouplit et adoucit la peau<\/span><\/p>\n<p><span style=\"font-weight: 400;\">Sorbitol: hydrate et lisse la peau<\/span><\/p>\n<p><span style=\"font-weight: 400;\">Huile de cam\u00e9lia: adoucissant, nourrissant, anti-inflammatoire, astringent et protecteur<\/span><\/p>\n<p><span style=\"font-weight: 400;\">Huile de palme: Oh waouh elle n\u2019est pas juste utilis\u00e9e dans la plupart des plats Africain, mais aussi en cosm\u00e9tique car tr\u00e8s efficace autant \u00e0 l\u2019int\u00e9rieur qu\u2019\u00e0 l\u2019ext\u00e9rieur du corps. En plus d\u2019\u00eatre r\u00e9paratrice, elle est nourrissante, apaisante, protectrice riche en om\u00e9ga 3, 6, 9; elle contient des lycop\u00e8nes qui captent les radicaux libres. Elle aide \u00e0 lutter contre le vieillissement de la peau; on peut donc ais\u00e9ment comprendre pourquoi certains a\u00een\u00e9s vivant dans les r\u00e9gions fra\u00eeches d\u2019Afrique utilisent cette huile comme lait corporel<\/span><\/p>\n<p><span style=\"font-weight: 400;\">Huile de noix de coco: apaisante, purifiante, antibact\u00e9rienne, hydratante, adoucissante, assouplissante.<\/span><\/p>","protected":false},"excerpt":{"rendered":"<p><span style=\"font-weight: 400;\">Le savon offre de nombreux bienfaits pour la peau du visage et du corps; ses ingr\u00e9dients naturels et nourrissants nettoient en douceur la peau sans l\u2019ass\u00e9cher en plus de l\u2019hydrater et de l\u2019apaiser. Riche en lycop\u00e8ne, en huiles essentielles v\u00e9g\u00e9tales, en vitamines, notre U<\/span><span style=\"font-weight: 400;\">LTIMATE GLORIOUS GLOW\u00a0 TOMATO SOAP viendra donner \u00e0 votre peau une meilleure:<\/span><\/p>\n<ul>\n<li style=\"font-weight: 400;\" aria-level=\"1\"><span style=\"font-weight: 400;\">Hydratation<\/span><\/li>\n<li style=\"font-weight: 400;\" aria-level=\"1\"><span style=\"font-weight: 400;\">\u00c9lasticit\u00e9<\/span><\/li>\n<li style=\"font-weight: 400;\" aria-level=\"1\"><span style=\"font-weight: 400;\">Texture<\/span><\/li>\n<li style=\"font-weight: 400;\" aria-level=\"1\"><span style=\"font-weight: 400;\">Structure superficielle de la peau<\/span><\/li>\n<li style=\"font-weight: 400;\" aria-level=\"1\"><span style=\"font-weight: 400;\">Sant\u00e9\u00a0<\/span><\/li>\n<\/ul>\n<p><span style=\"font-weight: 400;\">Tout en la nettoyant en douceur avec sa mousse fine,dense, rafra\u00eechissante vous procurant ainsi une peau saine et \u00e9claircissante<\/span><\/p>\n<p>&nbsp;<\/p>\n<p><span style=\"font-weight: 400;\">Note: Tous nos produits sont autant pour les hommes que pour les femmes et conviennent \u00e0 tous types de peau.<\/span><\/p>","protected":false},"featured_media":656,"comment_status":"open","ping_status":"closed","template":"","meta":[],"product_brand":[],"product_cat":[60,162,65],"product_tag":[],"class_list":{"0":"post-655","1":"product","2":"type-product","3":"status-publish","4":"has-post-thumbnail","6":"product_cat-produits-de-beaute-pour-adultes","7":"product_cat-savons-naturels-pour-tous-types-de-peaux","8":"product_cat-creme-nourrissante-pour-le-corps","10":"first","11":"instock","12":"shipping-taxable","13":"purchasable","14":"product-type-simple"},"jetpack_sharing_enabled":true,"_links":{"self":[{"href":"https:\/\/testing.almagloriousbeauty.com\/en_ca\/wp-json\/wp\/v2\/product\/655","targetHints":{"allow":["GET"]}}],"collection":[{"href":"https:\/\/testing.almagloriousbeauty.com\/en_ca\/wp-json\/wp\/v2\/product"}],"about":[{"href":"https:\/\/testing.almagloriousbeauty.com\/en_ca\/wp-json\/wp\/v2\/types\/product"}],"replies":[{"embeddable":true,"href":"https:\/\/testing.almagloriousbeauty.com\/en_ca\/wp-json\/wp\/v2\/comments?post=655"}],"wp:featuredmedia":[{"embeddable":true,"href":"https:\/\/testing.almagloriousbeauty.com\/en_ca\/wp-json\/wp\/v2\/media\/656"}],"wp:attachment":[{"href":"https:\/\/testing.almagloriousbeauty.com\/en_ca\/wp-json\/wp\/v2\/media?parent=655"}],"wp:term":[{"taxonomy":"product_brand","embeddable":true,"href":"https:\/\/testing.almagloriousbeauty.com\/en_ca\/wp-json\/wp\/v2\/product_brand?post=655"},{"taxonomy":"product_cat","embeddable":true,"href":"https:\/\/testing.almagloriousbeauty.com\/en_ca\/wp-json\/wp\/v2\/product_cat?post=655"},{"taxonomy":"product_tag","embeddable":true,"href":"https:\/\/testing.almagloriousbeauty.com\/en_ca\/wp-json\/wp\/v2\/product_tag?post=655"}],"curies":[{"name":"wp","href":"https:\/\/api.w.org\/{rel}","templated":true}]}}