{"id":657,"date":"2024-11-06T01:28:40","date_gmt":"2024-11-06T01:28:40","guid":{"rendered":"https:\/\/testing.almagloriousbeauty.com\/home\/product\/ultimate-glorious-glow-lavender-soap\/"},"modified":"2025-05-03T15:27:43","modified_gmt":"2025-05-03T15:27:43","slug":"ultimate-glorious-glow-lavender-soap","status":"publish","type":"product","link":"https:\/\/testing.almagloriousbeauty.com\/en_ca\/ultimate-glorious-glow-lavender-soap\/","title":{"rendered":"ULTIMATE GLORIOUS GLOW LAVENDER SOAP"},"content":{"rendered":"<p><span style=\"color: #800080;\"><b>Utilisation<\/b><\/span><\/p>\n<p><span style=\"font-weight: 400;\">Mouillez la partie \u00e0 nettoyer, s\u2019il s\u2019agit de votre visage, faites mousser votre ULTIMATE <\/span><span style=\"font-weight: 400;\">GLORIOUS GLOW LAVENDER SOAP<\/span><span style=\"font-weight: 400;\"> dans votre paume de main et utilisez cette mousse pour l\u2019appliquer avec douceur sur votre visage puis rincez. Pour ce qui est du reste du corps d\u00e9j\u00e0 humidifi\u00e9 par de l\u2019eau, vous pouvez frotter votre savon le long du reste du corps et gr\u00e2ce \u00e0 votre gant exfoliant corporel, appliquez des mouvements circulaires puis rincez.<\/span><\/p>\n<p>&nbsp;<\/p>\n<p><span style=\"color: #800080;\"><b>Ingr\u00e9dients et effets<\/b><\/span><\/p>\n<p><span style=\"font-weight: 400;\">Lavande: \u00c9limine l\u2019exc\u00e8s de s\u00e9bum, lutte contre les rides et les imperfections<\/span><\/p>\n<p><span style=\"font-weight: 400;\">Huile d\u2019olive: <\/span><span style=\"font-weight: 400;\">apaisante et r\u00e9paratrice, elle <\/span><span style=\"font-weight: 400;\">pr\u00e9vient <\/span><span style=\"font-weight: 400;\">du vieillissement cutan\u00e9.\u00a0<\/span><\/p>\n<p><span style=\"font-weight: 400;\">Huile de Coconut : <\/span><span style=\"font-weight: 400;\">apaisante, purifiante, antibact\u00e9rienne, hydratante, adoucissante, assouplissante.<\/span><\/p>\n<p><span style=\"font-weight: 400;\">Huile de p\u00e9pins de raisin : <\/span><span style=\"font-weight: 400;\">hydrate, \u00e9claircit les cernes, estompe les cicatrices, raffermit la peau et pr\u00e9vient des dommages caus\u00e9s par les agressions ext\u00e9rieures.<\/span><\/p>","protected":false},"excerpt":{"rendered":"<p><span style=\"font-weight: 400;\">Fait \u00e0 la main avec des ingr\u00e9dients 100% naturels et organiques, notre savon \u00e0 l\u2019huile d\u2019olive de lavande frais saura vous s\u00e9duire avec ses propri\u00e9t\u00e9s nettoyantes et hydratantes; il est anti-acn\u00e9, traite l\u2019hyperpigmentation et lisse la\u00a0 peau.<\/span><\/p>\n<p>&nbsp;<\/p>\n<p><span style=\"font-weight: 400;\">Note: Tous nos produits sont autant pour les hommes que pour les femmes et conviennent \u00e0 tous types de peau<\/span><\/p>","protected":false},"featured_media":659,"comment_status":"open","ping_status":"closed","template":"","meta":[],"product_brand":[],"product_cat":[60,162,65],"product_tag":[],"class_list":{"0":"post-657","1":"product","2":"type-product","3":"status-publish","4":"has-post-thumbnail","6":"product_cat-produits-de-beaute-pour-adultes","7":"product_cat-savons-naturels-pour-tous-types-de-peaux","8":"product_cat-creme-nourrissante-pour-le-corps","10":"first","11":"instock","12":"shipping-taxable","13":"purchasable","14":"product-type-simple"},"jetpack_sharing_enabled":true,"_links":{"self":[{"href":"https:\/\/testing.almagloriousbeauty.com\/en_ca\/wp-json\/wp\/v2\/product\/657","targetHints":{"allow":["GET"]}}],"collection":[{"href":"https:\/\/testing.almagloriousbeauty.com\/en_ca\/wp-json\/wp\/v2\/product"}],"about":[{"href":"https:\/\/testing.almagloriousbeauty.com\/en_ca\/wp-json\/wp\/v2\/types\/product"}],"replies":[{"embeddable":true,"href":"https:\/\/testing.almagloriousbeauty.com\/en_ca\/wp-json\/wp\/v2\/comments?post=657"}],"wp:featuredmedia":[{"embeddable":true,"href":"https:\/\/testing.almagloriousbeauty.com\/en_ca\/wp-json\/wp\/v2\/media\/659"}],"wp:attachment":[{"href":"https:\/\/testing.almagloriousbeauty.com\/en_ca\/wp-json\/wp\/v2\/media?parent=657"}],"wp:term":[{"taxonomy":"product_brand","embeddable":true,"href":"https:\/\/testing.almagloriousbeauty.com\/en_ca\/wp-json\/wp\/v2\/product_brand?post=657"},{"taxonomy":"product_cat","embeddable":true,"href":"https:\/\/testing.almagloriousbeauty.com\/en_ca\/wp-json\/wp\/v2\/product_cat?post=657"},{"taxonomy":"product_tag","embeddable":true,"href":"https:\/\/testing.almagloriousbeauty.com\/en_ca\/wp-json\/wp\/v2\/product_tag?post=657"}],"curies":[{"name":"wp","href":"https:\/\/api.w.org\/{rel}","templated":true}]}}