{"id":678,"date":"2024-11-09T01:23:12","date_gmt":"2024-11-09T01:23:12","guid":{"rendered":"https:\/\/testing.almagloriousbeauty.com\/home\/product\/perfect-glorious-glow-soap\/"},"modified":"2025-05-03T15:25:24","modified_gmt":"2025-05-03T15:25:24","slug":"perfect-glorious-glow-soap","status":"publish","type":"product","link":"https:\/\/testing.almagloriousbeauty.com\/en_ca\/perfect-glorious-glow-soap\/","title":{"rendered":"PERFECT GLORIOUS GLOW SOAP"},"content":{"rendered":"<p><span style=\"color: #800080;\"><b>Utilisation<\/b><\/span><\/p>\n<p><span style=\"font-weight: 400;\">Mouillez la partie \u00e0 nettoyer, s\u2019il s\u2019agit de votre visage, faites mousser votre ultimate glorious glow soap dans votre paume de main et utilisez cette mousse pour l\u2019appliquer avec douceur sur votre visage puis rincez. Pour ce qui est du reste du corps d\u00e9j\u00e0 humidifi\u00e9 par de l\u2019eau, vous pouvez frotter votre savon le long du reste du corps et gr\u00e2ce \u00e0 votre gant exfoliant corporel, appliquez des mouvements circulaires puis rincez.<\/span><\/p>\n<p>&nbsp;<\/p>\n<p><span style=\"color: #800080;\"><b>Ingr\u00e9dients et effets:<\/b><\/span><\/p>\n<p><span style=\"font-weight: 400;\">Beurre de karit\u00e9\u00a0: Votre peau est rugueuse? Fendill\u00e9e? Ne vous inqui\u00e9tez plus et optez pour cette gamme\u00a0 cet actif nourrissant saura p\u00e9n\u00e9trer les peaux les plus rugueuses afin d\u2019augmenter la r\u00e9tention en eau et r\u00e9duire la d\u00e9shydratation de la peau\u00a0<\/span><\/p>\n<p><span style=\"font-weight: 400;\">Vitamine B : am\u00e9liore la barri\u00e8re de la peau tout en r\u00e9duisant l\u2019impact des agressions ext\u00e9rieures et en aidant \u00e0 la pr\u00e9vention des imperfections ce qui permet d\u2019avoir un teint frais et \u00e9clatant.\u00a0<\/span><\/p>\n<p><span style=\"font-weight: 400;\">Vitamine C : R\u00e9duit l\u2019apparence des rides en neutralisant les radicaux libres, am\u00e9liore l\u2019\u00e9lasticit\u00e9 de la peau et att\u00e9nue les t\u00e2ches pigmentaires\u00a0<\/span><\/p>\n<p><span style=\"font-weight: 400;\">Vitamine E : Renforce la barri\u00e8re cutan\u00e9e de la peau, effet hydratant, protection contre les d\u00e9g\u00e2ts des radicaux libres, agit sur l\u2019hyperpigmentation et prot\u00e8ge des expositions au soleil.<\/span><\/p>\n<p><span style=\"font-weight: 400;\">Lait : Enrichi d\u2019acides alpha-hydroxyl\u00e9s qui permet l\u2019\u00e9limination des impuret\u00e9s et des cellules mortes, le lait favorise la croissance de nouvelles cellules fra\u00eeches dans le corps tout en exfoliant la peau en douceur ce qui donne un \u00e9clat glorieux au teint.<\/span><\/p>\n<p><span style=\"font-weight: 400;\">Huile d\u2019olive\u00a0: int\u00e9gr\u00e9e au R\u00e9tinol pr\u00e9sent dans cette glorieuse gamme, elle ressort sa propri\u00e9t\u00e9 de pr\u00e9vention du vieillissement cutan\u00e9. Elle est aussi apaisante et r\u00e9paratrice.<\/span><\/p>\n<p><span style=\"font-weight: 400;\">Eau\u00a0: C\u2019est connu, l\u2019eau c\u2019est la vie; la peau n\u2019est pas en reste, hydratant par excellence, l\u2019eau aide \u00e0 pr\u00e9server la beaut\u00e9 naturelle de la peau; la peau est repulp\u00e9e, \u00e9clatante, tonifi\u00e9e et avec moins de manquements.<\/span><\/p>\n<p><span style=\"font-weight: 400;\">Sucre de canne\u00a0: Naturellement hydratant, il aide \u00e0 retenir l\u2019humidit\u00e9 de la peau tout en l\u2019adoucissant et en \u00e9liminant tous rugosit\u00e9s et callosit\u00e9s. Augmente le renouvellement cellulaire en exfoliant en profondeur mais avec une extr\u00eame douceur afin de donner \u00e0 votre peau son \u00e9clat optimal.<\/span><\/p>\n<p><span style=\"font-weight: 400;\">Huile de palme\u00a0: Oh waouh elle n\u2019est pas juste utilis\u00e9e dans la plupart des plats Africain, mais aussi en cosm\u00e9tique car tr\u00e8s efficace autant \u00e0 l\u2019int\u00e9rieur qu\u2019\u00e0 l\u2019ext\u00e9rieur du corps. En plus d\u2019\u00eatre r\u00e9paratrice, elle est nourrissante, apaisante, protectrice riche en om\u00e9ga 3, 6, 9; elle contient des lycop\u00e8nes qui captent les radicaux libres. Elle aide \u00e0 lutter contre le vieillissement de la peau; on peut donc ais\u00e9ment comprendre pourquoi certains a\u00een\u00e9s vivant dans les r\u00e9gions fra\u00eeches d\u2019Afrique utilisent cette huile comme lait corporel<\/span><\/p>","protected":false},"excerpt":{"rendered":"<p><span style=\"font-weight: 400;\">Riche en multi-vitamine et en lait naturel, notre Perfect Glorious Glow Soap va nettoyer votre peau en douceur, la nourrir en profondeur tout en laissant votre peau ferme.\u00a0\u00a0<\/span><\/p>\n<p><span style=\"font-weight: 400;\">Savon multi-vitamine, Perfect Glorious Glow Soap saura vous procurer un nettoyage doux, une hydratation intense pendant toute la journ\u00e9e; sa mousse fine et riche saura\u00a0 nettoyer votre visage et votre corps tout en profondeur en illuminant et en uniformisant votre parfait teint et ce, en redonnant l\u2019\u00e9clat et un \u00e9claircissement juste parfait.<\/span><\/p>","protected":false},"featured_media":679,"comment_status":"open","ping_status":"closed","template":"","meta":[],"product_brand":[],"product_cat":[60,65],"product_tag":[],"class_list":{"0":"post-678","1":"product","2":"type-product","3":"status-publish","4":"has-post-thumbnail","6":"product_cat-produits-de-beaute-pour-adultes","7":"product_cat-creme-nourrissante-pour-le-corps","9":"first","10":"instock","11":"shipping-taxable","12":"purchasable","13":"product-type-simple"},"jetpack_sharing_enabled":true,"_links":{"self":[{"href":"https:\/\/testing.almagloriousbeauty.com\/en_ca\/wp-json\/wp\/v2\/product\/678","targetHints":{"allow":["GET"]}}],"collection":[{"href":"https:\/\/testing.almagloriousbeauty.com\/en_ca\/wp-json\/wp\/v2\/product"}],"about":[{"href":"https:\/\/testing.almagloriousbeauty.com\/en_ca\/wp-json\/wp\/v2\/types\/product"}],"replies":[{"embeddable":true,"href":"https:\/\/testing.almagloriousbeauty.com\/en_ca\/wp-json\/wp\/v2\/comments?post=678"}],"wp:featuredmedia":[{"embeddable":true,"href":"https:\/\/testing.almagloriousbeauty.com\/en_ca\/wp-json\/wp\/v2\/media\/679"}],"wp:attachment":[{"href":"https:\/\/testing.almagloriousbeauty.com\/en_ca\/wp-json\/wp\/v2\/media?parent=678"}],"wp:term":[{"taxonomy":"product_brand","embeddable":true,"href":"https:\/\/testing.almagloriousbeauty.com\/en_ca\/wp-json\/wp\/v2\/product_brand?post=678"},{"taxonomy":"product_cat","embeddable":true,"href":"https:\/\/testing.almagloriousbeauty.com\/en_ca\/wp-json\/wp\/v2\/product_cat?post=678"},{"taxonomy":"product_tag","embeddable":true,"href":"https:\/\/testing.almagloriousbeauty.com\/en_ca\/wp-json\/wp\/v2\/product_tag?post=678"}],"curies":[{"name":"wp","href":"https:\/\/api.w.org\/{rel}","templated":true}]}}