{"id":680,"date":"2024-11-09T01:28:24","date_gmt":"2024-11-09T01:28:24","guid":{"rendered":"https:\/\/testing.almagloriousbeauty.com\/home\/?post_type=product&#038;p=680"},"modified":"2025-12-20T07:49:24","modified_gmt":"2025-12-20T07:49:24","slug":"perfect-glorious-glow-lotion","status":"publish","type":"product","link":"https:\/\/testing.almagloriousbeauty.com\/en_ca\/perfect-glorious-glow-lotion\/","title":{"rendered":"PERFECT GLORIOUS GLOW LOTION"},"content":{"rendered":"<p><b>Utilisation<\/b><\/p>\n<p>&nbsp;<\/p>\n<p><span style=\"font-weight: 400\">Une fois votre glorieux corps gomm\u00e9, savonn\u00e9 et rinc\u00e9, il est maintenant temps d\u2019appliquer notre magnifique Perfect Glorious Glow Lotion\u00a0<\/span><\/p>\n<ul>\n<li style=\"font-weight: 400\"><span style=\"font-weight: 400\">\u00c9tape 1: Chauffer<\/span><\/li>\n<\/ul>\n<p><span style=\"font-weight: 400\">Pr\u00e9levez une quantit\u00e9 de lotion, frottez-la dans vos paumes de mains pendant environ 10 secondes; le but \u00e9tant de mettre la lotion \u00e0 la m\u00eame temp\u00e9rature que celle de votre peau afin qu\u2019elle ait un effet imm\u00e9diat.<\/span><\/p>\n<p>&nbsp;<\/p>\n<ul>\n<li style=\"font-weight: 400\"><span style=\"font-weight: 400\">\u00c9tape 2: L\u2019effleurage<\/span><\/li>\n<\/ul>\n<p><span style=\"font-weight: 400\">Prenez vos mains, et avec la pression de ces derni\u00e8res, r\u00e9partir et ce de mani\u00e8re uniforme la lotion sur le tout le corps avec des mouvements circulaires et beaucoup de douceur et ce pendant quelques minutes.<\/span><\/p>\n<p>&nbsp;<\/p>\n<ul>\n<li style=\"font-weight: 400\"><span style=\"font-weight: 400\">\u00c9tape 3: Pressions appuy\u00e9es<\/span><\/li>\n<\/ul>\n<p><span style=\"font-weight: 400\">On va se servir de la m\u00e9thode de drainage par pression afin d\u2019appliquer sur chaque partie du corps des pressions circulaires et ce \u00e0 l\u2019aide des doigts et de la paume des mains cela permettra de redonner de l\u2019\u00e9clat au teint tout en stimulant la circulation en pr\u00e9servant la fermet\u00e9 de votre peau. Nous allons r\u00e9p\u00e9ter ce mouvement jusqu\u2019\u00e0 absorption compl\u00e8te.<\/span><\/p>\n<p>&nbsp;<\/p>\n<p><b>Ingr\u00e9dients et effets<\/b><\/p>\n<p>&nbsp;<\/p>\n<p><span style=\"font-weight: 400\">Vitamine B3 <\/span><span style=\"font-weight: 400\">Niacinamide\u00a0: R\u00e9gule la production du s\u00e9bum r\u00e9duisant ainsi la brillance et am\u00e9liorant l\u2019apparence des pores.\u00a0<\/span><\/p>\n<p>&nbsp;<\/p>\n<p><span style=\"font-weight: 400\">Vitamine B5 le panth\u00e9nol: humectant qui attire l&rsquo;humidit\u00e9 vers la peau; \u00e9mollient qui aide \u00e0 retenir l&rsquo;humidit\u00e9 dans la peau. La combinaison de ces propri\u00e9t\u00e9s aide \u00e0 cr\u00e9er un produit profond\u00e9ment hydratant; gardant la peau douce, lisse et am\u00e9liorant son \u00e9lasticit\u00e9 tout en favorisant les processus de gu\u00e9rison de la peau.<\/span><\/p>\n<p><span style=\"font-weight: 400\">Vitamine C o-\u00e9thylique: inhibe la tyrosinase et inhibe la m\u00e9lanine;\u00a0<\/span><\/p>\n<p><span style=\"font-weight: 400\">Vitamine F extrait de fruit de concombre: , \u00e9claircit le teint, am\u00e9liore la matit\u00e9;\u00a0<\/span><\/p>\n<p><span style=\"font-weight: 400\">Vitamine H graine de cacao \u00e0 grandes fleurs:\u00a0 base de peau forte;\u00a0<\/span><\/p>\n<p><span style=\"font-weight: 400\">Vitamine A: antioxydant, r\u00e9parateur et hydratant;\u00a0<\/span><\/p>\n<p><span style=\"font-weight: 400\">Vitamine E Tocoph\u00e9rol et Tournesol: anti-oxydation et anti-radicaux libres.<\/span><\/p>","protected":false},"excerpt":{"rendered":"<p><span style=\"font-weight: 400\">Ce que votre peau attendait depuis un moment; mais avant d&rsquo;accueillir notre Perfect Glorious Glow Lotion, votre peau doit au pr\u00e9alable avoir \u00e9t\u00e9 gomm\u00e9e avec notre Perfect Glorious Glow Scrub, savonn\u00e9e avec notre Perfect Glorious Glow Soap et bien rinc\u00e9e avec une belle eau propre. Maintenant, laissons la place \u00e0 notre puissante lotion <\/span><span style=\"font-weight: 400\">aux sept<\/span> <span style=\"font-weight: 400\">vitamines v\u00e9g\u00e9tales biologiques dont le but est de r\u00e9parer la peau en la rendant lisse. Puissante hydratation, inhibition de la m\u00e9lanine, \u00e9claircissement du teint, am\u00e9lioration de la matit\u00e9; votre peau saura vous le rendre comme il faut dans un attalakou de feu.<\/span><\/p>","protected":false},"featured_media":681,"comment_status":"open","ping_status":"closed","template":"","meta":[],"product_brand":[],"product_cat":[60,65],"product_tag":[],"class_list":{"0":"post-680","1":"product","2":"type-product","3":"status-publish","4":"has-post-thumbnail","6":"product_cat-produits-de-beaute-pour-adultes","7":"product_cat-creme-nourrissante-pour-le-corps","9":"first","10":"outofstock","11":"shipping-taxable","12":"purchasable","13":"product-type-simple"},"jetpack_sharing_enabled":true,"_links":{"self":[{"href":"https:\/\/testing.almagloriousbeauty.com\/en_ca\/wp-json\/wp\/v2\/product\/680","targetHints":{"allow":["GET"]}}],"collection":[{"href":"https:\/\/testing.almagloriousbeauty.com\/en_ca\/wp-json\/wp\/v2\/product"}],"about":[{"href":"https:\/\/testing.almagloriousbeauty.com\/en_ca\/wp-json\/wp\/v2\/types\/product"}],"replies":[{"embeddable":true,"href":"https:\/\/testing.almagloriousbeauty.com\/en_ca\/wp-json\/wp\/v2\/comments?post=680"}],"wp:featuredmedia":[{"embeddable":true,"href":"https:\/\/testing.almagloriousbeauty.com\/en_ca\/wp-json\/wp\/v2\/media\/681"}],"wp:attachment":[{"href":"https:\/\/testing.almagloriousbeauty.com\/en_ca\/wp-json\/wp\/v2\/media?parent=680"}],"wp:term":[{"taxonomy":"product_brand","embeddable":true,"href":"https:\/\/testing.almagloriousbeauty.com\/en_ca\/wp-json\/wp\/v2\/product_brand?post=680"},{"taxonomy":"product_cat","embeddable":true,"href":"https:\/\/testing.almagloriousbeauty.com\/en_ca\/wp-json\/wp\/v2\/product_cat?post=680"},{"taxonomy":"product_tag","embeddable":true,"href":"https:\/\/testing.almagloriousbeauty.com\/en_ca\/wp-json\/wp\/v2\/product_tag?post=680"}],"curies":[{"name":"wp","href":"https:\/\/api.w.org\/{rel}","templated":true}]}}