{"id":689,"date":"2024-11-09T02:08:08","date_gmt":"2024-11-09T02:08:08","guid":{"rendered":"https:\/\/testing.almagloriousbeauty.com\/home\/?post_type=product&#038;p=689"},"modified":"2026-01-31T17:36:18","modified_gmt":"2026-01-31T17:36:18","slug":"ultimate-glorious-glow-shower-gel","status":"publish","type":"product","link":"https:\/\/testing.almagloriousbeauty.com\/en_ca\/ultimate-glorious-glow-shower-gel\/","title":{"rendered":"Ultimate Glorious Glow Shower Gel"},"content":{"rendered":"<p><span style=\"color: #800080\"><b>Utilisation<\/b><\/span><\/p>\n<p>&nbsp;<\/p>\n<p><span style=\"font-weight: 400\">Mouillez la partie \u00e0 nettoyer, appliquez notre ULTIMATE <\/span><span style=\"font-weight: 400\">GLORIOUS GLOW SHOWER GEL<\/span><span style=\"font-weight: 400\"> sur la partie humide et \u00e0 l\u2019aide de votre gant exfoliant, appliquez des mouvements circulaires, savourez ce moment de d\u00e9tente puis rincez.<\/span><\/p>\n<p>&nbsp;<\/p>\n<p><span style=\"color: #800080\"><b>Ingr\u00e9dients et effets<\/b><\/span><\/p>\n<p>&nbsp;<\/p>\n<p><span style=\"font-weight: 400\">Eau\u00a0: C\u2019est connu, l\u2019eau c\u2019est la vie; la peau n\u2019est pas en reste, hydratant par excellence, l\u2019eau aide \u00e0 pr\u00e9server la beaut\u00e9 naturelle de la peau; la peau est repulp\u00e9e, \u00e9clatante, tonifi\u00e9e et avec moins de manquements.<\/span><\/p>\n<p><span style=\"font-weight: 400\">Glyc\u00e9rine\u00a0: Hydratante, elle rend la peau douce, lisse et fra\u00eeche<\/span><\/p>\n<p><span style=\"font-weight: 400\">Huile min\u00e9rale\u00a0: aide \u00e0 limiter la d\u00e9shydratation de la peau<\/span><\/p>\n<p><span style=\"font-weight: 400\">Miel: <\/span><span style=\"font-weight: 400\">antioxydant, protecteur, cicatrisant, apaisant.<\/span><\/p>\n<p><span style=\"font-weight: 400\">Extrait de Papaye: Exfoliante et r\u00e9g\u00e9n\u00e9rante car tr\u00e8s riche en vitamines, acides amin\u00e9s et anti-oxydants, la papaye affine l&rsquo;\u00e9piderme, lisse le grain de peau et r\u00e9veille le teint. Elle \u00e9vite l&rsquo;obstruction des pores responsable de la formation des boutons. La peau est purifi\u00e9e de fa\u00e7on biologique et en douceur. Elle retrouve \u00e9clat et douceur.<\/span><\/p>\n<p><span style=\"font-weight: 400\">Hyaluronate de Sodium: protection naturelle \u00e0 la surface de l\u2019\u00e9piderme contre les agressions ext\u00e9rieures comme la pollution,les rayons UV, le stress oxydatif caus\u00e9 par les radicaux libres.<\/span><\/p>\n<p><span style=\"font-weight: 400\">Vitamine E: Renforce la barri\u00e8re cutan\u00e9e de la peau, effet hydratant, protection contre les d\u00e9g\u00e2ts des radicaux libres, agit sur l\u2019hyperpigmentation et prot\u00e8ge des expositions au soleil.<\/span><\/p>\n<p><span style=\"font-weight: 400\">Extrait de Fraise: Riche en polyph\u00e9nols, qui prot\u00e8ge la peau contre les facteurs de stress environnementaux. Il contient de la vitamine C, qui aide \u00e0 garder un teint \u00e9clatant.<\/span><\/p>\n<p><span style=\"font-weight: 400\">Propyl\u00e8ne Glycol: Am\u00e9liore l&rsquo;apparence de la peau s\u00e8che et \/ ou ab\u00eem\u00e9e en r\u00e9duisant la desquamation et en lui redonnant sa souplesse.<\/span><\/p>","protected":false},"excerpt":{"rendered":"<p><span style=\"font-weight: 400\">Un corps nettoy\u00e9 de toutes impuret\u00e9s quoi de mieux que notre\u00a0<\/span><span style=\"font-weight: 400\">Gel douche \u00e0 la Papaye qui viendra \u00e9liminer l\u2019huile et nettoyer la peau en profondeur; traiter l\u2019hyperpigmentation tout en vous laissant une peau fra\u00eeche, lisse, nutritive, hydratante et \u00e9claircit.<\/span><\/p>","protected":false},"featured_media":690,"comment_status":"open","ping_status":"closed","template":"","meta":[],"product_brand":[],"product_cat":[164,60],"product_tag":[189,190,187,188],"class_list":{"0":"post-689","1":"product","2":"type-product","3":"status-publish","4":"has-post-thumbnail","6":"product_cat-gel-douche","7":"product_cat-produits-de-beaute-pour-adultes","8":"product_tag-gel-douche-hydratation-intense","9":"product_tag-gel-douche-naturel","10":"product_tag-gel-douche-nourrissant","11":"product_tag-gel-douche-peau-eclatante","13":"first","14":"instock","15":"shipping-taxable","16":"purchasable","17":"product-type-simple"},"jetpack_sharing_enabled":true,"_links":{"self":[{"href":"https:\/\/testing.almagloriousbeauty.com\/en_ca\/wp-json\/wp\/v2\/product\/689","targetHints":{"allow":["GET"]}}],"collection":[{"href":"https:\/\/testing.almagloriousbeauty.com\/en_ca\/wp-json\/wp\/v2\/product"}],"about":[{"href":"https:\/\/testing.almagloriousbeauty.com\/en_ca\/wp-json\/wp\/v2\/types\/product"}],"replies":[{"embeddable":true,"href":"https:\/\/testing.almagloriousbeauty.com\/en_ca\/wp-json\/wp\/v2\/comments?post=689"}],"wp:featuredmedia":[{"embeddable":true,"href":"https:\/\/testing.almagloriousbeauty.com\/en_ca\/wp-json\/wp\/v2\/media\/690"}],"wp:attachment":[{"href":"https:\/\/testing.almagloriousbeauty.com\/en_ca\/wp-json\/wp\/v2\/media?parent=689"}],"wp:term":[{"taxonomy":"product_brand","embeddable":true,"href":"https:\/\/testing.almagloriousbeauty.com\/en_ca\/wp-json\/wp\/v2\/product_brand?post=689"},{"taxonomy":"product_cat","embeddable":true,"href":"https:\/\/testing.almagloriousbeauty.com\/en_ca\/wp-json\/wp\/v2\/product_cat?post=689"},{"taxonomy":"product_tag","embeddable":true,"href":"https:\/\/testing.almagloriousbeauty.com\/en_ca\/wp-json\/wp\/v2\/product_tag?post=689"}],"curies":[{"name":"wp","href":"https:\/\/api.w.org\/{rel}","templated":true}]}}