{"id":691,"date":"2024-11-09T02:24:01","date_gmt":"2024-11-09T02:24:01","guid":{"rendered":"https:\/\/testing.almagloriousbeauty.com\/home\/?post_type=product&#038;p=691"},"modified":"2025-06-10T03:23:41","modified_gmt":"2025-06-10T03:23:41","slug":"glorieuse-eden","status":"publish","type":"product","link":"https:\/\/testing.almagloriousbeauty.com\/en_ca\/glorieuse-eden\/","title":{"rendered":"GLORIEUSE EDEN"},"content":{"rendered":"<p><span style=\"color: #800080;\"><b>UTILISATION<\/b><\/span><\/p>\n<p><span style=\"font-weight: 400;\">Utilisez un sachet de th\u00e9 par tasse le matin, et un sachet de th\u00e9 par tasse le soir; pendant la journ\u00e9e, buvez beaucoup d\u2019eau.<\/span><\/p>\n<p><span style=\"font-weight: 400;\">Placez un sachet de Glorieuse EDEN dans une tasse et y ajouter 250 ml d\u2019eau; laissez infuser 4 \u00e0 5 minutes ou un peu moins et savourez en pensant au corps que vous d\u00e9sirez.<\/span><\/p>\n<p><span style=\"font-weight: 400;\">Un sachet peut \u00eatre utilis\u00e9 deux fois.<\/span><\/p>\n<p>&nbsp;<\/p>\n<p><span style=\"color: #800080;\"><b>INGR\u00c9DIENTS ET EFFETS<\/b><\/span><\/p>\n<p><span style=\"font-weight: 400;\">Feuille de s\u00e9n\u00e9: Stimule le transit intestinal et r\u00e9duit la r\u00e9tention d\u2019eau<\/span><\/p>\n<p><span style=\"font-weight: 400;\">Th\u00e9 vert: augmente les d\u00e9penses \u00e9nerg\u00e9tiques donc perte de calories et de poids.<\/span><\/p>\n<p><span style=\"font-weight: 400;\">Graine de cassia: favorise la perte de poids, aide la digestion et acc\u00e9l\u00e8re le transit intestinal, lutte contre le ballonnement, poss\u00e8de un effet laxatif naturel<\/span><\/p>\n<p><span style=\"font-weight: 400;\">Feuille de lotus: am\u00e9liore la digestion et est un excellent agent minceur de perte du poids; favorise la combustion des graisses au niveau abdominal et aide \u00e0 baisser le cholest\u00e9rol. Elle permet aussi d\u2019am\u00e9liorer l\u2019\u00e9limination de l\u2019eau et \u00e0 lutter contre la r\u00e9tention d\u2019eau. Facilite la digestion, stimule les fonctions \u00e9liminatrices, aide \u00e0 baisser le taux de lipides (mati\u00e8res grasses) dans le sang et favorise le tonus.<\/span><\/p>\n<p><span style=\"font-weight: 400;\">Gynostemma Five leaf: <\/span><span style=\"font-weight: 400;\">R\u00e9duit le pourcentage de masse grasse particuli\u00e8rement au niveau de l\u2019abdomen. Ainsi, il participe de mani\u00e8re exceptionnelle \u00e0 atteindre et \u00e0 contr\u00f4ler un poids id\u00e9al. Augmente la combustion des graisses et r\u00e9\u00e9quilibre la flore intestinale.<\/span><\/p>\n<p><span style=\"font-weight: 400;\">Fleur de ch\u00e8vrefeuille: Constitue une aide pr\u00e9cieuse pour surmonter les blocages \u00e9motionnels li\u00e9s \u00e0 la perte de poids, en apportant un sentiment de bien-\u00eatre et de confiance en soi.<\/span><\/p>\n<p><span style=\"font-weight: 400;\">Fruits d&rsquo;aub\u00e9pine: <\/span><span style=\"font-weight: 400;\">cette plante est un v\u00e9ritable alli\u00e9 minceur, car elle agit sur les graisses contenues dans notre organisme.<\/span><\/p>\n<p><span style=\"font-weight: 400;\">Miel (ar\u00f4me): <\/span><span style=\"font-weight: 400;\">antioxydant, protecteur, cicatrisant, apaisant.<\/span><\/p>","protected":false},"excerpt":{"rendered":"<p><span style=\"font-weight: 400;\">On le sait tous, un m\u00e9tabolisme lent est la principale cause de prise de poids via l\u2019accumulation de graisses et d\u2019acides gras satur\u00e9s. Essayez notre GLORIEUSE EDEN, th\u00e9 d\u00e9tox 28 jours; c\u2019est l\u2019adopter; il viendra vous accompagner dans votre perte de poids en augmentant votre m\u00e9tabolisme tout en br\u00fblant les graisses au lieu de les stocker. Vous serez surpris des r\u00e9sultats que vous obtiendrez en consommant deux sachets de th\u00e9 par jour et ce en suivant notre plan alimentaire qui vous est offert gratuitement.<\/span><\/p>\n<p><span style=\"font-weight: 400;\">Glorieuse Eden pour une perte g\u00e9n\u00e9rale du corps ; tellement bon dans la bouche, doux mais puissamment efficace; Glorieuse Eden viendra vous nettoyer de l\u2019int\u00e9rieur pour un r\u00e9sultat visible \u00e0 l\u2019ext\u00e9rieur en plus de vous aider \u00e0 retrouver un style de vie sain, elle va nettoyer votre c\u00f4lon, va vous nettoyer contre les parasites, contre le candida, en plus de cela va agir comme un purificateur de sang et d\u00e9toxifiant du corps entier. Et c\u2019est glorieux au go\u00fbt hummmm<\/span><\/p>\n<p><span style=\"font-weight: 400; color: #800080;\">Note: autant pour les femmes que pour les hommes.<\/span><\/p>","protected":false},"featured_media":693,"comment_status":"open","ping_status":"closed","template":"","meta":[],"product_brand":[],"product_cat":[60,68],"product_tag":[],"class_list":{"0":"post-691","1":"product","2":"type-product","3":"status-publish","4":"has-post-thumbnail","6":"product_cat-produits-de-beaute-pour-adultes","7":"product_cat-produits-amincissants","9":"first","10":"instock","11":"downloadable","12":"shipping-taxable","13":"purchasable","14":"product-type-simple"},"jetpack_sharing_enabled":true,"_links":{"self":[{"href":"https:\/\/testing.almagloriousbeauty.com\/en_ca\/wp-json\/wp\/v2\/product\/691","targetHints":{"allow":["GET"]}}],"collection":[{"href":"https:\/\/testing.almagloriousbeauty.com\/en_ca\/wp-json\/wp\/v2\/product"}],"about":[{"href":"https:\/\/testing.almagloriousbeauty.com\/en_ca\/wp-json\/wp\/v2\/types\/product"}],"replies":[{"embeddable":true,"href":"https:\/\/testing.almagloriousbeauty.com\/en_ca\/wp-json\/wp\/v2\/comments?post=691"}],"wp:featuredmedia":[{"embeddable":true,"href":"https:\/\/testing.almagloriousbeauty.com\/en_ca\/wp-json\/wp\/v2\/media\/693"}],"wp:attachment":[{"href":"https:\/\/testing.almagloriousbeauty.com\/en_ca\/wp-json\/wp\/v2\/media?parent=691"}],"wp:term":[{"taxonomy":"product_brand","embeddable":true,"href":"https:\/\/testing.almagloriousbeauty.com\/en_ca\/wp-json\/wp\/v2\/product_brand?post=691"},{"taxonomy":"product_cat","embeddable":true,"href":"https:\/\/testing.almagloriousbeauty.com\/en_ca\/wp-json\/wp\/v2\/product_cat?post=691"},{"taxonomy":"product_tag","embeddable":true,"href":"https:\/\/testing.almagloriousbeauty.com\/en_ca\/wp-json\/wp\/v2\/product_tag?post=691"}],"curies":[{"name":"wp","href":"https:\/\/api.w.org\/{rel}","templated":true}]}}