{"id":697,"date":"2024-11-09T02:31:54","date_gmt":"2024-11-09T02:31:54","guid":{"rendered":"https:\/\/testing.almagloriousbeauty.com\/home\/?post_type=product&#038;p=697"},"modified":"2025-06-07T16:17:18","modified_gmt":"2025-06-07T16:17:18","slug":"glorieuse-delivrance","status":"publish","type":"product","link":"https:\/\/testing.almagloriousbeauty.com\/en_ca\/glorieuse-delivrance\/","title":{"rendered":"GLORIEUSE D\u00c9LIVRANCE"},"content":{"rendered":"<p><span style=\"color: #800080;\"><b>UTILISATION<\/b><\/span><\/p>\n<p><span style=\"font-weight: 400;\">Utilisez un sachet de th\u00e9 par tasse par jour, pendant la journ\u00e9e, buvez beaucoup d\u2019eau.<\/span><\/p>\n<p><span style=\"font-weight: 400;\">Placez un sachet de Glorieuse d\u00e9livrance dans une tasse et y ajouter 250 ml d\u2019eau; laissez infuser 10 \u00e0 20 minutes ou un peu moins et savourez en pensant \u00e0 votre glorieux ventre plat.<\/span><\/p>\n<p>&nbsp;<\/p>\n<p><span style=\"color: #800080;\"><b>INGR\u00c9DIENTS ET EFFETS<\/b><\/span><\/p>\n<p><span style=\"font-weight: 400;\">Moringa : Diminue la sensation de faim riche en nutriments importants tels que importants (vitamines A, B, C, prot\u00e9ines) pour notre glorieux corps qu\u2019il vient combler les manques que notre organisme pourrait ressentir. R\u00e9duit la r\u00e9tention d\u2019eau et att\u00e9nue la sensation de ballonnement. Riche en fibre, il aide \u00e0 r\u00e9duire l\u2019absorption des graisses en les br\u00fblant au lieu de les stocker. Il contient en grande quantit\u00e9 de la vitamine B2 dont le r\u00f4le principal est de br\u00fbler les mati\u00e8res grasses pour les transformer en \u00e9nergie. Les nutriments du Moringa activent le catabolisme lipidique, glucidique et prot\u00e9ique de l\u2019organisme, acc\u00e9l\u00e9rant ainsi l\u2019\u00e9limination des graisses et des d\u00e9chets non d\u00e9sir\u00e9s. Il apporte au corps tout ce dont il a besoin pour une croissance musculaire saine. Les acides amin\u00e9s aident le corps \u00e0 r\u00e9g\u00e9n\u00e9rer les cellules ab\u00eem\u00e9es par l\u2019effort et \u00e0 acc\u00e9l\u00e9rer le processus de r\u00e9cup\u00e9ration.<\/span><\/p>\n<p><span style=\"font-weight: 400;\">Feuille de lotus: am\u00e9liore la digestion et est un excellent agent minceur de perte du poids; favorise la combustion des graisses au niveau abdominal et aide \u00e0 baisser le cholest\u00e9rol. Elle permet aussi d\u2019am\u00e9liorer l\u2019\u00e9limination de l\u2019eau et \u00e0 lutter contre la r\u00e9tention d\u2019eau. Facilite la digestion, stimule les fonctions \u00e9liminatrices, aide \u00e0 baisser le taux de lipides (mati\u00e8res grasses) dans le sang et favorise le tonus.<\/span><\/p>\n<p><span style=\"font-weight: 400;\">Graine de cassia: favorise la perte de poids, aide la digestion et acc\u00e9l\u00e8re le transit intestinal, lutte contre le ballonnement, poss\u00e8de un effet laxatif naturel<\/span><\/p>\n<p><span style=\"font-weight: 400;\">Th\u00e9 Oolong: poss\u00e8de d\u2019excellentes propri\u00e9t\u00e9s amincissantes; contribue \u00e0 la perte de poids en stimulant le m\u00e9tabolisme et en favorisant la combustion des graisses.<\/span><\/p>","protected":false},"excerpt":{"rendered":"<p><span style=\"font-weight: 400;\">On le sait tous, un m\u00e9tabolisme lent est la principale cause de prise de poids via l\u2019accumulation de graisses et d\u2019acides gras satur\u00e9s. Essayez notre GLORIEUSE D\u00c9LIVRANCE, th\u00e9 d\u00e9tox ventre plat 28 jours; c\u2019est l\u2019adopter; il viendra vous accompagner dans votre perte de poids en augmentant votre m\u00e9tabolisme tout en br\u00fblant les graisses au lieu de les stocker.\u00a0<\/span><\/p>\n<p><span style=\"font-weight: 400; color: #800080;\">Note: autant pour les femmes que pour les hommes.<\/span><\/p>","protected":false},"featured_media":698,"comment_status":"open","ping_status":"closed","template":"","meta":[],"product_brand":[],"product_cat":[60,68],"product_tag":[],"class_list":{"0":"post-697","1":"product","2":"type-product","3":"status-publish","4":"has-post-thumbnail","6":"product_cat-produits-de-beaute-pour-adultes","7":"product_cat-produits-amincissants","9":"first","10":"instock","11":"downloadable","12":"shipping-taxable","13":"purchasable","14":"product-type-simple"},"jetpack_sharing_enabled":true,"_links":{"self":[{"href":"https:\/\/testing.almagloriousbeauty.com\/en_ca\/wp-json\/wp\/v2\/product\/697","targetHints":{"allow":["GET"]}}],"collection":[{"href":"https:\/\/testing.almagloriousbeauty.com\/en_ca\/wp-json\/wp\/v2\/product"}],"about":[{"href":"https:\/\/testing.almagloriousbeauty.com\/en_ca\/wp-json\/wp\/v2\/types\/product"}],"replies":[{"embeddable":true,"href":"https:\/\/testing.almagloriousbeauty.com\/en_ca\/wp-json\/wp\/v2\/comments?post=697"}],"wp:featuredmedia":[{"embeddable":true,"href":"https:\/\/testing.almagloriousbeauty.com\/en_ca\/wp-json\/wp\/v2\/media\/698"}],"wp:attachment":[{"href":"https:\/\/testing.almagloriousbeauty.com\/en_ca\/wp-json\/wp\/v2\/media?parent=697"}],"wp:term":[{"taxonomy":"product_brand","embeddable":true,"href":"https:\/\/testing.almagloriousbeauty.com\/en_ca\/wp-json\/wp\/v2\/product_brand?post=697"},{"taxonomy":"product_cat","embeddable":true,"href":"https:\/\/testing.almagloriousbeauty.com\/en_ca\/wp-json\/wp\/v2\/product_cat?post=697"},{"taxonomy":"product_tag","embeddable":true,"href":"https:\/\/testing.almagloriousbeauty.com\/en_ca\/wp-json\/wp\/v2\/product_tag?post=697"}],"curies":[{"name":"wp","href":"https:\/\/api.w.org\/{rel}","templated":true}]}}