{"id":700,"date":"2024-11-09T02:50:23","date_gmt":"2024-11-09T02:50:23","guid":{"rendered":"https:\/\/testing.almagloriousbeauty.com\/home\/?post_type=product&#038;p=700"},"modified":"2025-06-21T02:26:50","modified_gmt":"2025-06-21T02:26:50","slug":"jaydens-hair-2-in-1-shampoo-body-wash","status":"publish","type":"product","link":"https:\/\/testing.almagloriousbeauty.com\/en_ca\/jaydens-hair-2-in-1-shampoo-body-wash\/","title":{"rendered":"JAYDEN\u2019S HAIR  2 IN 1 SHAMPOO &#038; BODY WASH"},"content":{"rendered":"<p><b>UTILISATION<\/b><\/p>\n<p>&nbsp;<\/p>\n<p><span style=\"font-weight: 400;\">Sur cheveux mouill\u00e9s, prendre une quantit\u00e9 suffisante du produit, laver en massant avec des mouvements circulaires et rincez abondamment.<\/span><\/p>\n<p>&nbsp;<\/p>\n<p><b>INGREDIENTS<\/b><\/p>\n<p>&nbsp;<\/p>\n<p><span style=\"font-weight: 400;\">Eau, Glyc\u00e9rine, Vitamine E, Huile d\u2019Argan, Huile de Castor, Cocamidopropyl b\u00e9taine, PEG-120 Methyl Glucose Dioleate, Polysorbate 20(0,5%) Citric Acid, Polyquaternium-7, Huile de biotine, PEG-200 HYDROGENATED GLYCERYL PALMATE, EDTA de t\u00e9trasodium, PEG-7 GLYC\u00c9RYLE COCOATE.<\/span><\/p>","protected":false},"excerpt":{"rendered":"<p><span style=\"font-weight: 400;\">Ce shampoing et nettoyant pour le corps extr\u00eamement doux est un deux en un efficace. Sans paraben, sans ph\u00e9noxy\u00e9thanol et sans colorants, exempt de <\/span><span style=\"font-weight: 400;\">\u00a0SLS, de SLES,<\/span><span style=\"font-weight: 400;\"> il contient des ingr\u00e9dients naturels et est enrichi en prot\u00e9ines d&rsquo;amande douce, d&rsquo;extraits de fleurs de souci et de camomille qui permettent d&rsquo;\u00e9liminer les impuret\u00e9s sans alt\u00e9rer la structure d\u00e9licate des cheveux et de la peau de l\u2019enfant. Il permet de nettoyer en douceur la peau et les cheveux d\u00e9licats de votre enfant; l&rsquo;huile de s\u00e9same pr\u00e9serve l&rsquo;\u00e9quilibre hydrique naturel de la peau. Laisse la peau souple et douce, les cheveux nourris<\/span><\/p>","protected":false},"featured_media":701,"comment_status":"open","ping_status":"closed","template":"","meta":[],"product_brand":[],"product_cat":[59,70],"product_tag":[],"class_list":{"0":"post-700","1":"product","2":"type-product","3":"status-publish","4":"has-post-thumbnail","6":"product_cat-soins-pour-bebes","7":"product_cat-soins-capillaires-fabriques-au-canada","9":"first","10":"instock","11":"shipping-taxable","12":"purchasable","13":"product-type-simple"},"jetpack_sharing_enabled":true,"_links":{"self":[{"href":"https:\/\/testing.almagloriousbeauty.com\/en_ca\/wp-json\/wp\/v2\/product\/700","targetHints":{"allow":["GET"]}}],"collection":[{"href":"https:\/\/testing.almagloriousbeauty.com\/en_ca\/wp-json\/wp\/v2\/product"}],"about":[{"href":"https:\/\/testing.almagloriousbeauty.com\/en_ca\/wp-json\/wp\/v2\/types\/product"}],"replies":[{"embeddable":true,"href":"https:\/\/testing.almagloriousbeauty.com\/en_ca\/wp-json\/wp\/v2\/comments?post=700"}],"wp:featuredmedia":[{"embeddable":true,"href":"https:\/\/testing.almagloriousbeauty.com\/en_ca\/wp-json\/wp\/v2\/media\/701"}],"wp:attachment":[{"href":"https:\/\/testing.almagloriousbeauty.com\/en_ca\/wp-json\/wp\/v2\/media?parent=700"}],"wp:term":[{"taxonomy":"product_brand","embeddable":true,"href":"https:\/\/testing.almagloriousbeauty.com\/en_ca\/wp-json\/wp\/v2\/product_brand?post=700"},{"taxonomy":"product_cat","embeddable":true,"href":"https:\/\/testing.almagloriousbeauty.com\/en_ca\/wp-json\/wp\/v2\/product_cat?post=700"},{"taxonomy":"product_tag","embeddable":true,"href":"https:\/\/testing.almagloriousbeauty.com\/en_ca\/wp-json\/wp\/v2\/product_tag?post=700"}],"curies":[{"name":"wp","href":"https:\/\/api.w.org\/{rel}","templated":true}]}}