{"id":702,"date":"2024-11-09T02:43:54","date_gmt":"2024-11-09T02:43:54","guid":{"rendered":"https:\/\/testing.almagloriousbeauty.com\/home\/?post_type=product&#038;p=702"},"modified":"2025-06-10T03:23:49","modified_gmt":"2025-06-10T03:23:49","slug":"jaydens-hair-conditionner","status":"publish","type":"product","link":"https:\/\/testing.almagloriousbeauty.com\/en_ca\/jaydens-hair-conditionner\/","title":{"rendered":"JAYDEN\u2019S HAIR CONDITIONNER"},"content":{"rendered":"<p><b>UTILISATION<\/b><\/p>\n<p><span style=\"font-weight: 400;\">Apr\u00e8s le shampooing, appliquer sur cheveux essor\u00e9s. Laisser agir 5 \u00e0 15 minutes, et rincer abondamment. Utiliser quotidiennement ou hebdomadairement.<\/span><\/p>\n<p><span style=\"font-weight: 400;\">Attention: \u00e9viter tout contact avec les yeux. Uniquement pour usage externe.<\/span><\/p>\n<p><b>INGREDIENTS<\/b><\/p>\n<p><span style=\"font-weight: 400;\">Eau, huile de noix de coco, Esters de Jojoba, biotine, huile de Costus, acide citrique, Parfum, huile d&rsquo;arbre \u00e0 th\u00e9, vitamine E<\/span><\/p>","protected":false},"excerpt":{"rendered":"<p><span style=\"font-weight: 400;\">Le revitalisant est riche en huile de biotine, en vitamines E,B5, en lait de coco, en huile d&rsquo;olive et de graines qui sont parfaits m\u00eame pour les cheveux les plus secs. Cette formule riche, cr\u00e9meuse et r\u00e9paratrice dit au revoir sec et bonjour brillance. Toujours sans produits chimiques d\u00e9sagr\u00e9ables, toxines, parfums ajout\u00e9s, parab\u00e8nes, colorants, alcool, phtalates, bronopol, methylisothiazolinone.<\/span><\/p>\n<p><span style=\"font-weight: 400;\">Le petit monstre de maman sans SULFATE: les revitalisants d\u00e9m\u00ealant pour enfants vont au-del\u00e0 du \u00absans sulfate\u00bb et sont \u00e0 base de plantes pour des cheveux plus sains de la racine \u00e0 la pointe avec une alimentation sup\u00e9rieure, lisse, humidit\u00e9 et d\u00e9m\u00ealent super pour les filles boucl\u00e9es<\/span><\/p>","protected":false},"featured_media":703,"comment_status":"open","ping_status":"closed","template":"","meta":[],"product_brand":[],"product_cat":[59,70],"product_tag":[],"class_list":{"0":"post-702","1":"product","2":"type-product","3":"status-publish","4":"has-post-thumbnail","6":"product_cat-soins-pour-bebes","7":"product_cat-soins-capillaires-fabriques-au-canada","9":"first","10":"instock","11":"shipping-taxable","12":"purchasable","13":"product-type-simple"},"jetpack_sharing_enabled":true,"_links":{"self":[{"href":"https:\/\/testing.almagloriousbeauty.com\/en_ca\/wp-json\/wp\/v2\/product\/702","targetHints":{"allow":["GET"]}}],"collection":[{"href":"https:\/\/testing.almagloriousbeauty.com\/en_ca\/wp-json\/wp\/v2\/product"}],"about":[{"href":"https:\/\/testing.almagloriousbeauty.com\/en_ca\/wp-json\/wp\/v2\/types\/product"}],"replies":[{"embeddable":true,"href":"https:\/\/testing.almagloriousbeauty.com\/en_ca\/wp-json\/wp\/v2\/comments?post=702"}],"wp:featuredmedia":[{"embeddable":true,"href":"https:\/\/testing.almagloriousbeauty.com\/en_ca\/wp-json\/wp\/v2\/media\/703"}],"wp:attachment":[{"href":"https:\/\/testing.almagloriousbeauty.com\/en_ca\/wp-json\/wp\/v2\/media?parent=702"}],"wp:term":[{"taxonomy":"product_brand","embeddable":true,"href":"https:\/\/testing.almagloriousbeauty.com\/en_ca\/wp-json\/wp\/v2\/product_brand?post=702"},{"taxonomy":"product_cat","embeddable":true,"href":"https:\/\/testing.almagloriousbeauty.com\/en_ca\/wp-json\/wp\/v2\/product_cat?post=702"},{"taxonomy":"product_tag","embeddable":true,"href":"https:\/\/testing.almagloriousbeauty.com\/en_ca\/wp-json\/wp\/v2\/product_tag?post=702"}],"curies":[{"name":"wp","href":"https:\/\/api.w.org\/{rel}","templated":true}]}}